{"id":212581,"date":"2023-01-26T16:11:43","date_gmt":"2023-01-26T15:11:43","guid":{"rendered":"https:\/\/glownaturalliving.com\/?page_id=212581"},"modified":"2025-05-06T13:35:53","modified_gmt":"2025-05-06T12:35:53","slug":"ueber-uns","status":"publish","type":"page","link":"https:\/\/glownaturalliving.com\/de\/ueber-uns\/","title":{"rendered":"\u00dcber uns"},"content":{"rendered":"\n<p><strong>Glow the Store ist ein Webshop f\u00fcr Frauen, die sich bewusst f\u00fcr einen stilvollen, nachhaltigen und Low-Tox-Lebensstil entscheiden.<\/strong><\/p>\n\n<p>F\u00fcr Frauen, die ein stilvolles Leben ohne giftige Substanzen, unn\u00f6tiges Ger\u00fcmpel oder Sch\u00e4den f\u00fcr den Planeten w\u00fcnschen. Ich glaube, dass ein <em>Low-Tox-Lebensstil<\/em> nicht langweilig oder klinisch sein muss, im Gegenteil. Bei Glow finden Sie Produkte, die gut f\u00fcr Sie, Ihr Zuhause und die Erde sind und die sch\u00f6n aussehen. Alles, was Sie sehen, wurde sorgf\u00e4ltig nach Komposition, Aussehen und Wirkung ausgew\u00e4hlt.   <\/p>\n\n<p><strong>Was Sie bei uns finden:<\/strong><\/p>\n\n<ul class=\"wp-block-list\">\n<li>Pflege ohne bedenkliche Inhaltsstoffe<\/li>\n\n\n\n<li>Einrichtungsgegenst\u00e4nde, die Ruhe bringen und ein Statement setzen<\/li>\n\n\n\n<li>Nachhaltige Essentials, die Sie jeden Tag gerne verwenden werden<\/li>\n\n\n\n<li>Bewusste Marken mit echten Geschichten<\/li>\n<\/ul>\n\n<p>Alle Produkte werden sorgf\u00e4ltig nach <strong>Zusammensetzung, Aussehen und Wirkung<\/strong> ausgew\u00e4hlt. Wir w\u00e4hlen nur das aus, was wir mit Stolz in unser Zuhause bringen und oft schon nutzen. <\/p>\n\n<p><strong>Warum wir das tun<\/strong><\/p>\n\n<p>Glow the Store wurde aus dem Bed\u00fcrfnis nach einem Ort geboren, an dem alles stimmt: das Aussehen, die Haptik und die Werte hinter einem Produkt. Als Frau, Mutter und Minimalistin war ich (Gr\u00fcnderin) frustriert von Wahlstress, Greenwashing und Verpackungen, die nicht in ein sch\u00f6nes, ruhiges Haus passen. Ich fing an, herauszufinden, zu testen und auszuw\u00e4hlen, was richtig ist. Sorgf\u00e4ltig, bewusst, mit einem Auge f\u00fcr Details und Design. Diese Auswahl teile ich nun mit Ihnen, damit Sie stressfrei w\u00e4hlen k\u00f6nnen, was zu Ihrem Leben passt.    <\/p>\n\n<p><strong>Mehr als ein Webshop<\/strong><\/p>\n\n<p>Glow ist auch ein Ort der Inspiration und Verbindung. Wir teilen Geschichten, Tipps und Erkenntnisse f\u00fcr ein Leben mit weniger Reizen, weniger Giftstoffen und mehr Ruhe und Ausgeglichenheit. <\/p>\n\n<p><strong>Bei Glow geht es nicht um &#8222;mehr&#8220;, sondern um besser.<\/strong><br\/>\u00dcber weniger M\u00fcll, mehr Frieden. \u00dcber Dinge, die du <em>wirklich<\/em> nutzt und die dazu beitragen, wer du sein willst. <\/p>\n\n<p>&#x1f33f;\u00a0<strong>Welkom bij Glow<\/strong><br\/>Voor vrouwen die kiezen voor stijl, zachtheid en inhoud.<\/p>\n\n<p>Liefs,<\/p>\n\n<figure class=\"wp-block-image size-full is-resized\"><img decoding=\"async\" src=\"https:\/\/glownaturalliving.com\/wp-content\/uploads\/2023\/05\/Myrte-donkerbruin.png\" alt=\"\" class=\"wp-image-215562\" width=\"75\" srcset=\"https:\/\/glownaturalliving.com\/wp-content\/uploads\/2023\/05\/Myrte-donkerbruin.png 500w, https:\/\/glownaturalliving.com\/wp-content\/uploads\/2023\/05\/Myrte-donkerbruin-247x247.png 247w, https:\/\/glownaturalliving.com\/wp-content\/uploads\/2023\/05\/Myrte-donkerbruin-100x100.png 100w\" sizes=\"(max-width: 500px) 100vw, 500px\" \/><\/figure>\n<figure class=\"wp-block-image size-full is-resized\"><img loading=\"lazy\" decoding=\"async\" src=\"https:\/\/glownaturalliving.com\/wp-content\/uploads\/2023\/01\/Foto-over-ons-2.png\" alt=\"\" class=\"wp-image-212575\" width=\"202\" height=\"202\" srcset=\"https:\/\/glownaturalliving.com\/wp-content\/uploads\/2023\/01\/Foto-over-ons-2.png 419w, https:\/\/glownaturalliving.com\/wp-content\/uploads\/2023\/01\/Foto-over-ons-2-247x247.png 247w, https:\/\/glownaturalliving.com\/wp-content\/uploads\/2023\/01\/Foto-over-ons-2-100x100.png 100w\" sizes=\"auto, (max-width: 202px) 100vw, 202px\" \/><\/figure>","protected":false},"excerpt":{"rendered":"<p>Glow the Store ist ein Webshop f\u00fcr Frauen, die sich bewusst f\u00fcr einen stilvollen, nachhaltigen und Low-Tox-Lebensstil entscheiden. F\u00fcr Frauen, die ein stilvolles Leben ohne giftige Substanzen, unn\u00f6tiges Ger\u00fcmpel oder Sch\u00e4den f\u00fcr den Planeten w\u00fcnschen. Ich glaube, dass ein Low-Tox-Lebensstil nicht langweilig oder klinisch sein muss, im Gegenteil. Bei Glow finden Sie Produkte, die gut [&#8230;]\n","protected":false},"author":2,"featured_media":0,"parent":0,"menu_order":0,"comment_status":"closed","ping_status":"open","template":"","meta":{"_acf_changed":false,"footnotes":""},"class_list":["post-212581","page","type-page","status-publish","hentry"],"acf":[],"aioseo_notices":[],"_links":{"self":[{"href":"https:\/\/glownaturalliving.com\/de\/wp-json\/wp\/v2\/pages\/212581","targetHints":{"allow":["GET"]}}],"collection":[{"href":"https:\/\/glownaturalliving.com\/de\/wp-json\/wp\/v2\/pages"}],"about":[{"href":"https:\/\/glownaturalliving.com\/de\/wp-json\/wp\/v2\/types\/page"}],"author":[{"embeddable":true,"href":"https:\/\/glownaturalliving.com\/de\/wp-json\/wp\/v2\/users\/2"}],"replies":[{"embeddable":true,"href":"https:\/\/glownaturalliving.com\/de\/wp-json\/wp\/v2\/comments?post=212581"}],"version-history":[{"count":3,"href":"https:\/\/glownaturalliving.com\/de\/wp-json\/wp\/v2\/pages\/212581\/revisions"}],"predecessor-version":[{"id":222710,"href":"https:\/\/glownaturalliving.com\/de\/wp-json\/wp\/v2\/pages\/212581\/revisions\/222710"}],"wp:attachment":[{"href":"https:\/\/glownaturalliving.com\/de\/wp-json\/wp\/v2\/media?parent=212581"}],"curies":[{"name":"wp","href":"https:\/\/api.w.org\/{rel}","templated":true}]}}