{"id":217891,"date":"2023-06-28T13:56:19","date_gmt":"2023-06-28T12:56:19","guid":{"rendered":"https:\/\/glownaturalliving.com\/werden-sie-ein-botschafter-des-gluehens\/"},"modified":"2023-06-28T14:04:24","modified_gmt":"2023-06-28T13:04:24","slug":"werden-sie-botschafter","status":"publish","type":"page","link":"https:\/\/glownaturalliving.com\/de\/werden-sie-botschafter\/","title":{"rendered":"M\u00f6chten Sie Botschafter werden?"},"content":{"rendered":"<h1 class=\"has-text-align-center wp-block-post-title\">M\u00f6chten Sie Botschafter werden?<\/h1>\n<p class=\"has-text-align-center\">M\u00f6chtest du Teil der Glow-Community werden und dir mehr finanzielle Freiheit verschaffen?<\/p>\n\n<div class=\"wp-block-buttons is-layout-flex wp-block-buttons-is-layout-flex\">\n<div class=\"wp-block-button aligncenter\"><a class=\"wp-block-button__link wp-element-button\" href=\"https:\/\/glownaturalliving.com\/de\/kontakt\/\"><mark style=\"background-color:rgba(0, 0, 0, 0)\" class=\"has-inline-color has-white-color\"><strong>Hier anfordern<\/strong><\/mark><\/a><\/div>\n<\/div>\n\n<div style=\"height:52px\" aria-hidden=\"true\" class=\"wp-block-spacer\"><\/div>\n\n<p>Glow ist eine Plattform f\u00fcr Menschen, die sich f\u00fcr einen bewussten, nachhaltigen und toxstoffarmen Lebensstil entscheiden (wollen). Glow ist mehr als nur ein Webshop. Es ist eine <a href=\"https:\/\/www.facebook.com\/groups\/1294080031170259\">\n  <mark style=\"background-color:rgba(0, 0, 0, 0);color:#d1b59a\" class=\"has-inline-color\"><strong>Gemeinschaft<\/strong>\n  <\/mark><\/a>. Ein Ort, um Informationen auszutauschen, sich gegenseitig zu inspirieren und miteinander in Kontakt zu treten.  <\/p>\n\n<p><\/p>\n\n<blockquote class=\"wp-block-quote is-layout-flow wp-block-quote-is-layout-flow\">\n<p><\/p>\n\n\n\n<p class=\"has-text-align-center\"><mark style=\"background-color:rgba(0, 0, 0, 0);color:#424242\" class=\"has-inline-color\"><strong>&#8220; Wir erheben uns, indem wir andere aufrichten &#8222;<\/strong><\/mark><\/p>\n<\/blockquote>\n\n<p>Glow \u2013 der Laden ist also mehr als nur ein Webshop mit Produkten, die Ihre Welt ein wenig sch\u00f6ner machen, ohne dieselbe Welt von hinten zu zerst\u00f6ren. Produkte, die ehrlich und nachhaltig hergestellt werden, 100% vegan freundlich, aber stilvoll mit einer natural vibe und ohne das Gef\u00fchl von Ziegenwollesocken.<\/p>\n\n<p><strong>M\u00f6chtest du dazu beitragen und dir auch mehr (finanzielle) Freir\u00e4ume schaffen?<\/strong>  Dann werden Sie Botschafter von Glow. Wenn du mehr dar\u00fcber erfahren m\u00f6chtest, was das genau bedeutet, kannst du mich gerne <strong><a href=\"https:\/\/glownaturalliving.com\/de\/kontakt\/\" title=\"\"><mark style=\"background-color:rgba(0, 0, 0, 0);color:#d1b59a\" class=\"has-inline-color\">kontaktieren<\/mark><\/a> <\/strong>oder mir eine Nachricht \u00fcber <a href=\"https:\/\/www.instagram.com\/glow_thestore\/\" title=\"\">\n  <strong>\n    <mark style=\"background-color:rgba(0, 0, 0, 0);color:#d1b59a\" class=\"has-inline-color\">Instagram<\/mark><\/strong>\n<\/a> oder <a href=\"https:\/\/www.facebook.com\/glowthestore3\" title=\"\">\n  <strong>\n    <mark style=\"background-color:rgba(0, 0, 0, 0);color:#d1b59a\" class=\"has-inline-color\">Facebook<\/mark><\/strong>\n<\/a> schicken. Ich erz\u00e4hle dir alles dar\u00fcber und wir schauen gemeinsam, ob und wie das f\u00fcr dich passt.<\/p>\n\n<p>Glow ist der Ort, an dem ich gemeinsam mit Ihnen zeigen m\u00f6chte, dass es auch anders geht. Eine Plattform f\u00fcr Menschen, die \u2013 wie ich \u2013 glauben, dass man sich die Welt aussucht, in die man investieren m\u00f6chte.<\/p>\n\n<div class=\"wp-block-buttons is-layout-flex wp-block-buttons-is-layout-flex\">\n<div class=\"wp-block-button aligncenter\"><a class=\"wp-block-button__link wp-element-button\"><strong>Erz\u00e4hl mir mehr<\/strong><\/a><\/div>\n<\/div>\n","protected":false},"excerpt":{"rendered":"<p>M\u00f6chtest du Teil der Glow-Community werden und dir mehr finanzielle Freiheit verschaffen? Glow ist eine Plattform f\u00fcr Menschen, die sich f\u00fcr einen bewussten, nachhaltigen und toxstoffarmen Lebensstil entscheiden (wollen). Glow ist mehr als nur ein Webshop. Es ist eine Gemeinschaft . Ein Ort, um Informationen auszutauschen, sich gegenseitig zu inspirieren und miteinander in Kontakt zu [&#8230;]\n","protected":false},"author":2,"featured_media":0,"parent":0,"menu_order":0,"comment_status":"closed","ping_status":"closed","template":"","meta":{"_acf_changed":false,"footnotes":""},"class_list":["post-217891","page","type-page","status-publish","hentry"],"acf":[],"aioseo_notices":[],"_links":{"self":[{"href":"https:\/\/glownaturalliving.com\/de\/wp-json\/wp\/v2\/pages\/217891","targetHints":{"allow":["GET"]}}],"collection":[{"href":"https:\/\/glownaturalliving.com\/de\/wp-json\/wp\/v2\/pages"}],"about":[{"href":"https:\/\/glownaturalliving.com\/de\/wp-json\/wp\/v2\/types\/page"}],"author":[{"embeddable":true,"href":"https:\/\/glownaturalliving.com\/de\/wp-json\/wp\/v2\/users\/2"}],"replies":[{"embeddable":true,"href":"https:\/\/glownaturalliving.com\/de\/wp-json\/wp\/v2\/comments?post=217891"}],"version-history":[{"count":3,"href":"https:\/\/glownaturalliving.com\/de\/wp-json\/wp\/v2\/pages\/217891\/revisions"}],"predecessor-version":[{"id":217899,"href":"https:\/\/glownaturalliving.com\/de\/wp-json\/wp\/v2\/pages\/217891\/revisions\/217899"}],"wp:attachment":[{"href":"https:\/\/glownaturalliving.com\/de\/wp-json\/wp\/v2\/media?parent=217891"}],"curies":[{"name":"wp","href":"https:\/\/api.w.org\/{rel}","templated":true}]}}