{"id":32222,"date":"2019-03-21T10:52:52","date_gmt":"2019-03-21T09:52:52","guid":{"rendered":"https:\/\/glownaturalliving.com\/wordpress\/rueckkehr\/"},"modified":"2023-07-27T09:59:39","modified_gmt":"2023-07-27T08:59:39","slug":"rueckgabe","status":"publish","type":"page","link":"https:\/\/glownaturalliving.com\/de\/rueckgabe\/","title":{"rendered":"R\u00fcckkehr"},"content":{"rendered":"\n<h2>Kehrt zur\u00fcck<\/h2>\n<p>Nicht gut? Geld zur\u00fcck! Wenn Sie mit Ihrem Kauf nicht zufrieden sind, k\u00f6nnen Sie ihn innerhalb von 14 Tagen zur\u00fcckgeben. Laden Sie <span style=\"color: #d1b59a;\">\n  <strong>\n    <a style=\"color: #d1b59a;\" href=\"https:\/\/glowthestore.myparcel.me\">hier<\/a>\n  <\/strong>\n<\/span> Ihr vorteilhaftes R\u00fccksendeetikett herunter. Geben Sie hier die Sendungsverfolgung und Ihre Postleitzahl ein und Sie erhalten die M\u00f6glichkeit, ein R\u00fccksendeetikett zu erstellen.  <\/p>\n<p>Sie k\u00f6nnen das R\u00fccksendeetikett ausdrucken und auf das Paket kleben (achten Sie darauf, dass das Etikett der ausgehenden Sendung nicht mehr lesbar ist). Dann geben Sie Ihr Paket an einem PostNL-Standort ab. Kein Drucker? Kein Problem! Sie k\u00f6nnen Ihre R\u00fccksendung auch druckfrei zur\u00fccksenden. Sie k\u00f6nnen das Versandetikett dann an einem PostNL-Standort drucken lassen.<\/p>\n<p>Wenn der PostNL-Fahrer mit einem anderen Paket zu Ihnen nach Hause kommt, ist es auch m\u00f6glich, diese R\u00fccksendung mit einem g\u00fcltigen R\u00fccksendeetikett an den PostNL-Fahrer zu \u00fcbergeben. Dazu muss das Etikett ausgedruckt werden.<\/p>\n<p>Der zur\u00fcckzusendende Artikel muss unbenutzt \/ ungetragen, im Originalzustand und mit Etiketten und Verpackung versehen sein. Die R\u00fccksendekosten gehen zu Ihren Lasten.<\/p>\n<p>Nach Erhalt Ihrer R\u00fccksendung wird sie von uns innerhalb von 14 Tagen bearbeitet, danach wird der Kaufbetrag zur\u00fcckerstattet\/beglichen. Wenn Sie Fragen zur R\u00fccksendung eines Artikels haben, <span style=\"color: #d1b59a;\"><strong><a style=\"color: #d1b59a;\" href=\"https:\/\/glownaturalliving.com\/de\/kontakt\/\">kontaktieren Sie uns<\/a><\/strong>\n  \n<\/span> bitte!<\/p>\n<p><strong>Bitte beachten Sie:<\/strong>Wenn Sie Ihre Bestellung au\u00dferhalb der gesetzlichen R\u00fcckgabefrist von 14 Tagen zur\u00fccksenden, wird Ihre R\u00fccksendung nicht bearbeitet und Sie werden die Versandkosten, um Ihre Bestellung zur\u00fcckzubekommen, an uns zur\u00fcck\u00fcberweisen.<\/p>\n<p><b>R\u00fccksendeadresse:<\/b><\/p>\n<p>Glow \u2013 der Laden<\/p>\n<p>tav R\u00fccksendungen<\/p>\n<p>Boven de Wolfskuil 3<\/p>\n<p>NL-6049 LX Roermond<\/p>\n<p>Die Niederlande<\/p>\n\n","protected":false},"excerpt":{"rendered":"","protected":false},"author":2,"featured_media":0,"parent":0,"menu_order":0,"comment_status":"closed","ping_status":"open","template":"","meta":{"_acf_changed":false,"footnotes":""},"class_list":["post-32222","page","type-page","status-publish","hentry"],"acf":[],"aioseo_notices":[],"_links":{"self":[{"href":"https:\/\/glownaturalliving.com\/de\/wp-json\/wp\/v2\/pages\/32222","targetHints":{"allow":["GET"]}}],"collection":[{"href":"https:\/\/glownaturalliving.com\/de\/wp-json\/wp\/v2\/pages"}],"about":[{"href":"https:\/\/glownaturalliving.com\/de\/wp-json\/wp\/v2\/types\/page"}],"author":[{"embeddable":true,"href":"https:\/\/glownaturalliving.com\/de\/wp-json\/wp\/v2\/users\/2"}],"replies":[{"embeddable":true,"href":"https:\/\/glownaturalliving.com\/de\/wp-json\/wp\/v2\/comments?post=32222"}],"version-history":[{"count":12,"href":"https:\/\/glownaturalliving.com\/de\/wp-json\/wp\/v2\/pages\/32222\/revisions"}],"predecessor-version":[{"id":218521,"href":"https:\/\/glownaturalliving.com\/de\/wp-json\/wp\/v2\/pages\/32222\/revisions\/218521"}],"wp:attachment":[{"href":"https:\/\/glownaturalliving.com\/de\/wp-json\/wp\/v2\/media?parent=32222"}],"curies":[{"name":"wp","href":"https:\/\/api.w.org\/{rel}","templated":true}]}}