{"id":39534,"date":"2015-10-04T15:19:08","date_gmt":"2015-10-04T14:19:08","guid":{"rendered":"https:\/\/glownaturalliving.com\/wordpress\/datenschutz\/"},"modified":"2021-05-19T15:29:46","modified_gmt":"2021-05-19T14:29:46","slug":"datenschutz","status":"publish","type":"page","link":"https:\/\/glownaturalliving.com\/de\/datenschutz\/","title":{"rendered":"Datenschutz"},"content":{"rendered":"\n<p><strong>Datenschutzbestimmungen Glow<\/strong><\/p>\n<p>In unseren Datenschutzbestimmungen verwenden wir eine Reihe von Definitionen (diese Definitionen k\u00f6nnen in Singular und Plural verwendet werden):<\/p>\n<p>Cookie: eine kleine Datei, die \u00fcber eine Internetseite auf Ihrem Computer (die IP-Adresse) Ihres Computers abgelegt wird, und zeichnet Informationen \u00fcber Ihren Besuch auf der Glow-Website auf; Vorschriften: diese Datenschutzbestimmungen; Datenschutzrecht: Die Datenschutz-Grundverordnung.<\/p>\n<p>1. Erl\u00e4uterungen zur Gesch\u00e4ftsordnung<\/p>\n<p>Glow darf die Daten, die Sie ihr zur Verf\u00fcgung stellen, nicht ohne Zweifel verarbeiten. Das Datenschutzgesetz soll die Privatsph\u00e4re von Einzelpersonen sch\u00fctzen. Diese Gesetzgebung schr\u00e4nkt die zul\u00e4ssige Nutzung Ihrer personenbezogenen Daten durch andere ein. Nach diesem Gesetz hat Glow eine Verpflichtung gegen\u00fcber seinen Kunden, Lieferanten und Gesch\u00e4ftsbeziehungen:<\/p>\n<p>\u2022 Unterrichtung des Cookie-Lebensstils dar\u00fcber, wie und zu welchem Zweck Daten verarbeitet werden; \u2022 zu melden, wer die Daten einsehen kann; \u2022 um Erlaubnis bitten, bestimmte Daten zu verarbeiten.<\/p>\n<p>Glow k\u00fcmmert sich um Ihre Privatsph\u00e4re. Daher erkl\u00e4rt Glow in diesen Verordnungen, wie es mit Ihren Daten umgeht, was der Zweck ihrer Nutzung ist und welche Daten Glow ausdr\u00fccklich um Ihre Zustimmung bitten muss.<\/p>\n<p>2. Die von Glow verwendeten personenbezogenen Daten und der Zweck ihrer Nutzung<\/p>\n<p>Glow (m\u00f6glicherweise) verarbeitet Ihre personenbezogenen Daten, wenn Sie Glow werden oder sind, eine Bestellung oder Bestellung t\u00e4tigen, die Website besuchen, den Newsletter abonnieren, sich f\u00fcr Glow-Newsletter anmelden oder uns \u00fcber das Kontaktformular kontaktieren. Glow sammelt Ihren Namen, Ihre Adresse, Telefonnummer und E-Mail-Adresse von Kunden. Von Lieferanten und Gesch\u00e4ftsbeziehungen erfasst Glow Name, Telefonnummer und E-Mail-Adresse. Diese Daten erm\u00f6glichen es uns:<\/p>\n<p>\u2022 in der Lage zu sein, die Vereinbarung, die Kunden, Lieferanten und Gesch\u00e4ftsbeziehungen mit Glow eingehen, finanziell und administrativ zu handhaben; \u2022 in der Lage zu sein, unsere Dienstleistungen zu erbringen; \u2022 Kunden, Lieferanten und Gesch\u00e4ftsbeziehungen oder interessierte Parteien gegebenenfalls erreichen zu k\u00f6nnen; \u2022 Weiterentwicklung\/Optimierung unserer Dienstleistungen; \u2022 Bieten Sie Ihnen ma\u00dfgeschneiderte Informationen (Newsletter).<\/p>\n<p>IP-Adressen\/Cookies<\/p>\n<p>Glow verfolgt IP-Adressen von (potenziellen) Kunden, Lieferanten und Gesch\u00e4ftsbeziehungen, die die Website besuchen. Diese Daten erm\u00f6glichen es uns:<\/p>\n<p>\u2022 zu registrieren, welche Internetseite\/Internetseiten Sie besuchen; \u2022 Verbesserung der Funktionalit\u00e4t und des Inhalts der Website; \u2022 verfolgen, welche Themen oder Anwendungen (potenzielle) Kunden, Lieferanten und Gesch\u00e4ftsbeziehungen interessiert sind; \u2022 sicherstellen, dass Sie nicht immer wieder dieselben Informationen erhalten;<\/p>\n<p>\u2022 Verbesserung der Produktpalette.<\/p>\n<p>Erl\u00e4uterungen zum Platzieren von Cookies Wenn Sie unsere Website besuchen, werden Cookies automatisch platziert, damit wir bestimmte Informationen basierend auf Ihrer IP-Adresse nachverfolgen k\u00f6nnen. Dazu geh\u00f6ren Informationen dar\u00fcber, wie oft Sie unsere Website besuchen und welche Themen Sie interessieren. Weitere Informationen finden Sie in unserer Cookie-Richtlinie auf der Website.<\/p>\n<p>3. Die Weitergabe personenbezogener Daten an Dritte<\/p>\n<p>Glow stellt keine personenbezogenen Daten an Personen oder Unternehmen au\u00dferhalb der Glow Organisation zur Verf\u00fcgung, es sei denn:<\/p>\n<p>\u2022 gesetzlich vorgeschrieben; \u2022 notwendig, um eine Vereinbarung auszuf\u00fchren, die Glow mit Ihnen geschlossen hat; \u2022 Sie Ihre Zustimmung erteilt haben.<\/p>\n<p>4. Pflichten\/sicherer Zugang\/Vertraulichkeit\/Aufbewahrungszeitraum<\/p>\n<p>\u2022 Glow verarbeitet Ihre personenbezogenen Daten nur in \u00dcbereinstimmung mit dem Gesetz. Dies bedeutet unter anderem, dass die Daten nur f\u00fcr den Zweck, f\u00fcr den sie erhoben werden, und in angemessener\/sorgf\u00e4ltiger Weise in \u00dcbereinstimmung mit dem Gesetz und diesen Verordnungen verarbeitet werden. \u2022 Ihre personenbezogenen Daten k\u00f6nnen nur von Personen abgerufen werden, die f\u00fcr Glow arbeiten, sofern in dieser Verordnung nichts anderes vorgesehen ist. Alle Ihre personenbezogenen Daten sind durch Glow vor unbefugtem Zugriff gesch\u00fctzt. Die Sicherheit besteht aus: \u2022 ein pers\u00f6nliches Passwort f\u00fcr jede Person, die f\u00fcr Glow arbeitet, um sich in das digitale System einzuloggen. \u2022 die Personen, die f\u00fcr Glow arbeiten, eine Geheimhaltungspflicht in Bezug auf alle personenbezogenen Daten haben, die Glow zur Verf\u00fcgung gestellt werden; \u2022 Glow hat technische Ma\u00dfnahmen ergriffen, um das von ihm verwendete System in \u00dcbereinstimmung mit dem Gesetz vor \u00e4u\u00dferen Verst\u00f6\u00dfen zu sch\u00fctzen; \u2022 Ihre personenbezogenen Daten werden nicht l\u00e4nger aufbewahrt, als f\u00fcr eine ordnungsgem\u00e4\u00dfe Verwaltung und\/oder andere etablierte Zwecke erforderlich ist. Glow hat eine Frist von zwei Jahren nach dem letzten Kauf, der Bestellung, der Rechnung oder der Dienstleistung, nach der die Daten vernichtet werden. Das Gesetz kann eine andere Aufbewahrungsfrist vorschreiben. In diesem Falle h\u00e4lt sich Glow an die vorgeschriebene gesetzliche Aufbewahrungsfrist.<\/p>\n<p>5. Ihre Rechte als betroffene Person<\/p>\n<p>\u2022 Recht auf Information: das Recht zu erfahren, ob und welche personenbezogenen Daten von Ihnen verarbeitet werden und zu welchem Zweck; \u2022 &#8222;Gerichtshof&#8220; das Recht auf Zugang und Kopie dieser Daten, soweit sie die Privatsph\u00e4re einer anderen Person nicht beeintr\u00e4chtigen; \u2022 das Recht, Daten bei Bedarf zu berichtigen, zu erg\u00e4nzen oder zu l\u00f6schen (Recht auf Berichtigung und L\u00f6schung). Das Recht, eine (teilweise) L\u00f6schung Ihrer Daten zu verlangen, kann nur erf\u00fcllt werden, wenn die Vorratsspeicherung der Daten f\u00fcr eine andere Nicht-Wert-Anfrage von erheblicher Bedeutung ist und die Daten nicht gesetzlich gespeichert werden sollten; \u2022 das Recht auf Widerstand: das Recht, sich in bestimmten F\u00e4llen der Verarbeitung Ihrer Daten zu widersetzen; \u2022 das Recht auf Daten\u00fcbertragbarkeit: das Recht, die von Ihnen gespeicherten personenbezogenen Daten zu erhalten, um an eine andere Organisation \u00fcbermittelt zu werden;<\/p>\n<p>\u2022 das Recht auf einen menschlichen Blick in automatisierte Entscheidungen. Im Falle einer automatisierten Entscheidung besteht das Recht, die Entscheidung durch menschliches Eingreifen treffen zu lassen.<\/p>\n<p>Wenn Sie Ihre Rechte nutzen m\u00f6chten, k\u00f6nnen Sie dies per E-Mail an info@cookielifestyle.com. Wenn Ihr Antrag abgelehnt wird, werden Sie erkl\u00e4rt, warum. Ein Grund daf\u00fcr kann sein, dass Ihre Datei Informationen enth\u00e4lt, die f\u00fcr andere von Interesse sind oder von Interesse sein k\u00f6nnen. Sie erhalten innerhalb eines Monats nach Erhalt Ihrer Anfrage eine Benachrichtigung von Glow.<\/p>\n<p>Auch wenn Sie eine Beschwerde \u00fcber die Art und Weise haben, wie Ihre personenbezogenen Daten verarbeitet werden, k\u00f6nnen Sie Glow kontaktieren und versuchen, mit Ihnen herauszukommen.<\/p>\n<p>Haben Sie einen (anderen) Kommentar\/Frage\/Vorschlag? Sie k\u00f6nnen uns auch schriftlich kontaktieren.<\/p>\n<p>Selbstverst\u00e4ndlich wird Glow auch die in diesem Zusammenhang zur Verf\u00fcgung gestellten personenbezogenen Daten vertraulich und sorgf\u00e4ltig behandeln.<\/p>\n<p>Unsere aktuellen Kontaktdaten finden Sie auf der Glow Website.<\/p>\n<p>Datenschutzbestimmungen Glow Version Februar 2020<\/p>\n\n","protected":false},"excerpt":{"rendered":"","protected":false},"author":1,"featured_media":0,"parent":0,"menu_order":0,"comment_status":"closed","ping_status":"open","template":"","meta":{"_acf_changed":false,"footnotes":""},"class_list":["post-39534","page","type-page","status-publish","hentry"],"acf":[],"aioseo_notices":[],"_links":{"self":[{"href":"https:\/\/glownaturalliving.com\/de\/wp-json\/wp\/v2\/pages\/39534","targetHints":{"allow":["GET"]}}],"collection":[{"href":"https:\/\/glownaturalliving.com\/de\/wp-json\/wp\/v2\/pages"}],"about":[{"href":"https:\/\/glownaturalliving.com\/de\/wp-json\/wp\/v2\/types\/page"}],"author":[{"embeddable":true,"href":"https:\/\/glownaturalliving.com\/de\/wp-json\/wp\/v2\/users\/1"}],"replies":[{"embeddable":true,"href":"https:\/\/glownaturalliving.com\/de\/wp-json\/wp\/v2\/comments?post=39534"}],"version-history":[{"count":0,"href":"https:\/\/glownaturalliving.com\/de\/wp-json\/wp\/v2\/pages\/39534\/revisions"}],"wp:attachment":[{"href":"https:\/\/glownaturalliving.com\/de\/wp-json\/wp\/v2\/media?parent=39534"}],"curies":[{"name":"wp","href":"https:\/\/api.w.org\/{rel}","templated":true}]}}