{"id":184701,"date":"2020-10-27T17:33:00","date_gmt":"2020-10-27T16:33:00","guid":{"rendered":"https:\/\/glownaturalliving.com\/wordpress\/winkel\/unkategorisiert\/jurianne-matter-zypressenbaum\/"},"modified":"2023-02-12T10:52:32","modified_gmt":"2023-02-12T09:52:32","slug":"jurianne-matter-cypress-tree","status":"publish","type":"product","link":"https:\/\/glownaturalliving.com\/de\/winkel\/geschenk\/fuer-sie\/jurianne-matter-cypress-tree\/","title":{"rendered":"Cypress Tree"},"content":{"rendered":"<p><strong>Cypress Tree<\/strong><\/p>\n<p>Bauen Sie Ihren eigenen Baum!<\/p>\n<p>In weniger als 5 Minuten bauen Sie diese 25 cm hohe Zypresse aus Papier. Das helle Buchenholz des Stammes enth\u00e4lt L\u00f6cher, die durch die \u00c4ste einf\u00e4deln. Sie m\u00fcssen nichts schneiden: alle Teile sind vorgestanzt, vorgerissen und mit L\u00f6chern. Und nat\u00fcrlich gibt es auch Draht, mit dem man die Teile zusammensetzt.<\/p>\n<p>Die tiefgr\u00fcn-blaue Zypresse mit durchsetzten Halbmonden erinnert an die H\u00fcgel der Toskana. Setzen Sie es als Blickfang auf das sch\u00f6nste Regal in Ihrem Haus oder senden Sie es als Geschenk: Es ist ein flaches A5-Set und passt durch den Briefkasten!<\/p>\n<p>CYPRESS, 4 vorgestanzte A5-Karten, 2 Drahtst\u00fccke und ein Holzst\u00e4nder mit vorgebohrten L\u00f6chern. Inklusive Anweisungskarte. Gr\u00f6\u00dfe des stehenden Baumes: H\u00f6he 25 cm, Durchmesser 9 cm<\/p>\n","protected":false},"excerpt":{"rendered":"<p>&nbsp;<\/p>\n<p>In weniger als 5 Minuten bauen Sie diese 25 cm hohe Zypresse aus Papier. Die tiefgr\u00fcn-blaue Zypresse mit durchsetzten Halbmonden erinnert an die H\u00fcgel der Toskana. Setzen Sie es als Blickfang auf das sch\u00f6nste Regal in Ihrem Haus oder senden Sie es als Geschenk: Es ist ein flaches A5-Set und passt durch den Briefkasten!<\/p>\n","protected":false},"featured_media":168323,"comment_status":"closed","ping_status":"closed","template":"","meta":{"_acf_changed":false},"product_cat":[9998,9987,9384,8559],"product_tag":[],"berocket_brand":[8762],"class_list":["post-184701","product","type-product","status-publish","has-post-thumbnail","hentry","product_cat-fuer-sie","product_cat-geschenk","product_cat-wohnen-de","product_cat-dekoration","berocket_brand-jurianne-matter-de"],"acf":[],"aioseo_notices":[],"_links":{"self":[{"href":"https:\/\/glownaturalliving.com\/de\/wp-json\/wp\/v2\/product\/184701","targetHints":{"allow":["GET"]}}],"collection":[{"href":"https:\/\/glownaturalliving.com\/de\/wp-json\/wp\/v2\/product"}],"about":[{"href":"https:\/\/glownaturalliving.com\/de\/wp-json\/wp\/v2\/types\/product"}],"replies":[{"embeddable":true,"href":"https:\/\/glownaturalliving.com\/de\/wp-json\/wp\/v2\/comments?post=184701"}],"wp:featuredmedia":[{"embeddable":true,"href":"https:\/\/glownaturalliving.com\/de\/wp-json\/wp\/v2\/media\/168323"}],"wp:attachment":[{"href":"https:\/\/glownaturalliving.com\/de\/wp-json\/wp\/v2\/media?parent=184701"}],"wp:term":[{"taxonomy":"product_cat","embeddable":true,"href":"https:\/\/glownaturalliving.com\/de\/wp-json\/wp\/v2\/product_cat?post=184701"},{"taxonomy":"product_tag","embeddable":true,"href":"https:\/\/glownaturalliving.com\/de\/wp-json\/wp\/v2\/product_tag?post=184701"},{"taxonomy":"berocket_brand","embeddable":true,"href":"https:\/\/glownaturalliving.com\/de\/wp-json\/wp\/v2\/berocket_brand?post=184701"}],"curies":[{"name":"wp","href":"https:\/\/api.w.org\/{rel}","templated":true}]}}