{"id":184920,"date":"2021-03-11T14:33:04","date_gmt":"2021-03-11T13:33:04","guid":{"rendered":"https:\/\/glownaturalliving.com\/wordpress\/winkel\/unkategorisiert\/jurianne-matter-field-blumen-klein\/"},"modified":"2023-02-12T11:11:12","modified_gmt":"2023-02-12T10:11:12","slug":"jurianne-matter-field-flowers-small","status":"publish","type":"product","link":"https:\/\/glownaturalliving.com\/de\/winkel\/geschenk\/fuer-sie\/jurianne-matter-field-flowers-small\/","title":{"rendered":"FELDBLUMEN \u2013 klein"},"content":{"rendered":"<p><strong>FELDBLUMEN \u2013 klein<\/strong><\/p>\n<p class=\"desc\">Dieser s\u00fc\u00dfe Strau\u00df Papierblumen von Jurianne Matter ist das perfekte Geschenk. F\u00fcr sich selbst oder f\u00fcr jemand anderen. Machen Sie einen sch\u00f6nen Blumenstrau\u00df oder einen Kranz daraus.<\/p>\n<p>F\u00fcr einen s\u00fc\u00dfen kleinen Blumenstrau\u00df oder einen dezenten Kranz ben\u00f6tigen Sie nur den Inhalt dieses Sets. Es gibt nichts geschnitten, nichts bleibt h\u00e4ngen, alles ist vorgestanzt und gewickelt und die Bl\u00fctenst\u00e4mme \u2013 der Draht \u2013 sind einfach schon da.<\/p>\n<p>Schneiden Sie den Blumendraht auf die gew\u00fcnschte L\u00e4nge, f\u00e4deln Sie ihn durch die vorgestanzten Schlitze und setzen Sie Ihren Blumenstrau\u00df selbst zusammen. Auch lose \u2013 wie eine einzelne Blume in einer Vase \u2013 sind die Blumen ein subtiler Blickfang in Ihrem Wohnzimmer.<\/p>\n<p>FIELD ist ein doppelter nachhaltiger Blumenstrau\u00df: Die Blumen welken nicht und werden mit Bio-Tinte auf FSC-zertifiziertem Papier gedruckt.<\/p>\n<p>FIELD small ist das ideale Briefkastengeschenk, eine ganz besondere &#8222;Gru\u00dfkarte&#8220;, die bei der Ankunft in einen s\u00fc\u00dfen Strau\u00df verwandelt werden kann. Die flache A-5-Gr\u00f6\u00dfe ist einfach in einem Umschlag zu senden.<\/p>\n<p>&nbsp;<\/p>\n<p>Inhalt: 2 A-5 Karten (insgesamt 4 gestanzte Blumen) + 3,00 m Blumendraht.<\/p>\n<p>Die Distel hat im gefalteten Zustand einen Durchmesser von 5,5 cm<\/p>\n<p>Die Schilffahne ist 8 cm lang gefaltet<\/p>\n<p>Der Zweig mit runden Bl\u00e4ttern ist 21,5 cm lang.<\/p>\n<p>Der Lis ist 6,5 cm hoch und 5 cm breit<\/p>\n","protected":false},"excerpt":{"rendered":"<p>Diese sch\u00f6nen Papierblumen von Jurianne Matter sind das perfekte Geschenk. F\u00fcr sich selbst oder f\u00fcr jemand anderen. Machen Sie es zu einem sch\u00f6nen Blumenstrau\u00df oder einem Kranz.<\/p>\n<p>&nbsp;<\/p>\n","protected":false},"featured_media":146340,"comment_status":"closed","ping_status":"closed","template":"","meta":{"_acf_changed":false},"product_cat":[9998,9987,9384,8559],"product_tag":[],"berocket_brand":[8762],"class_list":["post-184920","product","type-product","status-publish","has-post-thumbnail","hentry","product_cat-fuer-sie","product_cat-geschenk","product_cat-wohnen-de","product_cat-dekoration","berocket_brand-jurianne-matter-de"],"acf":[],"aioseo_notices":[],"_links":{"self":[{"href":"https:\/\/glownaturalliving.com\/de\/wp-json\/wp\/v2\/product\/184920","targetHints":{"allow":["GET"]}}],"collection":[{"href":"https:\/\/glownaturalliving.com\/de\/wp-json\/wp\/v2\/product"}],"about":[{"href":"https:\/\/glownaturalliving.com\/de\/wp-json\/wp\/v2\/types\/product"}],"replies":[{"embeddable":true,"href":"https:\/\/glownaturalliving.com\/de\/wp-json\/wp\/v2\/comments?post=184920"}],"wp:featuredmedia":[{"embeddable":true,"href":"https:\/\/glownaturalliving.com\/de\/wp-json\/wp\/v2\/media\/146340"}],"wp:attachment":[{"href":"https:\/\/glownaturalliving.com\/de\/wp-json\/wp\/v2\/media?parent=184920"}],"wp:term":[{"taxonomy":"product_cat","embeddable":true,"href":"https:\/\/glownaturalliving.com\/de\/wp-json\/wp\/v2\/product_cat?post=184920"},{"taxonomy":"product_tag","embeddable":true,"href":"https:\/\/glownaturalliving.com\/de\/wp-json\/wp\/v2\/product_tag?post=184920"},{"taxonomy":"berocket_brand","embeddable":true,"href":"https:\/\/glownaturalliving.com\/de\/wp-json\/wp\/v2\/berocket_brand?post=184920"}],"curies":[{"name":"wp","href":"https:\/\/api.w.org\/{rel}","templated":true}]}}