{"id":184921,"date":"2021-03-11T15:09:15","date_gmt":"2021-03-11T14:09:15","guid":{"rendered":"https:\/\/glownaturalliving.com\/wordpress\/winkel\/unkategorisiert\/jurianne-matter-zweig-blaetter-als-sage-green\/"},"modified":"2023-02-12T11:21:23","modified_gmt":"2023-02-12T10:21:23","slug":"jurianne-matter-twig-leaves-sage-grun","status":"publish","type":"product","link":"https:\/\/glownaturalliving.com\/de\/winkel\/geschenk\/fuer-sie\/jurianne-matter-twig-leaves-sage-grun\/","title":{"rendered":"Twig Leaves \u2013 Sage Green"},"content":{"rendered":"<p><strong>Twig Leaves \u2013 Sage Green<\/strong><\/p>\n<p>Mit diesem erstaunlichen DIY-Paket k\u00f6nnen Sie einen sch\u00f6nen Papierkranz an der Wand, eine Dekoration f\u00fcr den Tisch oder eine sch\u00f6ne Geschenkbox machen.<\/p>\n<p>Twig Leaves ist eine grafische Innendekoration. In wenigen Minuten k\u00f6nnen Sie einen Zweig in einen subtilen Kranz und auch eine lange Rebe verwandeln. Jedes braune Papierblatt ist vorgestanzt und hat Schlitze, durch die Sie den wei\u00dfen Aluminiumdraht durchf\u00e4deln k\u00f6nnen.<\/p>\n<p>Einmal geschn\u00fcrt k\u00f6nnen Sie frei mit den M\u00f6glichkeiten gehen! Biegen Sie den Faden um und Sie erstellen einen Kranz, F\u00e4deln Sie ein Pendel und Sie k\u00f6nnen die Schlankheit Ihres Schrankes nach unten schwingen.<\/p>\n<p>Sehr stilvoll: ein Zweigrang in der Mitte \u00fcber Ihrem festlich gesetzten Tisch. Und wenn Sie ein St\u00fcck Faden und einige Bl\u00e4tter \u00fcbrig haben: Machen Sie ein Geschenk ein Geschenk, das niemand auspacken will, so sch\u00f6n&#8230;<\/p>\n<p>Twig, 3 Karten mit insgesamt 57 vorgestanzten Bl\u00e4ttern und 3 Metern Draht. Gr\u00f6\u00dfe der Bl\u00e4tter: zwischen 2 und 3 cm.<\/p>\n","protected":false},"excerpt":{"rendered":"<p>Mit diesem erstaunlichen DIY-Paket k\u00f6nnen Sie einen sch\u00f6nen Papierkranz an der Wand, eine Dekoration f\u00fcr den Tisch oder eine sch\u00f6ne Geschenkbox machen.<\/p>\n","protected":false},"featured_media":146373,"comment_status":"closed","ping_status":"closed","template":"","meta":{"_acf_changed":false},"product_cat":[9998,9987,9384,8559],"product_tag":[],"berocket_brand":[8762],"class_list":["post-184921","product","type-product","status-publish","has-post-thumbnail","hentry","product_cat-fuer-sie","product_cat-geschenk","product_cat-wohnen-de","product_cat-dekoration","berocket_brand-jurianne-matter-de"],"acf":[],"aioseo_notices":[],"_links":{"self":[{"href":"https:\/\/glownaturalliving.com\/de\/wp-json\/wp\/v2\/product\/184921","targetHints":{"allow":["GET"]}}],"collection":[{"href":"https:\/\/glownaturalliving.com\/de\/wp-json\/wp\/v2\/product"}],"about":[{"href":"https:\/\/glownaturalliving.com\/de\/wp-json\/wp\/v2\/types\/product"}],"replies":[{"embeddable":true,"href":"https:\/\/glownaturalliving.com\/de\/wp-json\/wp\/v2\/comments?post=184921"}],"wp:featuredmedia":[{"embeddable":true,"href":"https:\/\/glownaturalliving.com\/de\/wp-json\/wp\/v2\/media\/146373"}],"wp:attachment":[{"href":"https:\/\/glownaturalliving.com\/de\/wp-json\/wp\/v2\/media?parent=184921"}],"wp:term":[{"taxonomy":"product_cat","embeddable":true,"href":"https:\/\/glownaturalliving.com\/de\/wp-json\/wp\/v2\/product_cat?post=184921"},{"taxonomy":"product_tag","embeddable":true,"href":"https:\/\/glownaturalliving.com\/de\/wp-json\/wp\/v2\/product_tag?post=184921"},{"taxonomy":"berocket_brand","embeddable":true,"href":"https:\/\/glownaturalliving.com\/de\/wp-json\/wp\/v2\/berocket_brand?post=184921"}],"curies":[{"name":"wp","href":"https:\/\/api.w.org\/{rel}","templated":true}]}}