{"id":203381,"date":"2021-10-19T16:46:07","date_gmt":"2021-10-19T15:46:07","guid":{"rendered":"https:\/\/glownaturalliving.com\/winkel\/unkategorisiert\/moonie-kuschelbaer-mit-licht-und-klang-cappuccino\/"},"modified":"2025-02-20T20:51:32","modified_gmt":"2025-02-20T19:51:32","slug":"moonie-kuschelbar-mit-licht-und-klang-cappuccino","status":"publish","type":"product","link":"https:\/\/glownaturalliving.com\/de\/winkel\/geschenk\/mutterschaftsgeschenk\/moonie-kuschelbar-mit-licht-und-klang-cappuccino\/","title":{"rendered":"Moonie Kuschelb\u00e4r mit Licht und Ton \u2013 Cappuccino"},"content":{"rendered":"<p>Dies ist wirklich einer unserer Favoriten !! Ihr Kind wird wunderbar mit sch\u00f6nem weichen B\u00e4renkuscheltier aus Bio-Baumwolle schlafen. Dieser Teddyb\u00e4r hat 5 nat\u00fcrliche beruhigende Ger\u00e4usche, die einen ruhigen Schlaf f\u00f6rdern. Das Licht im Bauch des B\u00e4ren gibt ein weiches, warmes Licht, um Ihr Kind im Dunkeln zu beruhigen.<\/p>\n<p><strong>Sicheres nat\u00fcrliches rosa Ger\u00e4usch<\/strong><\/p>\n<p id=\"tw-target-text\" class=\"tw-data-text tw-text-large XcVN5d tw-ta\" dir=\"ltr\" data-placeholder=\"Vertaling\"><span class=\"Y2IQFc\" lang=\"nl\">Die Ger\u00e4usche von MOONIE buzzing bear sind keine computergenerierten, echten Aufnahmen von nat\u00fcrlichem rosa Rauschen. Der Herzschlag ist eine echte Aufnahme des Brummens im Bauch einer Mutter. Ihr Kind wird beruhigt und f\u00fchlt sich mit bereits vertrautem Klang sicher. Die Meereswellen, die Sie h\u00f6ren, stammen von der Ostsee und das Ger\u00e4usch der Bergstr\u00f6mung sind Aufnahmen der Str\u00f6mung in der Tatra. Die beruhigenden Kl\u00e4nge des MOONIE filtern die Ger\u00e4usche aus der Umgebung heraus und sorgen daf\u00fcr, dass Kinder friedlich und friedlich schlafen k\u00f6nnen. MOONIE wird mit einem einstellbaren Lautst\u00e4rkemodul geliefert, sodass Sie die richtige Lautst\u00e4rke f\u00fcr die Bed\u00fcrfnisse Ihres Kindes ausw\u00e4hlen k\u00f6nnen. MOONIE hat auch ein beruhigendes Schlaflied auf einer Kalimba komponiert, das speziell f\u00fcr Neugeborene komponiert wurde.<\/span><\/p>\n<p class=\"tw-data-text tw-text-large XcVN5d tw-ta\" dir=\"ltr\" data-placeholder=\"Vertaling\"><strong><span class=\"Y2IQFc\" lang=\"nl\">Mit Nachtlicht<\/span><\/strong><\/p>\n<p class=\"tw-data-text tw-text-large XcVN5d tw-ta\" dir=\"ltr\" data-placeholder=\"Vertaling\"><span class=\"Y2IQFc\" lang=\"nl\">  Jedes MOONIE Pl\u00fcsch spielzeug ist auch eine Nachtlampe mit 7 verschiedenen Farben. Mit weichem Licht k\u00f6nnen Sie Ihr Kind f\u00fcttern und wechseln, ohne die Deckenleuchte einzuschalten. Wenn Ihr Kind anf\u00e4ngt zu weinen, schaltet sich das Licht mit dem rosa Ger\u00e4usch ein und beruhigt Ihr Kind. Die LED-Lampe erw\u00e4rmt sich nicht, sie ist absolut sicher. Moonies summende B\u00e4renlampe ist auch ideal f\u00fcr \u00e4ltere Kinder, die oft Albtr\u00e4ume haben und Angst vor der Dunkelheit haben. Sie k\u00f6nnen das Nachtlicht leise selbst einschalten und die ganze Nacht eingeschaltet lassen.  <\/span><\/p>\n<p class=\"tw-data-text tw-text-large XcVN5d tw-ta\" dir=\"ltr\" data-placeholder=\"Vertaling\"><strong><span class=\"Y2IQFc\" lang=\"nl\">Intelligenter Schreimelder<\/span><\/strong><\/p>\n<p class=\"tw-data-text tw-text-large XcVN5d tw-ta\" dir=\"ltr\" data-placeholder=\"Vertaling\"><span class=\"Y2IQFc\" lang=\"nl\">MOONIE der B\u00e4r hat einen Intelligenten Schreidetektor, der f\u00fcr Momente entwickelt wurde, in denen Ihr Kind pl\u00f6tzlich aufwacht. Sobald sich Ihr Kind zu bewegen beginnt, aktiviert der Smart Cry Detector einen sicheren, nat\u00fcrlichen, rosa Klang, der Ihr Kind beruhigt und daf\u00fcr sorgt, dass es wieder ruhig schlafen kann. MOONIE schaltet sich der B\u00e4r nach 30 Minuten immer wieder stumm und geht automatisch in einen 3-st\u00fcndigen Standby-Modus. Das Weinen Ihres Kindes aktiviert das zuletzt ausgew\u00e4hlte Summen f\u00fcr weitere 30 Minuten, danach wird der Zyklus wiederholt. Der Smart Cry Detector kann auch direkt eingeschaltet werden, ohne den Ton abzuspielen.<\/span><\/p>\n<div class=\"column\">\n<p id=\"tw-target-text\" class=\"tw-data-text tw-text-large XcVN5d tw-ta\" dir=\"ltr\" data-placeholder=\"Vertaling\"><strong><span class=\"Y2IQFc\" lang=\"nl\">Bequemes und \u00f6kologisches Laden \u00fcber USB<\/span><\/strong><\/p>\n<p dir=\"ltr\" data-placeholder=\"Vertaling\">MOONIE der B\u00e4r hat einen eingebauten wiederaufladbaren USB-Akku, der MOONIE bequem, wirtschaftlich und \u00f6kologisch macht. Der Akku ben\u00f6tigt drei Stunden, um vollst\u00e4ndig aufgeladen zu werden, und ein vollst\u00e4ndig geladener Akku h\u00e4lt bis zu 8 Stunden ununterbrochen bei eingeschaltetem Licht und Ton.<\/p>\n<p class=\"tw-data-text tw-text-large XcVN5d tw-ta\" dir=\"ltr\" data-placeholder=\"Vertaling\"><span class=\"Y2IQFc\" lang=\"nl\"> <strong>Produktion in Europa<\/strong><\/span><\/p>\n<p class=\"tw-data-text tw-text-large XcVN5d tw-ta\" dir=\"ltr\" data-placeholder=\"Vertaling\"><span class=\"Y2IQFc\" lang=\"nl\">MOONIE ist kein Massenprodukt, da die Liebe zum Detail unglaublich wichtig ist und deshalb wird MOONIE in Europa im eigenen Haus produziert. Jedes Spielzeug erf\u00fcllt die h\u00f6chsten Qualit\u00e4ts- und Sicherheitsstandards der EU.  <\/span><\/p>\n<p class=\"tw-data-text tw-text-large XcVN5d tw-ta\" dir=\"ltr\" data-placeholder=\"Vertaling\"><span class=\"Y2IQFc\" lang=\"nl\"><strong>Zertifikate und Sicherheit<\/strong><\/span><\/p>\n<p class=\"tw-data-text tw-text-large XcVN5d tw-ta\" dir=\"ltr\" data-placeholder=\"Vertaling\"><span class=\"Y2IQFc\" lang=\"nl\">Alle MOONIE-Produkte werden im SGS-Testlabor in der Schweiz getestet und entsprechen der Richtlinie 2009\/48\/EG, die bescheinigt, dass sie f\u00fcr Neugeborene geeignet sind. Im Hinblick auf die Zukunft unseres Planeten und neuer Generationen wurden gro\u00dfe Anstrengungen unternommen, um den \u00f6kologischen Fu\u00dfabdruck der Produkte zu reduzieren, daher diese Bio-Produktlinie: MOONIE ORGANIC. Dieses spezielle Spielzeug wird aus GOTS-zertifizierter Bio-Baumwolle hergestellt und die F\u00fcllung jedes Spielzeugs besteht aus recycelten Materialien.  <\/span><\/p>\n<\/div>\n<p>&nbsp;<\/p>\n<p>&nbsp;<\/p>\n","protected":false},"excerpt":{"rendered":"<p>Dies ist wirklich einer unserer Favoriten !! Ihr Kind wird wunderbar mit sch\u00f6nem weichen B\u00e4renkuscheltier aus Bio-Baumwolle schlafen. Dieser Teddyb\u00e4r hat 5 nat\u00fcrliche beruhigende Ger\u00e4usche, die einen ruhigen Schlaf f\u00f6rdern. Das Licht im Bauch des B\u00e4ren gibt ein weiches, warmes Licht, um Ihr Kind im Dunkeln zu beruhigen.<\/p>\n","protected":false},"featured_media":203307,"comment_status":"open","ping_status":"closed","template":"","meta":{"_acf_changed":false},"product_cat":[9987,9988,9384,8675,8678],"product_tag":[],"berocket_brand":[9469],"class_list":["post-203381","product","type-product","status-publish","has-post-thumbnail","hentry","product_cat-geschenk","product_cat-mutterschaftsgeschenk","product_cat-wohnen-de","product_cat-spielzeuge","product_cat-schlafen","product_shipping_class-pakket-de","berocket_brand-moonie-de","fb_product_set-sale"],"acf":[],"aioseo_notices":[],"_links":{"self":[{"href":"https:\/\/glownaturalliving.com\/de\/wp-json\/wp\/v2\/product\/203381","targetHints":{"allow":["GET"]}}],"collection":[{"href":"https:\/\/glownaturalliving.com\/de\/wp-json\/wp\/v2\/product"}],"about":[{"href":"https:\/\/glownaturalliving.com\/de\/wp-json\/wp\/v2\/types\/product"}],"replies":[{"embeddable":true,"href":"https:\/\/glownaturalliving.com\/de\/wp-json\/wp\/v2\/comments?post=203381"}],"wp:featuredmedia":[{"embeddable":true,"href":"https:\/\/glownaturalliving.com\/de\/wp-json\/wp\/v2\/media\/203307"}],"wp:attachment":[{"href":"https:\/\/glownaturalliving.com\/de\/wp-json\/wp\/v2\/media?parent=203381"}],"wp:term":[{"taxonomy":"product_cat","embeddable":true,"href":"https:\/\/glownaturalliving.com\/de\/wp-json\/wp\/v2\/product_cat?post=203381"},{"taxonomy":"product_tag","embeddable":true,"href":"https:\/\/glownaturalliving.com\/de\/wp-json\/wp\/v2\/product_tag?post=203381"},{"taxonomy":"berocket_brand","embeddable":true,"href":"https:\/\/glownaturalliving.com\/de\/wp-json\/wp\/v2\/berocket_brand?post=203381"}],"curies":[{"name":"wp","href":"https:\/\/api.w.org\/{rel}","templated":true}]}}