{"id":205257,"date":"2021-11-30T11:04:06","date_gmt":"2021-11-30T10:04:06","guid":{"rendered":"https:\/\/glownaturalliving.com\/winkel\/unkategorisiert\/kleid-mit-umschlagtop-und-fliege-und-fliege\/"},"modified":"2023-04-25T10:42:58","modified_gmt":"2023-04-25T09:42:58","slug":"kleid-mit-umschlagtop-und-fliege-und-fliege","status":"publish","type":"product","link":"https:\/\/glownaturalliving.com\/de\/winkel\/kinderkleidung\/mini-baby-kleider-roecke\/kleid-mit-umschlagtop-und-fliege-und-fliege\/","title":{"rendered":"Kleid mit Wickeloberteil und Bindeg\u00fcrtel \u2013 Rouge"},"content":{"rendered":"<p>Dieses wundersch\u00f6ne Kleid ist aus einem wunderbar weichen Musselin-Stoff gefertigt. Das Kleid hat ein Umschlagoberteil, Bindeg\u00fcrtel und Gummizug entlang der \u00c4rmel f\u00fcr einen verspielten Effekt. Ein sch\u00f6nes Kleid, in dem sich Ihr M\u00e4dchen bewegen und spielen kann. Im Winter kann das Kleid mit Leggings oder Strumpfhosen und einer sch\u00f6nen Strickjacke oder einem Pullover und im Sommer mit nackten Beinen und Sandalen getragen werden.<\/p>\n<p>Das Kleid ist nicht nur sch\u00f6n und vielseitig, sondern auch sehr strapazierf\u00e4hig. Das Kleid ist aus 100% Bio-Baumwolle (GOTS) gefertigt und mit viel Liebe in den Niederlanden handgefertigt.<\/p>\n<p>Das Kleid ist auch in Damengr\u00f6\u00dfen erh\u00e4ltlich, so sch\u00f6n, sich mit Ihrem kleinen M\u00e4dchen zu paaren.<\/p>\n<p>Material: 100% Bio-Baumwolle (GOTS)<\/p>\n<p>Iza ist 7 Jahre alt und tr\u00e4gt eine Gr\u00f6\u00dfe 122\/128cm<\/p>\n<p><img decoding=\"async\" src=\"https:\/\/www.verheestextiles.com\/img\/certificates\/gots.jpg\"><\/p>\n","protected":false},"excerpt":{"rendered":"<p>Dieses wundersch\u00f6ne Kleid ist aus einem wunderbar weichen Musselin-Stoff gefertigt. Das Kleid hat ein Umschlagoberteil, Bindeg\u00fcrtel und Gummizug entlang der \u00c4rmel f\u00fcr einen verspielten Effekt. Ein sch\u00f6nes Kleid, in dem sich Ihr M\u00e4dchen bewegen und spielen kann. Im Winter kann das Kleid mit Leggings oder Strumpfhosen und einer sch\u00f6nen Strickjacke oder einem Pullover und im Sommer mit nackten Beinen und Sandale getragen werden. Das Kleid ist nicht nur sch\u00f6n und vielseitig, sondern auch sehr strapazierf\u00e4hig. Das Kleid ist aus 100% Bio-Baumwolle (GOTS) gefertigt und mit viel Liebe in den Niederlanden handgefertigt.<\/p>\n<p>&nbsp;<\/p>\n","protected":false},"featured_media":204999,"comment_status":"open","ping_status":"closed","template":"","meta":{"_acf_changed":false},"product_cat":[8514,8886],"product_tag":[],"berocket_brand":[9422],"class_list":["post-205257","product","type-product","status-publish","has-post-thumbnail","hentry","product_cat-kinderkleidung","product_cat-mini-baby-kleider-roecke","product_shipping_class-pakket-de","berocket_brand-glow-the-label-de-2"],"acf":[],"aioseo_notices":[],"_links":{"self":[{"href":"https:\/\/glownaturalliving.com\/de\/wp-json\/wp\/v2\/product\/205257","targetHints":{"allow":["GET"]}}],"collection":[{"href":"https:\/\/glownaturalliving.com\/de\/wp-json\/wp\/v2\/product"}],"about":[{"href":"https:\/\/glownaturalliving.com\/de\/wp-json\/wp\/v2\/types\/product"}],"replies":[{"embeddable":true,"href":"https:\/\/glownaturalliving.com\/de\/wp-json\/wp\/v2\/comments?post=205257"}],"wp:featuredmedia":[{"embeddable":true,"href":"https:\/\/glownaturalliving.com\/de\/wp-json\/wp\/v2\/media\/204999"}],"wp:attachment":[{"href":"https:\/\/glownaturalliving.com\/de\/wp-json\/wp\/v2\/media?parent=205257"}],"wp:term":[{"taxonomy":"product_cat","embeddable":true,"href":"https:\/\/glownaturalliving.com\/de\/wp-json\/wp\/v2\/product_cat?post=205257"},{"taxonomy":"product_tag","embeddable":true,"href":"https:\/\/glownaturalliving.com\/de\/wp-json\/wp\/v2\/product_tag?post=205257"},{"taxonomy":"berocket_brand","embeddable":true,"href":"https:\/\/glownaturalliving.com\/de\/wp-json\/wp\/v2\/berocket_brand?post=205257"}],"curies":[{"name":"wp","href":"https:\/\/api.w.org\/{rel}","templated":true}]}}