{"id":205327,"date":"2021-11-30T11:59:08","date_gmt":"2021-11-30T10:59:08","guid":{"rendered":"https:\/\/glownaturalliving.com\/winkel\/unkategorisiert\/button-haarband-5-farben\/"},"modified":"2024-07-15T17:38:47","modified_gmt":"2024-07-15T16:38:47","slug":"button-haarband-5-farben","status":"publish","type":"product","link":"https:\/\/glownaturalliving.com\/de\/winkel\/geschenk\/mutterschaftsgeschenk\/button-haarband-5-farben\/","title":{"rendered":"Knopfhaarband Bio-Baumwolle \u2013 Beige"},"content":{"rendered":"<p>Wunderbar weiche Haarb\u00e4nder mit Schleife. Es macht super Spa\u00df, jedes Outfit Ihres Kleinen aufzuhellen. So s\u00fc\u00df! Aber es macht auch Spa\u00df, das eigene Outfit zu stylen \ud83d\ude09<\/p>\n<p>Das Knopfhaarband kann auf verschiedene Arten getragen werden. Als Haarband mit einem Knoten vorw\u00e4rts oder r\u00fcckw\u00e4rts oder als Scrunchie. Multifunktionell!<\/p>\n<p>Die Haarb\u00e4nder werden in den Niederlanden aus Bio-Baumwolle (GOTS) handgefertigt. Durch die sch\u00f6nen Naturfarben lassen sich die Knopfhaarb\u00e4nder perfekt mit allem kombinieren.<\/p>\n<p>Material: 95% Bio-Baumwolle (GOTS), 5% Elasthan<\/p>\n<p>Gr\u00f6\u00dfe S: 0-4 Jahre<\/p>\n<p>Gr\u00f6\u00dfe M: 4-8 Jahre<\/p>\n<p>Gr\u00f6\u00dfe L: Damen<\/p>\n<p><img decoding=\"async\" src=\"https:\/\/www.verheestextiles.com\/img\/certificates\/gots.jpg\"><\/p>\n","protected":false},"excerpt":{"rendered":"<p>Wunderbar weiche Haarb\u00e4nder mit Schleife. Es macht super Spa\u00df, jedes Outfit Ihres Kleinen aufzuhellen. So s\u00fc\u00df! Aber es macht auch Spa\u00df, das eigene Outfit zu stylen \ud83d\ude09 Die Haarb\u00e4nder werden in den Niederlanden aus Bio-Baumwolle (GOTS) handgefertigt.<\/p>\n","protected":false},"featured_media":204896,"comment_status":"open","ping_status":"closed","template":"","meta":{"_acf_changed":false},"product_cat":[9987,9988,8514,8833,8862,8683],"product_tag":[],"berocket_brand":[9422],"class_list":["post-205327","product","type-product","status-publish","has-post-thumbnail","hentry","product_cat-geschenk","product_cat-mutterschaftsgeschenk","product_cat-kinderkleidung","product_cat-mini-baby-zubehor","product_cat-mini-baby-haarbander","product_cat-angebot","product_shipping_class-pakket-de","berocket_brand-glow-the-label-de-2"],"acf":[],"aioseo_notices":[],"_links":{"self":[{"href":"https:\/\/glownaturalliving.com\/de\/wp-json\/wp\/v2\/product\/205327","targetHints":{"allow":["GET"]}}],"collection":[{"href":"https:\/\/glownaturalliving.com\/de\/wp-json\/wp\/v2\/product"}],"about":[{"href":"https:\/\/glownaturalliving.com\/de\/wp-json\/wp\/v2\/types\/product"}],"replies":[{"embeddable":true,"href":"https:\/\/glownaturalliving.com\/de\/wp-json\/wp\/v2\/comments?post=205327"}],"wp:featuredmedia":[{"embeddable":true,"href":"https:\/\/glownaturalliving.com\/de\/wp-json\/wp\/v2\/media\/204896"}],"wp:attachment":[{"href":"https:\/\/glownaturalliving.com\/de\/wp-json\/wp\/v2\/media?parent=205327"}],"wp:term":[{"taxonomy":"product_cat","embeddable":true,"href":"https:\/\/glownaturalliving.com\/de\/wp-json\/wp\/v2\/product_cat?post=205327"},{"taxonomy":"product_tag","embeddable":true,"href":"https:\/\/glownaturalliving.com\/de\/wp-json\/wp\/v2\/product_tag?post=205327"},{"taxonomy":"berocket_brand","embeddable":true,"href":"https:\/\/glownaturalliving.com\/de\/wp-json\/wp\/v2\/berocket_brand?post=205327"}],"curies":[{"name":"wp","href":"https:\/\/api.w.org\/{rel}","templated":true}]}}