{"id":205831,"date":"2021-12-21T11:39:55","date_gmt":"2021-12-21T10:39:55","guid":{"rendered":"https:\/\/glownaturalliving.com\/winkel\/unkategorisiert\/bio-aktivbuch-wessen-weg\/"},"modified":"2023-02-10T09:15:01","modified_gmt":"2023-02-10T08:15:01","slug":"bio-aktivbuch-wessen-weg","status":"publish","type":"product","link":"https:\/\/glownaturalliving.com\/de\/winkel\/geschenk\/mutterschaftsgeschenk\/bio-aktivbuch-wessen-weg\/","title":{"rendered":"Bio-Aktivbuch \u2013 Wessen Spur"},"content":{"rendered":"<p>Super sch\u00f6nes Babybuch mit s\u00fc\u00dfen Drucken, knisternden Seiten und wo alles passiert. Versuchen Sie gemeinsam herauszufinden, welcher Fu\u00dfabdruck zu welchem Tier geh\u00f6rt. Das Booklet ist einfach auf dem Kinderwagen oder dem Autositz. Sozial und umweltfreundlich aus 100% Bio-Canvas.<\/p>\n","protected":false},"excerpt":{"rendered":"<p>Super sch\u00f6nes Babybuch mit s\u00fc\u00dfen Drucken, knisternden Seiten und wo alles passiert. Sozial und umweltfreundlich gemacht.<\/p>\n","protected":false},"featured_media":205757,"comment_status":"open","ping_status":"closed","template":"","meta":{"_acf_changed":false},"product_cat":[9987,9988,9384,8675,8681],"product_tag":[],"berocket_brand":[9419],"class_list":["post-205831","product","type-product","status-publish","has-post-thumbnail","hentry","product_cat-geschenk","product_cat-mutterschaftsgeschenk","product_cat-wohnen-de","product_cat-spielzeuge","product_cat-unterwegs","product_shipping_class-pakket-de","berocket_brand-snoozebaby-de-2"],"acf":[],"aioseo_notices":[],"_links":{"self":[{"href":"https:\/\/glownaturalliving.com\/de\/wp-json\/wp\/v2\/product\/205831","targetHints":{"allow":["GET"]}}],"collection":[{"href":"https:\/\/glownaturalliving.com\/de\/wp-json\/wp\/v2\/product"}],"about":[{"href":"https:\/\/glownaturalliving.com\/de\/wp-json\/wp\/v2\/types\/product"}],"replies":[{"embeddable":true,"href":"https:\/\/glownaturalliving.com\/de\/wp-json\/wp\/v2\/comments?post=205831"}],"wp:featuredmedia":[{"embeddable":true,"href":"https:\/\/glownaturalliving.com\/de\/wp-json\/wp\/v2\/media\/205757"}],"wp:attachment":[{"href":"https:\/\/glownaturalliving.com\/de\/wp-json\/wp\/v2\/media?parent=205831"}],"wp:term":[{"taxonomy":"product_cat","embeddable":true,"href":"https:\/\/glownaturalliving.com\/de\/wp-json\/wp\/v2\/product_cat?post=205831"},{"taxonomy":"product_tag","embeddable":true,"href":"https:\/\/glownaturalliving.com\/de\/wp-json\/wp\/v2\/product_tag?post=205831"},{"taxonomy":"berocket_brand","embeddable":true,"href":"https:\/\/glownaturalliving.com\/de\/wp-json\/wp\/v2\/berocket_brand?post=205831"}],"curies":[{"name":"wp","href":"https:\/\/api.w.org\/{rel}","templated":true}]}}