{"id":205952,"date":"2021-12-22T12:26:38","date_gmt":"2021-12-22T11:26:38","guid":{"rendered":"https:\/\/glownaturalliving.com\/?post_type=product&#038;p=205952"},"modified":"2023-02-10T10:42:12","modified_gmt":"2023-02-10T09:42:12","slug":"klein-jute-shopper-herz-set-von-2","status":"publish","type":"product","link":"https:\/\/glownaturalliving.com\/de\/winkel\/geschenk\/fur-kinder\/klein-jute-shopper-herz-set-von-2\/","title":{"rendered":"Kleines Jute Shopper Heart \u2013 2er Set"},"content":{"rendered":"<p>Diese kleinen Jute-Shopper mit Herzen im 2er-Set sind die besten Geschenkt\u00fcten f\u00fcr Jung und Alt. Sie kommen in einem Set von 2 St\u00fcck und sind aus 100% Jute, v\u00f6llig chemikalienfrei und mit Liebe zur Natur gemacht. Die Vorderseite der Tasche ist mit einem kleinen wei\u00dfen Herzen bedruckt.<\/p>\n<p>Ausstattung: 2 x kleine Jutebeutel<\/p>\n<p>Hergestellt mit Liebe zur Natur, v\u00f6llig frei von Chemikalien und biologisch abbaubar<\/p>\n<p>Ma\u00dfe Tasche ca. 23 x 23 x 2 cm<\/p>\n<p>Material und Verarbeitung: 100% Jutestoff mit wei\u00dfem Aufdruck<\/p>\n<p>Pflegehinweise: Verunreinigungen im Sackleinenbeutel lassen sich leicht mit einem feuchten Tuch entfernen. Vermeiden Sie die Waschmaschine und den Trockner! Verwenden Sie auch kein B\u00fcgeleisen!<\/p>\n<p>&nbsp;<\/p>\n","protected":false},"excerpt":{"rendered":"<p>Diese kleinen Jute-Shopper mit Herzen im 2er-Set sind die besten Geschenkt\u00fcten f\u00fcr Jung und Alt. Hergestellt aus 100% Jute, v\u00f6llig chemikalienfrei und mit Liebe zur Natur hergestellt.<\/p>\n","protected":false},"featured_media":205959,"comment_status":"open","ping_status":"closed","template":"","meta":{"_acf_changed":false},"product_cat":[9994,9987,8514,8833,9384,8559,8681],"product_tag":[],"berocket_brand":[9450],"class_list":["post-205952","product","type-product","status-publish","has-post-thumbnail","hentry","product_cat-fur-kinder","product_cat-geschenk","product_cat-kinderkleidung","product_cat-mini-baby-zubehor","product_cat-wohnen-de","product_cat-dekoration","product_cat-unterwegs","product_shipping_class-pakket-de","berocket_brand-eulenschnitt-de-2"],"acf":[],"aioseo_notices":[],"_links":{"self":[{"href":"https:\/\/glownaturalliving.com\/de\/wp-json\/wp\/v2\/product\/205952","targetHints":{"allow":["GET"]}}],"collection":[{"href":"https:\/\/glownaturalliving.com\/de\/wp-json\/wp\/v2\/product"}],"about":[{"href":"https:\/\/glownaturalliving.com\/de\/wp-json\/wp\/v2\/types\/product"}],"replies":[{"embeddable":true,"href":"https:\/\/glownaturalliving.com\/de\/wp-json\/wp\/v2\/comments?post=205952"}],"wp:featuredmedia":[{"embeddable":true,"href":"https:\/\/glownaturalliving.com\/de\/wp-json\/wp\/v2\/media\/205959"}],"wp:attachment":[{"href":"https:\/\/glownaturalliving.com\/de\/wp-json\/wp\/v2\/media?parent=205952"}],"wp:term":[{"taxonomy":"product_cat","embeddable":true,"href":"https:\/\/glownaturalliving.com\/de\/wp-json\/wp\/v2\/product_cat?post=205952"},{"taxonomy":"product_tag","embeddable":true,"href":"https:\/\/glownaturalliving.com\/de\/wp-json\/wp\/v2\/product_tag?post=205952"},{"taxonomy":"berocket_brand","embeddable":true,"href":"https:\/\/glownaturalliving.com\/de\/wp-json\/wp\/v2\/berocket_brand?post=205952"}],"curies":[{"name":"wp","href":"https:\/\/api.w.org\/{rel}","templated":true}]}}