{"id":206075,"date":"2021-12-24T12:01:04","date_gmt":"2021-12-24T11:01:04","guid":{"rendered":"https:\/\/glownaturalliving.com\/?post_type=product&#038;p=206075"},"modified":"2024-07-15T15:34:05","modified_gmt":"2024-07-15T14:34:05","slug":"tastenkappe-6-farben","status":"publish","type":"product","link":"https:\/\/glownaturalliving.com\/de\/winkel\/geschenk\/mutterschaftsgeschenk\/tastenkappe-6-farben\/","title":{"rendered":"M\u00fctze \u2013 Beige"},"content":{"rendered":"<p>Diese s\u00fc\u00dfe M\u00fctze ist ein perfekter Artikel f\u00fcr cool Jungen und M\u00e4dchen. Der Deckel besteht aus einem superfeinen weichen Stoff mit etwas Stretch, so dass die M\u00fctze jahrelang halten kann. Der M\u00fctze kann am Anfang umgedreht werden und wenn Ihr Kind etwas gr\u00f6\u00dfer ist, kann die M\u00fctze sch\u00f6n und slouchy getragen werden.<\/p>\n<p>Die M\u00fctze werden in den Niederlanden aus Bio-Baumwolle (GOTS) handgefertigt. Aufgrund der sch\u00f6nen nat\u00fcrlichen Farben sind sie geschlechtsneutral und passen perfekt zu allem.<\/p>\n<p>Material: 95% Bio-Baumwolle (GOTS), 5% Elasthan<\/p>\n<p>Gr\u00f6\u00dfe: Die M\u00fctzen sind f\u00fcr Kinder von 1 bis 4 Jahren geeignet.<\/p>\n<p>&nbsp;<\/p>\n<p>&nbsp;<\/p>\n","protected":false},"excerpt":{"rendered":"<p>Diese s\u00fc\u00dfe M\u00fctze ist ein perfekter Artikel f\u00fcr cool Jungen und M\u00e4dchen. Der Hut besteht aus einem superfeinen weichen Stoff mit etwas Stretch, so dass die M\u00fctze jahrelang halten kann. Handgefertigt in den Niederlanden aus Bio-Baumwolle (GOTS).<\/p>\n","protected":false},"featured_media":206092,"comment_status":"open","ping_status":"closed","template":"","meta":{"_acf_changed":false},"product_cat":[9987,9988,8514,8833,8683],"product_tag":[],"berocket_brand":[9422],"class_list":["post-206075","product","type-product","status-publish","has-post-thumbnail","hentry","product_cat-geschenk","product_cat-mutterschaftsgeschenk","product_cat-kinderkleidung","product_cat-mini-baby-zubehor","product_cat-angebot","product_shipping_class-pakket-de","berocket_brand-glow-the-label-de-2"],"acf":[],"aioseo_notices":[],"_links":{"self":[{"href":"https:\/\/glownaturalliving.com\/de\/wp-json\/wp\/v2\/product\/206075","targetHints":{"allow":["GET"]}}],"collection":[{"href":"https:\/\/glownaturalliving.com\/de\/wp-json\/wp\/v2\/product"}],"about":[{"href":"https:\/\/glownaturalliving.com\/de\/wp-json\/wp\/v2\/types\/product"}],"replies":[{"embeddable":true,"href":"https:\/\/glownaturalliving.com\/de\/wp-json\/wp\/v2\/comments?post=206075"}],"wp:featuredmedia":[{"embeddable":true,"href":"https:\/\/glownaturalliving.com\/de\/wp-json\/wp\/v2\/media\/206092"}],"wp:attachment":[{"href":"https:\/\/glownaturalliving.com\/de\/wp-json\/wp\/v2\/media?parent=206075"}],"wp:term":[{"taxonomy":"product_cat","embeddable":true,"href":"https:\/\/glownaturalliving.com\/de\/wp-json\/wp\/v2\/product_cat?post=206075"},{"taxonomy":"product_tag","embeddable":true,"href":"https:\/\/glownaturalliving.com\/de\/wp-json\/wp\/v2\/product_tag?post=206075"},{"taxonomy":"berocket_brand","embeddable":true,"href":"https:\/\/glownaturalliving.com\/de\/wp-json\/wp\/v2\/berocket_brand?post=206075"}],"curies":[{"name":"wp","href":"https:\/\/api.w.org\/{rel}","templated":true}]}}