{"id":206902,"date":"2022-02-06T16:43:03","date_gmt":"2022-02-06T15:43:03","guid":{"rendered":"https:\/\/glownaturalliving.com\/?post_type=product&#038;p=206902"},"modified":"2023-02-10T11:36:33","modified_gmt":"2023-02-10T10:36:33","slug":"frigg-zitze-ganseblumchen-latex-woodchuck","status":"publish","type":"product","link":"https:\/\/glownaturalliving.com\/de\/winkel\/geschenk\/mutterschaftsgeschenk\/frigg-zitze-ganseblumchen-latex-woodchuck\/","title":{"rendered":"FRIGG Zitze Daisy Latex \u2013 Woodchuck"},"content":{"rendered":"<p id=\"tw-target-text\" class=\"tw-data-text tw-text-large XcVN5d tw-ta\" dir=\"ltr\" data-placeholder=\"Vertaling\"><span class=\"Y2IQFc\" lang=\"nl\" style=\"color: #333333;\">Die FRIGG-Serie von G\u00e4nsebl\u00fcmchen-Latex-Schnullern wurde sorgf\u00e4ltig f\u00fcr den Komfort Ihres Babys entwickelt. Die Kurve h\u00e4lt den Schnuller von<br \/>\nihre empfindliche Haut, w\u00e4hrend Merkmale wie Luftl\u00f6cher und ein Sicherheitsgriff daf\u00fcr sorgen, dass Ihr Baby sicher bleibt. FRIGG Schnuller sind in einer Reihe von sanften Farben erh\u00e4ltlich und sind eine wunderbare Erg\u00e4nzung zu Ihrer Sammlung von Baby Essentials.  <\/span><\/p>\n<p class=\"tw-data-text tw-text-large XcVN5d tw-ta\" dir=\"ltr\" data-placeholder=\"Vertaling\"><span class=\"Y2IQFc\" lang=\"nl\" style=\"color: #333333;\">Details:  <\/span><\/p>\n<ul>\n<li class=\"tw-data-text tw-text-large XcVN5d tw-ta\" dir=\"ltr\" data-placeholder=\"Vertaling\"><span class=\"Y2IQFc\" lang=\"nl\" style=\"color: #333333;\">Schnullernippel besteht aus 100% Naturkautschuklatex<\/span><\/li>\n<li class=\"tw-data-text tw-text-large XcVN5d tw-ta\" dir=\"ltr\" data-placeholder=\"Vertaling\"><span class=\"Y2IQFc\" lang=\"nl\" style=\"color: #333333;\">100% frei von BPA, PVC und Phthalaten.  <\/span><\/li>\n<li class=\"tw-data-text tw-text-large XcVN5d tw-ta\" dir=\"ltr\" data-placeholder=\"Vertaling\"><span class=\"Y2IQFc\" lang=\"nl\" style=\"color: #333333;\">Entworfen und hergestellt in D\u00e4nemark.<\/span><\/li>\n<li dir=\"ltr\" data-placeholder=\"Vertaling\">Schnuller bestehen aus Naturkautschuk und k\u00f6nnen sich bei Verwendung ausdehnen<\/li>\n<\/ul>\n<p class=\"tw-data-text tw-text-large XcVN5d tw-ta\" dir=\"ltr\" data-placeholder=\"Vertaling\"><span class=\"Y2IQFc\" lang=\"nl\" style=\"color: #333333;\">Pflege:<\/span><\/p>\n<p class=\"tw-data-text tw-text-large XcVN5d tw-ta\" dir=\"ltr\" data-placeholder=\"Vertaling\"><span class=\"Y2IQFc\" lang=\"nl\" style=\"color: #333333;\">  Sterilisieren Sie jeden Schnuller vor Gebrauch immer, indem Sie ihn mit hei\u00dfem Wasser waschen und an der Luft trocknen lassen. Dr\u00fccken Sie das Wasser aus der Zitze, sobald sie abgek\u00fchlt ist.<\/span><\/p>\n<p class=\"tw-data-text tw-text-large XcVN5d tw-ta\" dir=\"ltr\" data-placeholder=\"Vertaling\"><span class=\"Y2IQFc\" lang=\"nl\" style=\"color: #333333;\">  Aus hygienischen Gr\u00fcnden empfehlen wir, den Schnuller nach 3-4 Monaten wegzuwerfen.<\/span><\/p>\n<p dir=\"ltr\" data-placeholder=\"Vertaling\">Geeignet f\u00fcr 6-18 Monate.<\/p>\n","protected":false},"excerpt":{"rendered":"<p><span class=\"Y2IQFc\" lang=\"nl\" style=\"color: #333333;\">Die FRIGG-Linie von Daisy-Silikon-Schnullern wurde sorgf\u00e4ltig f\u00fcr den Komfort Ihres Babys entwickelt. FRIGG Schnuller sind in einer Reihe von sanften Farben erh\u00e4ltlich und sind eine wunderbare Erg\u00e4nzung zu Ihrer Sammlung von Baby Essentials.<\/span><\/p>\n","protected":false},"featured_media":206897,"comment_status":"open","ping_status":"closed","template":"","meta":{"_acf_changed":false},"product_cat":[9987,9988,8687,8683],"product_tag":[],"berocket_brand":[9336],"class_list":["post-206902","product","type-product","status-publish","has-post-thumbnail","hentry","product_cat-geschenk","product_cat-mutterschaftsgeschenk","product_cat-pflege","product_cat-angebot","berocket_brand-frigg-de-2"],"acf":[],"aioseo_notices":[],"_links":{"self":[{"href":"https:\/\/glownaturalliving.com\/de\/wp-json\/wp\/v2\/product\/206902","targetHints":{"allow":["GET"]}}],"collection":[{"href":"https:\/\/glownaturalliving.com\/de\/wp-json\/wp\/v2\/product"}],"about":[{"href":"https:\/\/glownaturalliving.com\/de\/wp-json\/wp\/v2\/types\/product"}],"replies":[{"embeddable":true,"href":"https:\/\/glownaturalliving.com\/de\/wp-json\/wp\/v2\/comments?post=206902"}],"wp:featuredmedia":[{"embeddable":true,"href":"https:\/\/glownaturalliving.com\/de\/wp-json\/wp\/v2\/media\/206897"}],"wp:attachment":[{"href":"https:\/\/glownaturalliving.com\/de\/wp-json\/wp\/v2\/media?parent=206902"}],"wp:term":[{"taxonomy":"product_cat","embeddable":true,"href":"https:\/\/glownaturalliving.com\/de\/wp-json\/wp\/v2\/product_cat?post=206902"},{"taxonomy":"product_tag","embeddable":true,"href":"https:\/\/glownaturalliving.com\/de\/wp-json\/wp\/v2\/product_tag?post=206902"},{"taxonomy":"berocket_brand","embeddable":true,"href":"https:\/\/glownaturalliving.com\/de\/wp-json\/wp\/v2\/berocket_brand?post=206902"}],"curies":[{"name":"wp","href":"https:\/\/api.w.org\/{rel}","templated":true}]}}