{"id":207388,"date":"2022-03-02T12:15:22","date_gmt":"2022-03-02T11:15:22","guid":{"rendered":"https:\/\/glownaturalliving.com\/?post_type=product&#038;p=207388"},"modified":"2024-10-15T12:17:20","modified_gmt":"2024-10-15T11:17:20","slug":"knopfmuetze-leopard","status":"publish","type":"product","link":"https:\/\/glownaturalliving.com\/de\/winkel\/geschenk\/mutterschaftsgeschenk\/knopfmuetze-leopard\/","title":{"rendered":"Neugeborene Knopfm\u00fctze Bio-Baumwolle \u2013 Leopard"},"content":{"rendered":"<p>Wir lieben diesen s\u00fc\u00dfen Knopfm\u00fctze f\u00fcr die Kleinen! Halten Sie Ihr Neugeborenes sch\u00f6n warm mit diesem niedlichen M\u00fctze f\u00fcr Babys. Der M\u00fctze ist ohne Naht darunter gefertigt, so dass er super sch\u00f6n auf der zarten Haut eines Neugeborenen liegt. Der M\u00fctze l\u00e4sst sich fein auf Ma\u00df verknotet, so dass er immer gut sitzt. Die M\u00fctzen sind auch das Pr\u00e4fekten geschenk (Mutterschaftsgeschenk).<\/p>\n<p>Die M\u00fctze werden in den Niederlanden aus Bio-Baumwolle (GOTS) handgefertigt.<\/p>\n<p>Material: 95% Bio-Baumwolle (GOTS), 5% Elasthan<\/p>\n<p>Gr\u00f6\u00dfe: 50\/56<\/p>\n<p>&nbsp;<\/p>\n","protected":false},"excerpt":{"rendered":"<p>Wir lieben diesen s\u00fc\u00dfen Knopfm\u00fctze f\u00fcr die Kleinen! Halten Sie Ihr Neugeborenes sch\u00f6n warm mit diesem niedlichen M\u00fctze f\u00fcr Babys. Handgefertigt in den Niederlanden aus Bio-Baumwolle (GOTS).<\/p>\n","protected":false},"featured_media":207378,"comment_status":"open","ping_status":"closed","template":"","meta":{"_acf_changed":false},"product_cat":[9987,9988,8514,8833,8846,8683],"product_tag":[],"berocket_brand":[9422],"class_list":["post-207388","product","type-product","status-publish","has-post-thumbnail","hentry","product_cat-geschenk","product_cat-mutterschaftsgeschenk","product_cat-kinderkleidung","product_cat-mini-baby-zubehor","product_cat-mini-baby-beanies","product_cat-angebot","product_shipping_class-pakket-de","berocket_brand-glow-the-label-de-2"],"acf":[],"aioseo_notices":[],"_links":{"self":[{"href":"https:\/\/glownaturalliving.com\/de\/wp-json\/wp\/v2\/product\/207388","targetHints":{"allow":["GET"]}}],"collection":[{"href":"https:\/\/glownaturalliving.com\/de\/wp-json\/wp\/v2\/product"}],"about":[{"href":"https:\/\/glownaturalliving.com\/de\/wp-json\/wp\/v2\/types\/product"}],"replies":[{"embeddable":true,"href":"https:\/\/glownaturalliving.com\/de\/wp-json\/wp\/v2\/comments?post=207388"}],"wp:featuredmedia":[{"embeddable":true,"href":"https:\/\/glownaturalliving.com\/de\/wp-json\/wp\/v2\/media\/207378"}],"wp:attachment":[{"href":"https:\/\/glownaturalliving.com\/de\/wp-json\/wp\/v2\/media?parent=207388"}],"wp:term":[{"taxonomy":"product_cat","embeddable":true,"href":"https:\/\/glownaturalliving.com\/de\/wp-json\/wp\/v2\/product_cat?post=207388"},{"taxonomy":"product_tag","embeddable":true,"href":"https:\/\/glownaturalliving.com\/de\/wp-json\/wp\/v2\/product_tag?post=207388"},{"taxonomy":"berocket_brand","embeddable":true,"href":"https:\/\/glownaturalliving.com\/de\/wp-json\/wp\/v2\/berocket_brand?post=207388"}],"curies":[{"name":"wp","href":"https:\/\/api.w.org\/{rel}","templated":true}]}}