{"id":208286,"date":"2022-05-31T11:30:29","date_gmt":"2022-05-31T10:30:29","guid":{"rendered":"https:\/\/glownaturalliving.com\/?post_type=product&#038;p=208286"},"modified":"2025-02-19T11:42:53","modified_gmt":"2025-02-19T10:42:53","slug":"naif-plastikfreie-feuchttuecher-fuer-baby-kinder","status":"publish","type":"product","link":"https:\/\/glownaturalliving.com\/de\/winkel\/geschenk\/mutterschaftsgeschenk\/naif-plastikfreie-feuchttuecher-fuer-baby-kinder\/","title":{"rendered":"Na\u00eff plastikfreie Feuchtt\u00fccher f\u00fcr Baby &amp; Kids"},"content":{"rendered":"<div class=\"rte\">\n<div class=\"rte\">\n<h4>Na\u00eff Plastikfreie Feuchtt\u00fccher f\u00fcr Baby &amp; Kinder \u2013 1 Packung<\/h4>\n<div class=\"rte\">\n<p>Feuchtt\u00fccher von Na\u00eff eignen sich sowohl f\u00fcr das Ges\u00e4\u00df, den K\u00f6rper als auch f\u00fcr das Gesicht.<\/p>\n<p>Mit einem oder mehreren Kleinen gehen Haufen von T\u00fcchern durch. Beim Windelwechsel, zum Reinigen der Schnauze oder beim Abwischen kleiner klebriger H\u00e4nde. Dann ist es so sch\u00f6n, wenn die T\u00fccher sowohl f\u00fcr Ihre Kleinen als auch f\u00fcr den Planeten gut sind. Na\u00effs T\u00fccher bestehen daher aus Pflanzen und nicht aus Kunststoff. Yay!!<\/p>\n<ul>\n<li>Diese plastikfreien Feuchtt\u00fccher bestehen aus Eukalyptusfasern<\/li>\n<li>Sie eignen sich zur Reinigung von Ges\u00e4\u00df, Gesicht und K\u00f6rper<\/li>\n<li>sie bestehen zu 99% aus Wasser<\/li>\n<li>Die T\u00fccher sind alkohol- und parf\u00fcmfrei<\/li>\n<li>Sie eignen sich f\u00fcr empfindliche Babyhaut, einschlie\u00dflich extrem trockener Haut und Ekzemen<\/li>\n<li>Die Feuchtt\u00fccher enthalten kein Mikroplastik, Mineral\u00f6le oder Silikone<\/li>\n<\/ul>\n<p>Inhalt = 54 Wipes<\/p>\n<p>&nbsp;<\/p>\n<\/div>\n<p>&nbsp;<\/p>\n<\/div>\n<p>&nbsp;<\/p>\n<p>&nbsp;<\/p>\n<\/div>\n","protected":false},"excerpt":{"rendered":"<p>Naiv plastikfreie Ges\u00e4\u00dft\u00fccher aus Eukalyptusfasern in Zuckerrohrverpackungen.<\/p>\n","protected":false},"featured_media":208412,"comment_status":"open","ping_status":"closed","template":"","meta":{"_acf_changed":false},"product_cat":[9987,9988,8687,9290,8683],"product_tag":[9851,9852],"berocket_brand":[8789],"class_list":["post-208286","product","type-product","status-publish","has-post-thumbnail","hentry","product_cat-geschenk","product_cat-mutterschaftsgeschenk","product_cat-pflege","product_cat-pflege-produkte","product_cat-angebot","product_tag-betreuung-von-kindern","product_tag-kinderbetreuung","berocket_brand-naif-de-2"],"acf":[],"aioseo_notices":[],"_links":{"self":[{"href":"https:\/\/glownaturalliving.com\/de\/wp-json\/wp\/v2\/product\/208286","targetHints":{"allow":["GET"]}}],"collection":[{"href":"https:\/\/glownaturalliving.com\/de\/wp-json\/wp\/v2\/product"}],"about":[{"href":"https:\/\/glownaturalliving.com\/de\/wp-json\/wp\/v2\/types\/product"}],"replies":[{"embeddable":true,"href":"https:\/\/glownaturalliving.com\/de\/wp-json\/wp\/v2\/comments?post=208286"}],"wp:featuredmedia":[{"embeddable":true,"href":"https:\/\/glownaturalliving.com\/de\/wp-json\/wp\/v2\/media\/208412"}],"wp:attachment":[{"href":"https:\/\/glownaturalliving.com\/de\/wp-json\/wp\/v2\/media?parent=208286"}],"wp:term":[{"taxonomy":"product_cat","embeddable":true,"href":"https:\/\/glownaturalliving.com\/de\/wp-json\/wp\/v2\/product_cat?post=208286"},{"taxonomy":"product_tag","embeddable":true,"href":"https:\/\/glownaturalliving.com\/de\/wp-json\/wp\/v2\/product_tag?post=208286"},{"taxonomy":"berocket_brand","embeddable":true,"href":"https:\/\/glownaturalliving.com\/de\/wp-json\/wp\/v2\/berocket_brand?post=208286"}],"curies":[{"name":"wp","href":"https:\/\/api.w.org\/{rel}","templated":true}]}}