{"id":208613,"date":"2022-06-01T09:22:54","date_gmt":"2022-06-01T08:22:54","guid":{"rendered":"https:\/\/glownaturalliving.com\/winkel\/unkategorisiert\/langarm-waffel-olive\/"},"modified":"2024-05-31T19:06:04","modified_gmt":"2024-05-31T18:06:04","slug":"longsleeve-waffel-olive","status":"publish","type":"product","link":"https:\/\/glownaturalliving.com\/de\/winkel\/kinderkleidung\/mini-bebe-shirts-westen\/longsleeve-waffel-olive\/","title":{"rendered":"Longsleeve Waffel \u2013 Olive"},"content":{"rendered":"<h4>Longsleeve Waffel \u2013 Olive<\/h4>\n<p>Dieser sch\u00f6ner Longsleeve ist ein ideales Basic und kann sowohl von Jungen als auch von M\u00e4dchen das ganze Jahr \u00fcber getragen werden. Der Longsleeve besteht aus Bio-Baumwolle (GOTS) und hat eine Oversized-Passform.<\/p>\n<ul>\n<li>Material: 95% Bio-Baumwolle, 5% Elasthan<\/li>\n<li>GOTS zertifizierte Baumwolle<\/li>\n<li>Handgefertigt mit Liebe in den Niederlanden<\/li>\n<\/ul>\n<p>Erh\u00e4ltlich in den Farben <a href=\"https:\/\/glownaturalliving.com\/winkel\/kinderen\/kinderkleding\/mini-shirts-en-vestjes\/longsleeve-wafel-sand\/\">Sand<\/a>, <a href=\"https:\/\/glownaturalliving.com\/winkel\/kinderen\/kinderkleding\/mini-shirts-en-vestjes\/longsleeve-wafel-taupe\/\">Taupe<\/a>, Olive und <a href=\"https:\/\/glownaturalliving.com\/winkel\/kinderen\/kinderkleding\/mini-shirts-en-vestjes\/longsleeve-wafel-ecru\/\" class=\"broken_link\">Ecru<\/a>.<\/p>\n<p>&nbsp;<\/p>\n<p><img decoding=\"async\" src=\"https:\/\/www.verheestextiles.com\/img\/certificates\/gots.jpg\"><\/p>\n","protected":false},"excerpt":{"rendered":"<p>Dieser sch\u00f6ner Longsleeve ist ein ideales Basic und kann sowohl von Jungen als auch von M\u00e4dchen das ganze Jahr \u00fcber getragen werden. Der Longsleeve besteht aus Bio-Baumwolle (GOTS) und hat eine Oversized-Passform.<\/p>\n","protected":false},"featured_media":208335,"comment_status":"open","ping_status":"closed","template":"","meta":{"_acf_changed":false},"product_cat":[8514,9014,8683],"product_tag":[],"berocket_brand":[9422],"class_list":["post-208613","product","type-product","status-publish","has-post-thumbnail","hentry","product_cat-kinderkleidung","product_cat-mini-bebe-shirts-westen","product_cat-angebot","product_shipping_class-pakket-de","berocket_brand-glow-the-label-de-2"],"acf":[],"aioseo_notices":[],"_links":{"self":[{"href":"https:\/\/glownaturalliving.com\/de\/wp-json\/wp\/v2\/product\/208613","targetHints":{"allow":["GET"]}}],"collection":[{"href":"https:\/\/glownaturalliving.com\/de\/wp-json\/wp\/v2\/product"}],"about":[{"href":"https:\/\/glownaturalliving.com\/de\/wp-json\/wp\/v2\/types\/product"}],"replies":[{"embeddable":true,"href":"https:\/\/glownaturalliving.com\/de\/wp-json\/wp\/v2\/comments?post=208613"}],"wp:featuredmedia":[{"embeddable":true,"href":"https:\/\/glownaturalliving.com\/de\/wp-json\/wp\/v2\/media\/208335"}],"wp:attachment":[{"href":"https:\/\/glownaturalliving.com\/de\/wp-json\/wp\/v2\/media?parent=208613"}],"wp:term":[{"taxonomy":"product_cat","embeddable":true,"href":"https:\/\/glownaturalliving.com\/de\/wp-json\/wp\/v2\/product_cat?post=208613"},{"taxonomy":"product_tag","embeddable":true,"href":"https:\/\/glownaturalliving.com\/de\/wp-json\/wp\/v2\/product_tag?post=208613"},{"taxonomy":"berocket_brand","embeddable":true,"href":"https:\/\/glownaturalliving.com\/de\/wp-json\/wp\/v2\/berocket_brand?post=208613"}],"curies":[{"name":"wp","href":"https:\/\/api.w.org\/{rel}","templated":true}]}}