{"id":208769,"date":"2022-06-08T11:13:23","date_gmt":"2022-06-08T10:13:23","guid":{"rendered":"https:\/\/glownaturalliving.com\/?post_type=product&#038;p=208769"},"modified":"2025-06-10T13:52:53","modified_gmt":"2025-06-10T12:52:53","slug":"karten-und-blume-stand-herz-2-teilig","status":"publish","type":"product","link":"https:\/\/glownaturalliving.com\/de\/winkel\/geschenk\/karten\/karten-und-blume-stand-herz-2-teilig\/","title":{"rendered":"Karten- und Blumenst\u00e4nder Heart \u2013 2 St\u00fcck"},"content":{"rendered":"<h4>Karten- und Blumenst\u00e4nder Heart \u2013 2 St\u00fcck<\/h4>\n<p>Haben Sie auch diese sch\u00f6nen Karten oder Fotos, denen Sie einen besonderen Platz geben m\u00f6chten? Dieser Kartenst\u00e4nder ist perfekt daf\u00fcr! Legen Sie Ihre speziellen Karten und \/ oder Fotos in diesen sch\u00f6nen Holzst\u00e4nder und dekorieren Sie mit ein paar subtilen getrockneten Blumen. Das Set besteht aus zwei Holzst\u00e4ndern f\u00fcr Karten und Blumen und ist mit einem einfachen Herzen verziert.<\/p>\n<p>Das Set ist auch sehr sch\u00f6n als Geschenk zu verschenken. Zusammen mit einer speziellen Karte oder einem Foto. Die Halter eignen sich auch perfekt f\u00fcr Tischnummern und\/oder Namen, die bei Hochzeiten und besonderen Anl\u00e4ssen dekorativ platziert werden k\u00f6nnen und dann ein absoluter Hingucker sind.<\/p>\n<p class=\"heading-1 mb-6\">Gr\u00f6\u00dfe: Breite 12cm<\/p>\n<p>Geeignet f\u00fcr Fotos, Karten, Notizen und vieles mehr<\/p>\n<p>Bitte beachten Sie, dass die Karten und getrockneten Blumen im Produktbild nicht enthalten sind.<\/p>\n","protected":false},"excerpt":{"rendered":"<p>Haben Sie auch diese sch\u00f6nen Karten oder Fotos, denen Sie einen besonderen Platz geben m\u00f6chten? Dieser Kartenst\u00e4nder ist perfekt daf\u00fcr! Legen Sie Ihre speziellen Karten und \/ oder Fotos in diesen sch\u00f6nen Holzst\u00e4nder und dekorieren Sie mit ein paar subtilen getrockneten Blumen. Das Set besteht aus zwei Holzst\u00e4ndern f\u00fcr Karten und Blumen und ist mit einem einfachen Herzen verziert.<\/p>\n","protected":false},"featured_media":208774,"comment_status":"open","ping_status":"closed","template":"","meta":{"_acf_changed":false},"product_cat":[9998,9987,9992,9384,8559],"product_tag":[],"berocket_brand":[9450],"class_list":["post-208769","product","type-product","status-publish","has-post-thumbnail","hentry","product_cat-fuer-sie","product_cat-geschenk","product_cat-karten","product_cat-wohnen-de","product_cat-dekoration","berocket_brand-eulenschnitt-de-2"],"acf":[],"aioseo_notices":[],"_links":{"self":[{"href":"https:\/\/glownaturalliving.com\/de\/wp-json\/wp\/v2\/product\/208769","targetHints":{"allow":["GET"]}}],"collection":[{"href":"https:\/\/glownaturalliving.com\/de\/wp-json\/wp\/v2\/product"}],"about":[{"href":"https:\/\/glownaturalliving.com\/de\/wp-json\/wp\/v2\/types\/product"}],"replies":[{"embeddable":true,"href":"https:\/\/glownaturalliving.com\/de\/wp-json\/wp\/v2\/comments?post=208769"}],"wp:featuredmedia":[{"embeddable":true,"href":"https:\/\/glownaturalliving.com\/de\/wp-json\/wp\/v2\/media\/208774"}],"wp:attachment":[{"href":"https:\/\/glownaturalliving.com\/de\/wp-json\/wp\/v2\/media?parent=208769"}],"wp:term":[{"taxonomy":"product_cat","embeddable":true,"href":"https:\/\/glownaturalliving.com\/de\/wp-json\/wp\/v2\/product_cat?post=208769"},{"taxonomy":"product_tag","embeddable":true,"href":"https:\/\/glownaturalliving.com\/de\/wp-json\/wp\/v2\/product_tag?post=208769"},{"taxonomy":"berocket_brand","embeddable":true,"href":"https:\/\/glownaturalliving.com\/de\/wp-json\/wp\/v2\/berocket_brand?post=208769"}],"curies":[{"name":"wp","href":"https:\/\/api.w.org\/{rel}","templated":true}]}}