{"id":209156,"date":"2022-06-22T19:10:15","date_gmt":"2022-06-22T18:10:15","guid":{"rendered":"https:\/\/glownaturalliving.com\/?post_type=product&#038;p=209156"},"modified":"2023-03-26T15:26:04","modified_gmt":"2023-03-26T14:26:04","slug":"neugeborene-schlafsack-und-babyanzug-in-1-inkl-mutze-pfirsich-rouge","status":"publish","type":"product","link":"https:\/\/glownaturalliving.com\/de\/winkel\/geschenk\/mutterschaftsgeschenk\/neugeborene-schlafsack-und-babyanzug-in-1-inkl-mutze-pfirsich-rouge\/","title":{"rendered":"Neugeborenenschlafsack und Babyanzug in 1 inkl. M\u00fctze \u2013 Peach Blush"},"content":{"rendered":"<h4>Neugeborenenschlafsack und Babyanzug in 1 inkl. M\u00fctze \u2013 Peach Blush<\/h4>\n<p>Dieser sch\u00f6ne Schlafsack und Babyanzug in 1 inkl. Knopfm\u00fctze von Snoozebaby ist perfekt, um Ihr Kind in den ersten Wochen schlafen zu lassen. Es besteht aus Bio-Baumwolle und f\u00fchlt sich daher wunderbar weich und angenehm auf der empfindlichen Babyhaut an. Der Schlafsack l\u00e4sst sich leicht an- und ausziehen und ist durch den Knopf an der Unterseite auch sehr praktisch, um sein Kleines zu wechseln. Die \u00c4rmel k\u00f6nnen leicht gefaltet werden, um die H\u00e4nde Ihres Kindes sch\u00f6n warm zu halten und dienen direkt als Krabbenhandschuhe. Super praktisch! Das Anzug ist auch ideal, um es als Mutterschaftsgeschenk zu verschenken.<\/p>\n<ul>\n<li>Der Neugeborenenschlafsack besteht aus 100% Bio-Baumwolle.<\/li>\n<li>Inkl. Knopfm\u00fctze<\/li>\n<li>Geeignet f\u00fcr Kinder von 0-3 Monaten \/ Gr\u00f6\u00dfe 50\/56<\/li>\n<li>Wunderbar weich und bequem<\/li>\n<li>Material: 100% Bio-Baumwolle (GOTS)<\/li>\n<\/ul>\n","protected":false},"excerpt":{"rendered":"<p>Dieser sch\u00f6ne Schlafsack und Babyanzug in 1 inkl. Knopfm\u00fctze von Snoozebaby ist perfekt, um Ihr Kind in den ersten Wochen schlafen zu lassen. Es besteht aus Bio-Baumwolle und f\u00fchlt sich daher wunderbar weich und angenehm auf der empfindlichen Babyhaut an. Ideal auch als Mutterschaftsgeschenk!<\/p>\n","protected":false},"featured_media":209163,"comment_status":"open","ping_status":"closed","template":"","meta":{"_acf_changed":false},"product_cat":[9987,9988,8514,8927,8678],"product_tag":[],"berocket_brand":[9419],"class_list":["post-209156","product","type-product","status-publish","has-post-thumbnail","hentry","product_cat-geschenk","product_cat-mutterschaftsgeschenk","product_cat-kinderkleidung","product_cat-mini-baby-kleidungssets-onesies","product_cat-schlafen","product_shipping_class-pakket-de","berocket_brand-snoozebaby-de-2"],"acf":[],"aioseo_notices":[],"_links":{"self":[{"href":"https:\/\/glownaturalliving.com\/de\/wp-json\/wp\/v2\/product\/209156","targetHints":{"allow":["GET"]}}],"collection":[{"href":"https:\/\/glownaturalliving.com\/de\/wp-json\/wp\/v2\/product"}],"about":[{"href":"https:\/\/glownaturalliving.com\/de\/wp-json\/wp\/v2\/types\/product"}],"replies":[{"embeddable":true,"href":"https:\/\/glownaturalliving.com\/de\/wp-json\/wp\/v2\/comments?post=209156"}],"wp:featuredmedia":[{"embeddable":true,"href":"https:\/\/glownaturalliving.com\/de\/wp-json\/wp\/v2\/media\/209163"}],"wp:attachment":[{"href":"https:\/\/glownaturalliving.com\/de\/wp-json\/wp\/v2\/media?parent=209156"}],"wp:term":[{"taxonomy":"product_cat","embeddable":true,"href":"https:\/\/glownaturalliving.com\/de\/wp-json\/wp\/v2\/product_cat?post=209156"},{"taxonomy":"product_tag","embeddable":true,"href":"https:\/\/glownaturalliving.com\/de\/wp-json\/wp\/v2\/product_tag?post=209156"},{"taxonomy":"berocket_brand","embeddable":true,"href":"https:\/\/glownaturalliving.com\/de\/wp-json\/wp\/v2\/berocket_brand?post=209156"}],"curies":[{"name":"wp","href":"https:\/\/api.w.org\/{rel}","templated":true}]}}