{"id":209222,"date":"2022-06-27T08:57:51","date_gmt":"2022-06-27T07:57:51","guid":{"rendered":"https:\/\/glownaturalliving.com\/?post_type=product&#038;p=209222"},"modified":"2025-04-02T14:56:52","modified_gmt":"2025-04-02T13:56:52","slug":"kinderpyjamas-100-bio-baumwolle-safari-grau","status":"publish","type":"product","link":"https:\/\/glownaturalliving.com\/de\/winkel\/geschenk\/mutterschaftsgeschenk\/kinderpyjamas-100-bio-baumwolle-safari-grau\/","title":{"rendered":"Kinderpyjamas aus 100% Bio-Baumwolle \u2013 Safari Grey"},"content":{"rendered":"<p><strong>Kinderpyjamas aus 100% Bio-Baumwolle \u2013 Safari Grey<\/strong><\/p>\n<p>Sie sind wirklich da, sch\u00f6ne, weiche und fair hergestellter Pyjamas. Dieser von Snoozebaby hat eine sch\u00f6ne Farbe und Einen sch\u00f6nen Druck und besteht aus 100% Bio-Baumwolle, die auch bequem ist. Perfekt zum Schlafen und Spielen!<\/p>\n<p>Sch\u00f6n weich und bequem<br \/>\nMaterial: 100% Bio-Baumwolle (GOTS)<br \/>\n Bei 30 Grad waschen<\/p>\n<p class=\"\" data-start=\"0\" data-end=\"19\"><strong data-start=\"0\" data-end=\"19\">\u00dcber Snoozebaby<\/strong><\/p>\n<p class=\"\" data-start=\"21\" data-end=\"830\">Snoozebaby ist eine Marke, die sich darauf konzentriert, Produkte zu entwickeln, die sowohl funktional als auch bequem f\u00fcr Ihr Baby sind. Mit dem Fokus auf Qualit\u00e4t, Sicherheit und Nachhaltigkeit bietet Snoozebaby eine Reihe von Pflege- und Schlafprodukten an, die Eltern das Leben erleichtern. Jedes Produkt wurde mit Blick auf das Wohlbefinden Ihres Babys entwickelt und besteht aus den weichsten Stoffen wie Bio-Baumwolle, um die empfindliche Haut Ihres Kindes zu sch\u00fctzen. Snoozebaby ist bestrebt, Eltern mit intelligenten, praktischen und stilvollen L\u00f6sungen zu unterst\u00fctzen, damit sowohl Babys als auch Eltern einen ruhigen und komfortablen Schlaf genie\u00dfen k\u00f6nnen. Mit Produkten, die den h\u00f6chsten Qualit\u00e4ts- und Sicherheitsstandards entsprechen, ist Snoozebaby eine Marke, der Sie bei der Pflege Ihres Babys vertrauen k\u00f6nnen.    <\/p>\n","protected":false},"excerpt":{"rendered":"<p>Ein sch\u00f6ner, weicher und fair hergestellter Pyjama mit einem sch\u00f6nen Print und aus 100% Bio-Baumwolle. Perfekt zum Schlafen und Spielen.<\/p>\n","protected":false},"featured_media":209242,"comment_status":"open","ping_status":"closed","template":"","meta":{"_acf_changed":false},"product_cat":[9994,9987,9988,8514,8927,8678],"product_tag":[],"berocket_brand":[9419],"class_list":["post-209222","product","type-product","status-publish","has-post-thumbnail","hentry","product_cat-fur-kinder","product_cat-geschenk","product_cat-mutterschaftsgeschenk","product_cat-kinderkleidung","product_cat-mini-baby-kleidungssets-onesies","product_cat-schlafen","product_shipping_class-pakket-de","berocket_brand-snoozebaby-de-2"],"acf":[],"aioseo_notices":[],"_links":{"self":[{"href":"https:\/\/glownaturalliving.com\/de\/wp-json\/wp\/v2\/product\/209222","targetHints":{"allow":["GET"]}}],"collection":[{"href":"https:\/\/glownaturalliving.com\/de\/wp-json\/wp\/v2\/product"}],"about":[{"href":"https:\/\/glownaturalliving.com\/de\/wp-json\/wp\/v2\/types\/product"}],"replies":[{"embeddable":true,"href":"https:\/\/glownaturalliving.com\/de\/wp-json\/wp\/v2\/comments?post=209222"}],"wp:featuredmedia":[{"embeddable":true,"href":"https:\/\/glownaturalliving.com\/de\/wp-json\/wp\/v2\/media\/209242"}],"wp:attachment":[{"href":"https:\/\/glownaturalliving.com\/de\/wp-json\/wp\/v2\/media?parent=209222"}],"wp:term":[{"taxonomy":"product_cat","embeddable":true,"href":"https:\/\/glownaturalliving.com\/de\/wp-json\/wp\/v2\/product_cat?post=209222"},{"taxonomy":"product_tag","embeddable":true,"href":"https:\/\/glownaturalliving.com\/de\/wp-json\/wp\/v2\/product_tag?post=209222"},{"taxonomy":"berocket_brand","embeddable":true,"href":"https:\/\/glownaturalliving.com\/de\/wp-json\/wp\/v2\/berocket_brand?post=209222"}],"curies":[{"name":"wp","href":"https:\/\/api.w.org\/{rel}","templated":true}]}}