{"id":209290,"date":"2021-12-21T11:27:28","date_gmt":"2021-12-21T10:27:28","guid":{"rendered":"https:\/\/glownaturalliving.com\/winkel\/unkategorisiert\/neugeborenen-kokon-inkl-muetze-toffee\/"},"modified":"2023-02-10T09:19:46","modified_gmt":"2023-02-10T08:19:46","slug":"neugeborenen-kokon-inkl-mutze-toffee","status":"publish","type":"product","link":"https:\/\/glownaturalliving.com\/de\/winkel\/geschenk\/mutterschaftsgeschenk\/neugeborenen-kokon-inkl-mutze-toffee\/","title":{"rendered":"Neugeborenenschlafsack und Anzug in 1 inkl. M\u00fctze \u2013 Toffee"},"content":{"rendered":"<h4>Neugeborenenschlafsack und Anzug in 1 inkl. M\u00fctze \u2013 Toffee<\/h4>\n<p>Ideale Kombination aus Anzug und Schlafsack in 1. Mit einem Knopf an der Unterseite der F\u00fc\u00dfe und einem sch\u00f6nen passenden M\u00fctze.<\/p>\n<p>Dieser sch\u00f6ne Schlafsack und Babyanzug in 1 inkl. Knopfm\u00fctze von Snoozebaby ist perfekt, um Ihr Kind in den ersten Wochen schlafen zu lassen. Es besteht aus Bio-Baumwolle und f\u00fchlt sich daher wunderbar weich und angenehm auf der empfindlichen Babyhaut an. Der Schlafsack l\u00e4sst sich leicht an- und ausziehen und ist durch den Knopf an der Unterseite auch sehr praktisch, um sein Kleines zu wechseln. Die \u00c4rmel k\u00f6nnen leicht gefaltet werden, um die H\u00e4nde Ihres Kindes sch\u00f6n warm zu halten und dienen direkt als Krabbenhandschuhe. Super praktisch! Das Anzug ist auch ideal, um es als Mutterschaftsgeschenk zu verschenken.<\/p>\n<ul>\n<li>Der Neugeborenenschlafsack besteht aus 100% Bio-Baumwolle mit einem wundersch\u00f6nen Regenbogenprint.<\/li>\n<li>Inkl. Knopfm\u00fctze<\/li>\n<li>Geeignet f\u00fcr Kinder von 0-3 Monaten \/ Gr\u00f6\u00dfe 50\/56<\/li>\n<li>Wunderbar weich und bequem<\/li>\n<li>Material: 100% Bio-Baumwolle (GOTS)<\/li>\n<\/ul>\n<p>100% Bio-Baumwolle (GOTS)<\/p>\n","protected":false},"excerpt":{"rendered":"<p>Ideale Kombination aus Anzug und Schlafsack in 1. Mit einem Knopf an der Unterseite der F\u00fc\u00dfe und einem sch\u00f6nen passenden M\u00fctze. Hergestellt aus 100% Bio-Baumwolle (GOTS).<\/p>\n","protected":false},"featured_media":205769,"comment_status":"open","ping_status":"closed","template":"","meta":{"_acf_changed":false},"product_cat":[9987,9988,8514,8927,8678],"product_tag":[],"berocket_brand":[9419],"class_list":["post-209290","product","type-product","status-publish","has-post-thumbnail","hentry","product_cat-geschenk","product_cat-mutterschaftsgeschenk","product_cat-kinderkleidung","product_cat-mini-baby-kleidungssets-onesies","product_cat-schlafen","product_shipping_class-pakket-de","berocket_brand-snoozebaby-de-2"],"acf":[],"aioseo_notices":[],"_links":{"self":[{"href":"https:\/\/glownaturalliving.com\/de\/wp-json\/wp\/v2\/product\/209290","targetHints":{"allow":["GET"]}}],"collection":[{"href":"https:\/\/glownaturalliving.com\/de\/wp-json\/wp\/v2\/product"}],"about":[{"href":"https:\/\/glownaturalliving.com\/de\/wp-json\/wp\/v2\/types\/product"}],"replies":[{"embeddable":true,"href":"https:\/\/glownaturalliving.com\/de\/wp-json\/wp\/v2\/comments?post=209290"}],"wp:featuredmedia":[{"embeddable":true,"href":"https:\/\/glownaturalliving.com\/de\/wp-json\/wp\/v2\/media\/205769"}],"wp:attachment":[{"href":"https:\/\/glownaturalliving.com\/de\/wp-json\/wp\/v2\/media?parent=209290"}],"wp:term":[{"taxonomy":"product_cat","embeddable":true,"href":"https:\/\/glownaturalliving.com\/de\/wp-json\/wp\/v2\/product_cat?post=209290"},{"taxonomy":"product_tag","embeddable":true,"href":"https:\/\/glownaturalliving.com\/de\/wp-json\/wp\/v2\/product_tag?post=209290"},{"taxonomy":"berocket_brand","embeddable":true,"href":"https:\/\/glownaturalliving.com\/de\/wp-json\/wp\/v2\/berocket_brand?post=209290"}],"curies":[{"name":"wp","href":"https:\/\/api.w.org\/{rel}","templated":true}]}}