{"id":209838,"date":"2022-09-19T10:48:17","date_gmt":"2022-09-19T09:48:17","guid":{"rendered":"https:\/\/glownaturalliving.com\/winkel\/unkategorisiert\/nuuroo-silikon-stapelsteine-10-stueck\/"},"modified":"2023-02-10T14:14:55","modified_gmt":"2023-02-10T13:14:55","slug":"nuuroo-silikon-stapelsteine-10-stuck","status":"publish","type":"product","link":"https:\/\/glownaturalliving.com\/de\/winkel\/geschenk\/fur-kinder\/nuuroo-silikon-stapelsteine-10-stuck\/","title":{"rendered":"Silikon-Stapelsteine \u2013 10 St\u00fcck"},"content":{"rendered":"<h4>Silikon-Stapelsteine \u2013 10 St\u00fcck<\/h4>\n<p id=\"tw-target-text\" class=\"tw-data-text tw-text-large tw-ta\" dir=\"ltr\" data-placeholder=\"Vertaling\"><span class=\"Y2IQFc\" lang=\"nl\">Mit dem Stapeln von Bausteinen lernt Ihr Kind, Balance zu schaffen und Elemente \u00fcbereinander zu stapeln. Die Bausteine bestehen aus weichem Silikon, das f\u00fcr kleine Kinder zum Spielen sch\u00f6n ist.<\/span><\/p>\n","protected":false},"excerpt":{"rendered":"<p>Mit dem Stapeln von Bausteinen lernt Ihr Kind, Balance zu schaffen und Elemente \u00fcbereinander zu stapeln. Ideal f\u00fcr die Kleinen!<\/p>\n","protected":false},"featured_media":209763,"comment_status":"open","ping_status":"closed","template":"","meta":{"_acf_changed":false},"product_cat":[9994,9987,9384,8675],"product_tag":[],"berocket_brand":[9564],"class_list":["post-209838","product","type-product","status-publish","has-post-thumbnail","hentry","product_cat-fur-kinder","product_cat-geschenk","product_cat-wohnen-de","product_cat-spielzeuge","product_shipping_class-pakket-de","berocket_brand-nuuroo"],"acf":[],"aioseo_notices":[],"_links":{"self":[{"href":"https:\/\/glownaturalliving.com\/de\/wp-json\/wp\/v2\/product\/209838","targetHints":{"allow":["GET"]}}],"collection":[{"href":"https:\/\/glownaturalliving.com\/de\/wp-json\/wp\/v2\/product"}],"about":[{"href":"https:\/\/glownaturalliving.com\/de\/wp-json\/wp\/v2\/types\/product"}],"replies":[{"embeddable":true,"href":"https:\/\/glownaturalliving.com\/de\/wp-json\/wp\/v2\/comments?post=209838"}],"wp:featuredmedia":[{"embeddable":true,"href":"https:\/\/glownaturalliving.com\/de\/wp-json\/wp\/v2\/media\/209763"}],"wp:attachment":[{"href":"https:\/\/glownaturalliving.com\/de\/wp-json\/wp\/v2\/media?parent=209838"}],"wp:term":[{"taxonomy":"product_cat","embeddable":true,"href":"https:\/\/glownaturalliving.com\/de\/wp-json\/wp\/v2\/product_cat?post=209838"},{"taxonomy":"product_tag","embeddable":true,"href":"https:\/\/glownaturalliving.com\/de\/wp-json\/wp\/v2\/product_tag?post=209838"},{"taxonomy":"berocket_brand","embeddable":true,"href":"https:\/\/glownaturalliving.com\/de\/wp-json\/wp\/v2\/berocket_brand?post=209838"}],"curies":[{"name":"wp","href":"https:\/\/api.w.org\/{rel}","templated":true}]}}