{"id":209840,"date":"2022-09-19T11:45:25","date_gmt":"2022-09-19T10:45:25","guid":{"rendered":"https:\/\/glownaturalliving.com\/?post_type=product&#038;p=209840"},"modified":"2023-10-28T13:46:09","modified_gmt":"2023-10-28T12:46:09","slug":"nuuroo-silikon-stapelturm-vanja-braun-farbmischung","status":"publish","type":"product","link":"https:\/\/glownaturalliving.com\/de\/winkel\/geschenk\/fur-kinder\/nuuroo-silikon-stapelturm-vanja-braun-farbmischung\/","title":{"rendered":"Silikon-Stapelturm Vanja \u2013 Braune Farbmischung"},"content":{"rendered":"<h4>Silikon-Stapelturm Vanja \u2013 Braune Farbmischung<\/h4>\n<p><span class=\"Y2IQFc\" lang=\"nl\">  Sch\u00f6ner stabiler Turm, um die Hand-Auge-Koordination und die motorischen F\u00e4higkeiten des Kindes zu trainieren. Der Turm besteht aus weichem Silikon und ist in neutralen Farben gehalten \u2013 wenn er nicht benutzt wird, sieht er im Kinderzimmer gut aus.  <\/span><\/p>\n<p><span class=\"Y2IQFc\" lang=\"nl\">Farbe: Braune Farbmischung  <\/span><\/p>\n<p><span class=\"Y2IQFc\" lang=\"nl\">Material: FDA-Silikon  <\/span><\/p>\n<p><span class=\"Y2IQFc\" lang=\"nl\">Ma\u00dfe: L: 23cm + B: 9 cm<\/span><\/p>\n","protected":false},"excerpt":{"rendered":"<p>Mit diesem sch\u00f6nen Stapelturm lernt Ihr Kind, Balance zu schaffen und Elemente \u00fcbereinander zu stapeln. Ideal f\u00fcr die Kleinen!<\/p>\n","protected":false},"featured_media":209781,"comment_status":"open","ping_status":"closed","template":"","meta":{"_acf_changed":false},"product_cat":[9994,9987,9384,8675],"product_tag":[],"berocket_brand":[9564],"class_list":["post-209840","product","type-product","status-publish","has-post-thumbnail","hentry","product_cat-fur-kinder","product_cat-geschenk","product_cat-wohnen-de","product_cat-spielzeuge","product_shipping_class-pakket-de","berocket_brand-nuuroo"],"acf":[],"aioseo_notices":[],"_links":{"self":[{"href":"https:\/\/glownaturalliving.com\/de\/wp-json\/wp\/v2\/product\/209840","targetHints":{"allow":["GET"]}}],"collection":[{"href":"https:\/\/glownaturalliving.com\/de\/wp-json\/wp\/v2\/product"}],"about":[{"href":"https:\/\/glownaturalliving.com\/de\/wp-json\/wp\/v2\/types\/product"}],"replies":[{"embeddable":true,"href":"https:\/\/glownaturalliving.com\/de\/wp-json\/wp\/v2\/comments?post=209840"}],"wp:featuredmedia":[{"embeddable":true,"href":"https:\/\/glownaturalliving.com\/de\/wp-json\/wp\/v2\/media\/209781"}],"wp:attachment":[{"href":"https:\/\/glownaturalliving.com\/de\/wp-json\/wp\/v2\/media?parent=209840"}],"wp:term":[{"taxonomy":"product_cat","embeddable":true,"href":"https:\/\/glownaturalliving.com\/de\/wp-json\/wp\/v2\/product_cat?post=209840"},{"taxonomy":"product_tag","embeddable":true,"href":"https:\/\/glownaturalliving.com\/de\/wp-json\/wp\/v2\/product_tag?post=209840"},{"taxonomy":"berocket_brand","embeddable":true,"href":"https:\/\/glownaturalliving.com\/de\/wp-json\/wp\/v2\/berocket_brand?post=209840"}],"curies":[{"name":"wp","href":"https:\/\/api.w.org\/{rel}","templated":true}]}}