{"id":209843,"date":"2022-09-19T11:58:09","date_gmt":"2022-09-19T10:58:09","guid":{"rendered":"https:\/\/glownaturalliving.com\/?post_type=product&#038;p=209843"},"modified":"2023-03-26T15:25:19","modified_gmt":"2023-03-26T14:25:19","slug":"nuuroo-gry-silikon-spiel-auto-2-pack-karamell-cafe-mix","status":"publish","type":"product","link":"https:\/\/glownaturalliving.com\/de\/winkel\/geschenk\/fur-kinder\/nuuroo-gry-silikon-spiel-auto-2-pack-karamell-cafe-mix\/","title":{"rendered":"Silikon Spielzeugauto 2er Pack \u2013 Karamell\/Caf\u00e9 Mischung"},"content":{"rendered":"<h4>Silikon Spielzeugauto 2er Pack \u2013 Karamell\/Caf\u00e9 Mischung<\/h4>\n<p id=\"tw-target-text\" class=\"tw-data-text tw-text-large tw-ta\" dir=\"ltr\" data-placeholder=\"Vertaling\"><span class=\"Y2IQFc\" lang=\"nl\">Softplay-Autos, die Sie unter der Dusche oder wo immer Sie m\u00f6chten, verwenden k\u00f6nnen. Das Material ist frei von sch\u00e4dlichen Chemikalien und bricht nicht. Auch sch\u00f6n als Dekoration im Kinderzimmer abzulegen.<\/span><\/p>\n<p class=\"tw-data-text tw-text-large tw-ta\" dir=\"ltr\" data-placeholder=\"Vertaling\"><span class=\"Y2IQFc\" lang=\"nl\">Material: FDA-Silikon  <\/span><\/p>\n<p class=\"tw-data-text tw-text-large tw-ta\" dir=\"ltr\" data-placeholder=\"Vertaling\"><span class=\"Y2IQFc\" lang=\"nl\">Abmessungen: L: 10,5 cm + B: 6,2 cm + H: 5,2 cm<\/span><\/p>\n<p>&nbsp;<\/p>\n","protected":false},"excerpt":{"rendered":"<p>Softplay-Autos, die Sie unter der Dusche oder wo immer Sie m\u00f6chten, verwenden k\u00f6nnen. Auch sch\u00f6n als Dekoration. Frei von sch\u00e4dlichen Chemikalien.<\/p>\n","protected":false},"featured_media":209796,"comment_status":"open","ping_status":"closed","template":"","meta":{"_acf_changed":false},"product_cat":[9994,9987,9384,8675],"product_tag":[],"berocket_brand":[9564],"class_list":["post-209843","product","type-product","status-publish","has-post-thumbnail","hentry","product_cat-fur-kinder","product_cat-geschenk","product_cat-wohnen-de","product_cat-spielzeuge","product_shipping_class-pakket-de","berocket_brand-nuuroo"],"acf":[],"aioseo_notices":[],"_links":{"self":[{"href":"https:\/\/glownaturalliving.com\/de\/wp-json\/wp\/v2\/product\/209843","targetHints":{"allow":["GET"]}}],"collection":[{"href":"https:\/\/glownaturalliving.com\/de\/wp-json\/wp\/v2\/product"}],"about":[{"href":"https:\/\/glownaturalliving.com\/de\/wp-json\/wp\/v2\/types\/product"}],"replies":[{"embeddable":true,"href":"https:\/\/glownaturalliving.com\/de\/wp-json\/wp\/v2\/comments?post=209843"}],"wp:featuredmedia":[{"embeddable":true,"href":"https:\/\/glownaturalliving.com\/de\/wp-json\/wp\/v2\/media\/209796"}],"wp:attachment":[{"href":"https:\/\/glownaturalliving.com\/de\/wp-json\/wp\/v2\/media?parent=209843"}],"wp:term":[{"taxonomy":"product_cat","embeddable":true,"href":"https:\/\/glownaturalliving.com\/de\/wp-json\/wp\/v2\/product_cat?post=209843"},{"taxonomy":"product_tag","embeddable":true,"href":"https:\/\/glownaturalliving.com\/de\/wp-json\/wp\/v2\/product_tag?post=209843"},{"taxonomy":"berocket_brand","embeddable":true,"href":"https:\/\/glownaturalliving.com\/de\/wp-json\/wp\/v2\/berocket_brand?post=209843"}],"curies":[{"name":"wp","href":"https:\/\/api.w.org\/{rel}","templated":true}]}}