{"id":209864,"date":"2022-09-19T13:01:37","date_gmt":"2022-09-19T12:01:37","guid":{"rendered":"https:\/\/glownaturalliving.com\/?post_type=product&#038;p=209864"},"modified":"2023-03-26T15:25:08","modified_gmt":"2023-03-26T14:25:08","slug":"nuuroo-bertil-trinkflasche-koala-350-ml-schwarz-iris","status":"publish","type":"product","link":"https:\/\/glownaturalliving.com\/de\/winkel\/geschenk\/fur-kinder\/nuuroo-bertil-trinkflasche-koala-350-ml-schwarz-iris\/","title":{"rendered":"Trinkflasche Koala 350 ml \u2013 Schwarze Iris"},"content":{"rendered":"<h4>Trinkflasche Koala 350 ml \u2013 Schwarze Iris<\/h4>\n<p id=\"tw-target-text\" class=\"tw-data-text tw-text-large tw-ta\" dir=\"ltr\" data-placeholder=\"Vertaling\"><span class=\"Y2IQFc\" lang=\"nl\">Trinkflasche aus Edelstahl.<\/span><\/p>\n<p class=\"tw-data-text tw-text-large tw-ta\" dir=\"ltr\" data-placeholder=\"Vertaling\"><span class=\"Y2IQFc\" lang=\"nl\">Bertil Trinkflasche ist aus dem besten Edelstahlmaterial auf dem Markt hergestellt \u2013 18\/8 Stahl. Die Flasche verf\u00fcgt \u00fcber eine Thermofunktion, die die Fl\u00fcssigkeiten 12 Stunden lang warm oder 24 Stunden kalt h\u00e4lt. Die Trinkflasche wird mit einem normalen, mit Holz \u00fcberzogenen Deckel auf der Oberseite und einem Aktivit\u00e4tsdeckel mit perfekter und enger Trinkfunktion mit Silikonauslauf geliefert. Beide Deckel haben Griffe und k\u00f6nnen einfach an einer Tasche oder einem Kinderwagen befestigt werden.  <\/span><\/p>\n<p class=\"tw-data-text tw-text-large tw-ta\" dir=\"ltr\" data-placeholder=\"Vertaling\"><span class=\"Y2IQFc\" lang=\"nl\">Inhalt: 350ml<\/span><\/p>\n<p class=\"tw-data-text tw-text-large tw-ta\" dir=\"ltr\" data-placeholder=\"Vertaling\"><span class=\"Y2IQFc\" lang=\"nl\">Material: Edelstahl  <\/span><\/p>\n<p class=\"tw-data-text tw-text-large tw-ta\" dir=\"ltr\" data-placeholder=\"Vertaling\">\n","protected":false},"excerpt":{"rendered":"<p>Bertil Trinkflasche ist aus dem besten Edelstahlmaterial auf dem Markt hergestellt \u2013 18\/8 Stahl. Die Flasche hat auch eine Thermofunktion.<\/p>\n","protected":false},"featured_media":209721,"comment_status":"open","ping_status":"closed","template":"","meta":{"_acf_changed":false},"product_cat":[9994,9987,9384,8509],"product_tag":[],"berocket_brand":[9564],"class_list":["post-209864","product","type-product","status-publish","has-post-thumbnail","hentry","product_cat-fur-kinder","product_cat-geschenk","product_cat-wohnen-de","product_cat-essen-trinken","product_shipping_class-pakket-de","berocket_brand-nuuroo"],"acf":[],"aioseo_notices":[],"_links":{"self":[{"href":"https:\/\/glownaturalliving.com\/de\/wp-json\/wp\/v2\/product\/209864","targetHints":{"allow":["GET"]}}],"collection":[{"href":"https:\/\/glownaturalliving.com\/de\/wp-json\/wp\/v2\/product"}],"about":[{"href":"https:\/\/glownaturalliving.com\/de\/wp-json\/wp\/v2\/types\/product"}],"replies":[{"embeddable":true,"href":"https:\/\/glownaturalliving.com\/de\/wp-json\/wp\/v2\/comments?post=209864"}],"wp:featuredmedia":[{"embeddable":true,"href":"https:\/\/glownaturalliving.com\/de\/wp-json\/wp\/v2\/media\/209721"}],"wp:attachment":[{"href":"https:\/\/glownaturalliving.com\/de\/wp-json\/wp\/v2\/media?parent=209864"}],"wp:term":[{"taxonomy":"product_cat","embeddable":true,"href":"https:\/\/glownaturalliving.com\/de\/wp-json\/wp\/v2\/product_cat?post=209864"},{"taxonomy":"product_tag","embeddable":true,"href":"https:\/\/glownaturalliving.com\/de\/wp-json\/wp\/v2\/product_tag?post=209864"},{"taxonomy":"berocket_brand","embeddable":true,"href":"https:\/\/glownaturalliving.com\/de\/wp-json\/wp\/v2\/berocket_brand?post=209864"}],"curies":[{"name":"wp","href":"https:\/\/api.w.org\/{rel}","templated":true}]}}