{"id":209882,"date":"2022-09-20T12:41:24","date_gmt":"2022-09-20T11:41:24","guid":{"rendered":"https:\/\/glownaturalliving.com\/?post_type=product&#038;p=209882"},"modified":"2023-03-26T15:25:03","modified_gmt":"2023-03-26T14:25:03","slug":"strick-kuscheltuch-mathilde","status":"publish","type":"product","link":"https:\/\/glownaturalliving.com\/de\/winkel\/geschenk\/mutterschaftsgeschenk\/strick-kuscheltuch-mathilde\/","title":{"rendered":"Kuscheltuch aus Strick Mathilde"},"content":{"rendered":"<h4>Kuscheltuch aus Strick Mathilde<\/h4>\n<p id=\"tw-target-text\" class=\"tw-data-text tw-text-large tw-ta\" dir=\"ltr\" data-placeholder=\"Vertaling\"><span class=\"Y2IQFc\" lang=\"nl\">Babykuscheliges Handtuch aus Bio-Strickbaumwolle<\/span><\/p>\n<p class=\"tw-data-text tw-text-large tw-ta\" dir=\"ltr\" data-placeholder=\"Vertaling\"><span class=\"Y2IQFc\" lang=\"nl\">Dieses s\u00fc\u00df gestrickte Kuscheltuch ist das weichste Kuscheltuch mit niedlichem B\u00e4renkopf. Es besteht aus 100% Bio-Baumwolle, gestrickt mit einer recycelten Polyesterf\u00fcllung. Mathilde ist die perfekte Freundin vor dem Schlafengehen Das Produkt ist CE-gepr\u00fcft.  <\/span><\/p>\n<p class=\"tw-data-text tw-text-large tw-ta\" dir=\"ltr\" data-placeholder=\"Vertaling\"><span class=\"Y2IQFc\" lang=\"nl\">Farbe: Kopfsteinpflaster<\/span><\/p>\n<p class=\"tw-data-text tw-text-large tw-ta\" dir=\"ltr\" data-placeholder=\"Vertaling\"><span class=\"Y2IQFc\" lang=\"nl\">Material: 100% Bio-Baumwolle  <\/span><\/p>\n<p class=\"tw-data-text tw-text-large tw-ta\" dir=\"ltr\" data-placeholder=\"Vertaling\"><span class=\"Y2IQFc\" lang=\"nl\">Ma\u00dfe: 35&#215;22 cm  <\/span><\/p>\n<p class=\"tw-data-text tw-text-large tw-ta\" dir=\"ltr\" data-placeholder=\"Vertaling\"><span class=\"Y2IQFc\" lang=\"nl\">Waschanleitung: Handw\u00e4sche in kaltem Wasser<\/span><\/p>\n","protected":false},"excerpt":{"rendered":"<p><span class=\"Y2IQFc\" lang=\"nl\">Dieses s\u00fc\u00df gestrickte Kuscheltuch ist das weichste Kuscheltuch mit niedlichem B\u00e4renkopf. Es besteht aus 100% Bio-Baumwolle, gestrickt mit einer recycelten Polyesterf\u00fcllung.  <\/span><\/p>\n","protected":false},"featured_media":209886,"comment_status":"open","ping_status":"closed","template":"","meta":{"_acf_changed":false},"product_cat":[9994,9987,9988,9384,8675],"product_tag":[],"berocket_brand":[9564],"class_list":["post-209882","product","type-product","status-publish","has-post-thumbnail","hentry","product_cat-fur-kinder","product_cat-geschenk","product_cat-mutterschaftsgeschenk","product_cat-wohnen-de","product_cat-spielzeuge","product_shipping_class-pakket-de","berocket_brand-nuuroo"],"acf":[],"aioseo_notices":[],"_links":{"self":[{"href":"https:\/\/glownaturalliving.com\/de\/wp-json\/wp\/v2\/product\/209882","targetHints":{"allow":["GET"]}}],"collection":[{"href":"https:\/\/glownaturalliving.com\/de\/wp-json\/wp\/v2\/product"}],"about":[{"href":"https:\/\/glownaturalliving.com\/de\/wp-json\/wp\/v2\/types\/product"}],"replies":[{"embeddable":true,"href":"https:\/\/glownaturalliving.com\/de\/wp-json\/wp\/v2\/comments?post=209882"}],"wp:featuredmedia":[{"embeddable":true,"href":"https:\/\/glownaturalliving.com\/de\/wp-json\/wp\/v2\/media\/209886"}],"wp:attachment":[{"href":"https:\/\/glownaturalliving.com\/de\/wp-json\/wp\/v2\/media?parent=209882"}],"wp:term":[{"taxonomy":"product_cat","embeddable":true,"href":"https:\/\/glownaturalliving.com\/de\/wp-json\/wp\/v2\/product_cat?post=209882"},{"taxonomy":"product_tag","embeddable":true,"href":"https:\/\/glownaturalliving.com\/de\/wp-json\/wp\/v2\/product_tag?post=209882"},{"taxonomy":"berocket_brand","embeddable":true,"href":"https:\/\/glownaturalliving.com\/de\/wp-json\/wp\/v2\/berocket_brand?post=209882"}],"curies":[{"name":"wp","href":"https:\/\/api.w.org\/{rel}","templated":true}]}}