{"id":210147,"date":"2022-09-22T10:26:16","date_gmt":"2022-09-22T09:26:16","guid":{"rendered":"https:\/\/glownaturalliving.com\/?post_type=product&#038;p=210147"},"modified":"2024-07-15T15:18:44","modified_gmt":"2024-07-15T14:18:44","slug":"warm-baby-anzug-alte-rose","status":"publish","type":"product","link":"https:\/\/glownaturalliving.com\/de\/winkel\/geschenk\/mutterschaftsgeschenk\/warm-baby-anzug-alte-rose\/","title":{"rendered":"Warmer Babyanzug \u2013 Old Rose"},"content":{"rendered":"<div id=\"tw-target-text-container\" class=\"tw-ta-container F0azHf tw-nfl\" tabindex=\"0\">\n<h4>Warmer Babyanzug \u2013 Hafer<\/h4>\n<p id=\"tw-target-text\" class=\"tw-data-text tw-text-large tw-ta\" dir=\"ltr\" data-placeholder=\"Vertaling\"><span class=\"Y2IQFc\" lang=\"nl\">Dieser sch\u00f6ne Wickel-Babyanzug besteht aus dem charakteristischen Stoff von Co Label, wunderbar weicher und warmer Baumwolle. Der Knopfverschluss befindet sich an der Innenseite der Oberschenkel, also super praktisch beim Wechseln. Der Verschluss mit Schn\u00fcren auf der Vorderseite passt sich leicht der Gr\u00f6\u00dfe des Babys und des Bauches an. Die Arme und Beine haben auch etwas mehr L\u00e4nge, so dass das Paket extra lange halten kann. Und es macht noch mehr Spa\u00df, die \u00c4rmel und Beine ein wenig zu drehen.<\/span><\/p>\n<\/div>\n<div class=\"iYB33c\">\n<div id=\"tw-tmenu\" class=\"tw-menu\"><\/div>\n<\/div>\n","protected":false},"excerpt":{"rendered":"<p><span class=\"Y2IQFc\" lang=\"nl\">Dieser sch\u00f6ne Wickel-Babyanzug besteht aus dem charakteristischen Stoff von Co Label, wunderbar weicher und warmer Baumwolle.<\/span><\/p>\n","protected":false},"featured_media":209946,"comment_status":"open","ping_status":"closed","template":"","meta":{"_acf_changed":false},"product_cat":[9987,9988,8514,8927,8683],"product_tag":[],"berocket_brand":[9571],"class_list":["post-210147","product","type-product","status-publish","has-post-thumbnail","hentry","product_cat-geschenk","product_cat-mutterschaftsgeschenk","product_cat-kinderkleidung","product_cat-mini-baby-kleidungssets-onesies","product_cat-angebot","product_shipping_class-pakket-de","berocket_brand-co-label-de-2"],"acf":[],"aioseo_notices":[],"_links":{"self":[{"href":"https:\/\/glownaturalliving.com\/de\/wp-json\/wp\/v2\/product\/210147","targetHints":{"allow":["GET"]}}],"collection":[{"href":"https:\/\/glownaturalliving.com\/de\/wp-json\/wp\/v2\/product"}],"about":[{"href":"https:\/\/glownaturalliving.com\/de\/wp-json\/wp\/v2\/types\/product"}],"replies":[{"embeddable":true,"href":"https:\/\/glownaturalliving.com\/de\/wp-json\/wp\/v2\/comments?post=210147"}],"wp:featuredmedia":[{"embeddable":true,"href":"https:\/\/glownaturalliving.com\/de\/wp-json\/wp\/v2\/media\/209946"}],"wp:attachment":[{"href":"https:\/\/glownaturalliving.com\/de\/wp-json\/wp\/v2\/media?parent=210147"}],"wp:term":[{"taxonomy":"product_cat","embeddable":true,"href":"https:\/\/glownaturalliving.com\/de\/wp-json\/wp\/v2\/product_cat?post=210147"},{"taxonomy":"product_tag","embeddable":true,"href":"https:\/\/glownaturalliving.com\/de\/wp-json\/wp\/v2\/product_tag?post=210147"},{"taxonomy":"berocket_brand","embeddable":true,"href":"https:\/\/glownaturalliving.com\/de\/wp-json\/wp\/v2\/berocket_brand?post=210147"}],"curies":[{"name":"wp","href":"https:\/\/api.w.org\/{rel}","templated":true}]}}