{"id":210234,"date":"2022-10-06T19:07:27","date_gmt":"2022-10-06T18:07:27","guid":{"rendered":"https:\/\/glownaturalliving.com\/?post_type=product&#038;p=210234"},"modified":"2023-03-26T15:24:45","modified_gmt":"2023-03-26T14:24:45","slug":"zweig-blatter-ocker","status":"publish","type":"product","link":"https:\/\/glownaturalliving.com\/de\/winkel\/geschenk\/fuer-sie\/zweig-blatter-ocker\/","title":{"rendered":"Zweigbl\u00e4tter \u2013 Ocker"},"content":{"rendered":"<p><strong>Zweigbl\u00e4tter \u2013 Ocker<\/strong><\/p>\n<p><strong>Schneller Atmosph\u00e4renmacher<\/strong><\/p>\n<p>Twig ist eine grafische Innendekoration. In wenigen Minuten k\u00f6nnen Sie einen Zweig in einen subtilen Kranz und auch eine lange Rebe verwandeln. Jedes ockerfarbene Papierblatt ist vorgestanzt und hat Schlitze, durch die Sie den wei\u00dfen Aluminiumdraht einf\u00e4deln k\u00f6nnen.<\/p>\n<p><strong>Kr\u00e4nze und Girlanden<\/strong><\/p>\n<p>Einmal geschn\u00fcrt k\u00f6nnen Sie frei mit den M\u00f6glichkeiten gehen! Biegen Sie den Draht herum und Sie erzeugen einen Kranz, f\u00e4deln Sie ein langes Pendel ein und Sie k\u00f6nnen die Ranke Ihres hohen Schranks nach unten schwingen.<\/p>\n<p>Sehr stilvoll: ein Zweigrang in der Mitte \u00fcber Ihrem festlich gesetzten Tisch. Und wenn Sie ein St\u00fcck Faden und einige Bl\u00e4tter \u00fcbrig haben: Machen Sie ein Geschenk ein Geschenk, das niemand auspacken will, so sch\u00f6n&#8230;<\/p>\n<p><strong>Info<\/strong><\/p>\n<p>\u2022 3 Karten mit insgesamt 57 vorgestanzten Bl\u00e4ttern.<br \/>\n\u2022 3 Meter Eisendraht.<br \/>\n\u2022 Gr\u00f6\u00dfe der Bl\u00e4tter: zwischen 2cm und 3cm.<\/p>\n","protected":false},"excerpt":{"rendered":"<p>Mit diesem erstaunlichen DIY-Paket k\u00f6nnen Sie einen sch\u00f6nen Papierkranz an der Wand, eine Dekoration f\u00fcr den Tisch oder eine sch\u00f6ne Geschenkbox machen.<\/p>\n","protected":false},"featured_media":215026,"comment_status":"closed","ping_status":"closed","template":"","meta":{"_acf_changed":false},"product_cat":[9998,9987,9384,8559],"product_tag":[],"berocket_brand":[8762],"class_list":["post-210234","product","type-product","status-publish","has-post-thumbnail","hentry","product_cat-fuer-sie","product_cat-geschenk","product_cat-wohnen-de","product_cat-dekoration","product_shipping_class-pakket-de","berocket_brand-jurianne-matter-de"],"acf":[],"aioseo_notices":[],"_links":{"self":[{"href":"https:\/\/glownaturalliving.com\/de\/wp-json\/wp\/v2\/product\/210234","targetHints":{"allow":["GET"]}}],"collection":[{"href":"https:\/\/glownaturalliving.com\/de\/wp-json\/wp\/v2\/product"}],"about":[{"href":"https:\/\/glownaturalliving.com\/de\/wp-json\/wp\/v2\/types\/product"}],"replies":[{"embeddable":true,"href":"https:\/\/glownaturalliving.com\/de\/wp-json\/wp\/v2\/comments?post=210234"}],"wp:featuredmedia":[{"embeddable":true,"href":"https:\/\/glownaturalliving.com\/de\/wp-json\/wp\/v2\/media\/215026"}],"wp:attachment":[{"href":"https:\/\/glownaturalliving.com\/de\/wp-json\/wp\/v2\/media?parent=210234"}],"wp:term":[{"taxonomy":"product_cat","embeddable":true,"href":"https:\/\/glownaturalliving.com\/de\/wp-json\/wp\/v2\/product_cat?post=210234"},{"taxonomy":"product_tag","embeddable":true,"href":"https:\/\/glownaturalliving.com\/de\/wp-json\/wp\/v2\/product_tag?post=210234"},{"taxonomy":"berocket_brand","embeddable":true,"href":"https:\/\/glownaturalliving.com\/de\/wp-json\/wp\/v2\/berocket_brand?post=210234"}],"curies":[{"name":"wp","href":"https:\/\/api.w.org\/{rel}","templated":true}]}}