{"id":210329,"date":"2022-10-10T11:31:58","date_gmt":"2022-10-10T10:31:58","guid":{"rendered":"https:\/\/glownaturalliving.com\/?post_type=product&#038;p=210329"},"modified":"2025-02-11T13:09:12","modified_gmt":"2025-02-11T12:09:12","slug":"feldblumen-gross-weiss","status":"publish","type":"product","link":"https:\/\/glownaturalliving.com\/de\/winkel\/geschenk\/fuer-sie\/feldblumen-gross-weiss\/","title":{"rendered":"FELDBLUMEN \u2013 gro\u00dfes Wei\u00df"},"content":{"rendered":"<p><strong>FELDBLUMEN \u2013 gro\u00dfes Wei\u00df<\/strong><\/p>\n<p class=\"desc\">Diese sch\u00f6nen Papierblumen von Jurianne Matter sind das perfekte Geschenk. F\u00fcr sich selbst oder f\u00fcr jemand anderen. Machen Sie es zu einem sch\u00f6nen Blumenstrau\u00df oder einem Kranz.<\/p>\n<p>FIELD white, ein Set aus reinen wei\u00dfen Papierblumen. Eine Ode an die Form!<\/p>\n<p>Diese wei\u00dfen Papierblumen f\u00fcgen sich wunderbar in ein ruhiges Interieur mit hellen Erdt\u00f6nen und nat\u00fcrlichen Materialien ein. Und stellen Sie sie in eine Vase gegen eine farbige Wand und sehen Sie, welche Wirkung das hat! FIELD white macht einen fantastischen Job als Kranz. So wird Ihr kleines DIY-Projekt zum minimalistischen Blickfang in Ihrem Wohnzimmer oder zu einem ganz besonderen Ornament f\u00fcr Ihre Hochzeitslocation.<\/p>\n<p><strong>Hochzeitsdekoration<\/strong><\/p>\n<p>Und wenn wir schon beim Thema Heiraten sind: Falten Sie ein paar Blumen, f\u00fcgen Sie etwas echtes Gr\u00fcn hinzu und Sie haben einen einzigartigen und nachhaltigen Brautstrau\u00df. Die gleichen Blumen finden sich in den Korsagen und auf den sch\u00f6n gedeckten Tischen zum Mittag- oder Abendessen. Schenken Sie Ihren G\u00e4sten am Ende des Tages eine Blume als bleibende Erinnerung an Ihren besonderen Tag.<\/p>\n<p><strong>Blumenstrau\u00df in Ihren eigenen Farben<\/strong><\/p>\n<p>Das Tolle an dieser FIELD-Version ist, dass der Strau\u00df komplett leer ist. So k\u00f6nnen Sie den Blumen die Farben geben, die Ihnen am besten gefallen. Schnappen Sie sich den Pinsel, die Buntstifte oder die Bleistifte und geben Sie den Blumen, wenn sie noch in ihrem Papier sind, Ihre Lieblingsfarbe. Lassen Sie das Papier trocknen, entfernen Sie die Blumen aus ihrer Form und falten Sie sie.<\/p>\n<p><strong>Einfaches selbstgemachtes Set<\/strong><\/p>\n<p>F\u00fcr diesen Blumenstrau\u00df oder f\u00fcr einen sch\u00f6nen Kranz ben\u00f6tigen Sie nur den Inhalt dieses Sets. Nichts muss geschnitten, nichts geklebt werden, alles ist vorgestanzt und vibriert und die Bl\u00fctenstiele \u2013 der Draht \u2013 sind schon da. Schneiden Sie den Blumendraht auf die gew\u00fcnschte L\u00e4nge, f\u00e4deln Sie ihn durch die vorgestanzten Schlitze und stellen Sie Ihren Strau\u00df oder Kranz selbst zusammen.<\/p>\n<p><strong>Nachhaltiges Geschenk<\/strong><\/p>\n<p>GENAU WIE FIELD LARGE IST FIELD white ein doppelter nachhaltiger Blumenstrau\u00df: Die Blumen welken nicht und werden mit organischer Tinte auf FSC-zertifiziertem Papier gedruckt.<\/p>\n<p><strong>Info<\/strong><\/p>\n<ul>\n<li>F\u00fcnf A4-Karten mit insgesamt 12 gestanzten Blumen.<\/li>\n<li>Inklusive 6,00m Blumendraht.<\/li>\n<li>Die gr\u00f6\u00dfte Distel hat im zusammengeklappten Zustand einen Durchmesser von 8cm.<\/li>\n<li>Die gr\u00f6\u00dfte Schilffahne ist 10cm lang gefaltet.<\/li>\n<li>Der Zweig mit runden Bl\u00e4ttern ist 28cm lang.<\/li>\n<li>Die gro\u00dfe Iris ist 11cm hoch und 7,5cm breit.<\/li>\n<\/ul>\n","protected":false},"excerpt":{"rendered":"<p>Diese sch\u00f6nen Papierblumen von Jurianne Matter sind das perfekte Geschenk. F\u00fcr sich selbst oder f\u00fcr jemand anderen. Machen Sie es zu einem sch\u00f6nen Blumenstrau\u00df oder einem Kranz.<\/p>\n<p>&nbsp;<\/p>\n","protected":false},"featured_media":214987,"comment_status":"closed","ping_status":"closed","template":"","meta":{"_acf_changed":false},"product_cat":[9998,9987,9384,8559],"product_tag":[],"berocket_brand":[8762],"class_list":["post-210329","product","type-product","status-publish","has-post-thumbnail","hentry","product_cat-fuer-sie","product_cat-geschenk","product_cat-wohnen-de","product_cat-dekoration","product_shipping_class-pakket-de","berocket_brand-jurianne-matter-de"],"acf":[],"aioseo_notices":[],"_links":{"self":[{"href":"https:\/\/glownaturalliving.com\/de\/wp-json\/wp\/v2\/product\/210329","targetHints":{"allow":["GET"]}}],"collection":[{"href":"https:\/\/glownaturalliving.com\/de\/wp-json\/wp\/v2\/product"}],"about":[{"href":"https:\/\/glownaturalliving.com\/de\/wp-json\/wp\/v2\/types\/product"}],"replies":[{"embeddable":true,"href":"https:\/\/glownaturalliving.com\/de\/wp-json\/wp\/v2\/comments?post=210329"}],"wp:featuredmedia":[{"embeddable":true,"href":"https:\/\/glownaturalliving.com\/de\/wp-json\/wp\/v2\/media\/214987"}],"wp:attachment":[{"href":"https:\/\/glownaturalliving.com\/de\/wp-json\/wp\/v2\/media?parent=210329"}],"wp:term":[{"taxonomy":"product_cat","embeddable":true,"href":"https:\/\/glownaturalliving.com\/de\/wp-json\/wp\/v2\/product_cat?post=210329"},{"taxonomy":"product_tag","embeddable":true,"href":"https:\/\/glownaturalliving.com\/de\/wp-json\/wp\/v2\/product_tag?post=210329"},{"taxonomy":"berocket_brand","embeddable":true,"href":"https:\/\/glownaturalliving.com\/de\/wp-json\/wp\/v2\/berocket_brand?post=210329"}],"curies":[{"name":"wp","href":"https:\/\/api.w.org\/{rel}","templated":true}]}}