{"id":210440,"date":"2022-10-14T15:34:41","date_gmt":"2022-10-14T14:34:41","guid":{"rendered":"https:\/\/glownaturalliving.com\/winkel\/unkategorisiert\/edelstahl-lunch-box-coco\/"},"modified":"2023-02-12T10:24:34","modified_gmt":"2023-02-12T09:24:34","slug":"edelstahl-lunch-box-coco","status":"publish","type":"product","link":"https:\/\/glownaturalliving.com\/de\/winkel\/geschenk\/fur-kinder\/edelstahl-lunch-box-coco\/","title":{"rendered":"Lunchbox aus Edelstahl \u2013 Coco"},"content":{"rendered":"<h4 class=\"product_title entry-title\">Lunchbox aus Edelstahl \u2013 Coco<\/h4>\n<p>Diese sch\u00f6ne Lunchbox von Eef Lillemor aus Edelstahl ist umweltfreundlich, ungiftig und BPA-frei. Diese strapazierf\u00e4hige Lunchbox leckt nicht aus und hat ein praktisches Silikonband, mit dem das Besteck F\u00e4sser gehalten werden kann, also super praktisch!<\/p>\n<p>Erh\u00e4ltlich in 4 verschiedenen Farben.<\/p>\n<ul>\n<li>Abmessungen: L 16cm x B 11cm x 5.5cm<\/li>\n<li>Nicht geeignet f\u00fcr Kinder unter drei Jahren<\/li>\n<li>Inhalt 700 ml<\/li>\n<li>Sp\u00fclmaschinenfest. Es wird empfohlen, den Deckel und das Silikonband von Hand zu waschen.<\/li>\n<li>Nicht f\u00fcr die Mikrowelle geeignet<\/li>\n<li>Vor dem ersten Gebrauch waschen.<\/li>\n<\/ul>\n","protected":false},"excerpt":{"rendered":"<p>Diese sch\u00f6ne Lunchbox von Eef Lillemor aus Edelstahl ist umweltfreundlich, ungiftig und BPA-frei. Diese strapazierf\u00e4hige Lunchbox leckt nicht aus und hat ein praktisches Silikonband, mit dem das Besteck F\u00e4sser gehalten werden kann, also super praktisch!<\/p>\n","protected":false},"featured_media":210429,"comment_status":"open","ping_status":"closed","template":"","meta":{"_acf_changed":false},"product_cat":[9994,9987,9384,8509],"product_tag":[],"berocket_brand":[8783],"class_list":["post-210440","product","type-product","status-publish","has-post-thumbnail","hentry","product_cat-fur-kinder","product_cat-geschenk","product_cat-wohnen-de","product_cat-essen-trinken","product_shipping_class-pakket-de","berocket_brand-eef-lillemor-de-2"],"acf":[],"aioseo_notices":[],"_links":{"self":[{"href":"https:\/\/glownaturalliving.com\/de\/wp-json\/wp\/v2\/product\/210440","targetHints":{"allow":["GET"]}}],"collection":[{"href":"https:\/\/glownaturalliving.com\/de\/wp-json\/wp\/v2\/product"}],"about":[{"href":"https:\/\/glownaturalliving.com\/de\/wp-json\/wp\/v2\/types\/product"}],"replies":[{"embeddable":true,"href":"https:\/\/glownaturalliving.com\/de\/wp-json\/wp\/v2\/comments?post=210440"}],"wp:featuredmedia":[{"embeddable":true,"href":"https:\/\/glownaturalliving.com\/de\/wp-json\/wp\/v2\/media\/210429"}],"wp:attachment":[{"href":"https:\/\/glownaturalliving.com\/de\/wp-json\/wp\/v2\/media?parent=210440"}],"wp:term":[{"taxonomy":"product_cat","embeddable":true,"href":"https:\/\/glownaturalliving.com\/de\/wp-json\/wp\/v2\/product_cat?post=210440"},{"taxonomy":"product_tag","embeddable":true,"href":"https:\/\/glownaturalliving.com\/de\/wp-json\/wp\/v2\/product_tag?post=210440"},{"taxonomy":"berocket_brand","embeddable":true,"href":"https:\/\/glownaturalliving.com\/de\/wp-json\/wp\/v2\/berocket_brand?post=210440"}],"curies":[{"name":"wp","href":"https:\/\/api.w.org\/{rel}","templated":true}]}}