{"id":211597,"date":"2022-11-11T10:50:53","date_gmt":"2022-11-11T09:50:53","guid":{"rendered":"https:\/\/glownaturalliving.com\/?post_type=product&#038;p=211597"},"modified":"2025-05-20T09:19:37","modified_gmt":"2025-05-20T08:19:37","slug":"natuerlich-spiel-make-up-lollypop-pink","status":"publish","type":"product","link":"https:\/\/glownaturalliving.com\/de\/winkel\/geschenk\/fur-kinder\/natuerlich-spiel-make-up-lollypop-pink\/","title":{"rendered":"Nat\u00fcrliches Spiel-Make-up \u2013 Lollypop Pink"},"content":{"rendered":"<h4 class=\"h2 product-single__title\">Nat\u00fcrliches Spiel-Make-up \u2013 Lollypop Pink<\/h4>\n<div id=\"center_col\" class=\"s6JM6d\">\n<div id=\"res\" class=\"eqAnXb\" role=\"main\">\n<div id=\"search\">\n<div data-hveid=\"CAYQBA\" data-ved=\"2ahUKEwik4Z3B1KP7AhVGuKQKHST7DSwQGnoECAYQBA\">\n<div id=\"rso\" class=\"v7W49e\" data-async-context=\"query:google%20translate\">\n<div class=\"ULSxyf\">\n<div class=\"MjjYud\">\n<div class=\"KIy09e obcontainer wDYxhc\" data-md=\"77\" data-hveid=\"CAUQAA\" data-ved=\"2ahUKEwik4Z3B1KP7AhVGuKQKHST7DSwQkCl6BAgFEAA\">\n<div id=\"tw-main\" data-hveid=\"CAUQAQ\">\n<div id=\"tw-container\" class=\"\" data-cp=\"1\" data-is-ver=\"false\" data-nnttsvi=\"1\" data-sbsl=\"ru,uk\" data-sm=\"1\" data-ssbp=\"true\" data-sugg-time=\"500\" data-sugg-url=\"https:\/\/clients1.google.com\/complete\/search\" data-uilc=\"nl\">\n<div id=\"tw-ob\" class=\"tw-src-ltr\">\n<div class=\"oSioSc\">\n<div id=\"tw-target\">\n<div id=\"kAz1tf\" class=\"g9WsWb\">\n<div id=\"tw-target-text-container\" class=\"tw-ta-container F0azHf tw-nfl\" tabindex=\"0\">\n<p dir=\"ltr\" data-placeholder=\"Vertaling\">Das Testpanel (der kleinen Damen) hat \u00fcber die neue Farbe abgestimmt: rosa ist es! Dem stimmen wir voll und ganz zu.  <span class=\"Y2IQFc\" lang=\"nl\">Rosa ist nicht nur eine sehr sch\u00f6ne Farbe, es ist auch perfekt f\u00fcr Kinder-Make-up. Diese warme, aber zarte Farbe eignet sich sehr gut als Rouge oder Lidschatten und passt hervorragend zu den anderen Farben. Lollypop Pink ist ein 100% nat\u00fcrliches und ungiftiges Make-up f\u00fcr Kinder. Wir haben es f\u00fcr Ihre Kleinen entworfen. Das bedeutet, dass es einfach anzuwenden und absolut sicher zu bedienen ist. Dieser Balsam ist mit nat\u00fcrlichen Pigmenten gef\u00e4rbt, die einen sch\u00f6nen rosa Farbton abgeben. Verwenden Sie es als Lidschatten, Rouge oder einfach wo immer Sie wollen. Seien Sie kreativ, es gibt keine Regeln!<\/span><\/p>\n<p id=\"tw-target-text\" class=\"tw-data-text tw-text-large tw-ta\" dir=\"ltr\" data-placeholder=\"Vertaling\"><span style=\"font-size: 14.4px;\">Der Hauptbestandteil dieses Kinder-Make-up-Balsams ist Jojoba\u00f6l (Simmondsia Chinensis). Im Gegensatz zu Mica basiertem Make-up f\u00fcr Kinder ist dies kein pudriges Make-up. Kein Risiko, Puder einzuatmen oder Make-up \u00fcberall zu verteilen, wenn Ihre Kinder es versehentlich fallen lassen! Dar\u00fcber hinaus ist dieses Make-up sehr weich und kann auf jedem Hauttyp verwendet werden.<\/span><\/p>\n<p class=\"tw-data-text tw-text-large tw-ta\" dir=\"ltr\" data-placeholder=\"Vertaling\"><span class=\"Y2IQFc\" lang=\"nl\">Planet proof! Es ist nicht nur das beste nat\u00fcrliche Kinder-Make-up, sondern auch so umweltfreundlich wie m\u00f6glich. Daher wird das Spiel-Make-up in einem recycelbaren Kartonbeh\u00e4lter geliefert, der kein Plastik enth\u00e4lt. Wenn Ihr Make-up ausgeht, reinigen Sie einfach den Beh\u00e4lter und recyceln Sie ihn. Der Transport und seine Auswirkungen auf die Umwelt wurden ebenfalls ber\u00fccksichtigt. Deshalb wird das Make-up hier in den Niederlanden hergestellt.  <\/span><\/p>\n<p class=\"tw-data-text tw-text-large tw-ta\" dir=\"ltr\" data-placeholder=\"Vertaling\"> <span class=\"Y2IQFc\" lang=\"nl\"><strong> Warum Sie und Ihre Kinder dieses Natural Play Make-up <\/strong><\/p>\n<p><\/span><span class=\"Y2IQFc\" lang=\"nl\"><strong>Butterfly Blue<\/strong> lieben werden: <\/span> <\/p>\n<ul>\n<li class=\"tw-data-text tw-text-large tw-ta\" dir=\"ltr\" data-placeholder=\"Vertaling\"><span class=\"Y2IQFc\" lang=\"nl\">100% nat\u00fcrlich gewonnene Inhaltsstoffe  <\/span><\/li>\n<li class=\"tw-data-text tw-text-large tw-ta\" dir=\"ltr\" data-placeholder=\"Vertaling\"><span class=\"Y2IQFc\" lang=\"nl\">100% vegan<\/span><\/li>\n<li class=\"tw-data-text tw-text-large tw-ta\" dir=\"ltr\" data-placeholder=\"Vertaling\"><span class=\"Y2IQFc\" lang=\"nl\">  Kein Mikroplastik oder Mikroperlen; zertifiziert Zero Plastics Inside  <\/span><\/li>\n<li class=\"tw-data-text tw-text-large tw-ta\" dir=\"ltr\" data-placeholder=\"Vertaling\"><span class=\"Y2IQFc\" lang=\"nl\">Keine l\u00e4stigen Zutaten, die Ihre Kinder nicht verwenden sollen  <\/span><\/li>\n<li class=\"tw-data-text tw-text-large tw-ta\" dir=\"ltr\" data-placeholder=\"Vertaling\"><span class=\"Y2IQFc\" lang=\"nl\">Nat\u00fcrliche Pigmente f\u00fcr eine sch\u00f6ne, tiefblaue F\u00e4rbung  <\/span><\/li>\n<li class=\"tw-data-text tw-text-large tw-ta\" dir=\"ltr\" data-placeholder=\"Vertaling\"><span class=\"Y2IQFc\" lang=\"nl\">Spa\u00df und einfach anzuwenden  <\/span><\/li>\n<li class=\"tw-data-text tw-text-large tw-ta\" dir=\"ltr\" data-placeholder=\"Vertaling\"><span class=\"Y2IQFc\" lang=\"nl\">Sehr sanft zur Haut  <\/span><\/li>\n<li class=\"tw-data-text tw-text-large tw-ta\" dir=\"ltr\" data-placeholder=\"Vertaling\"><span class=\"Y2IQFc\" lang=\"nl\">\u00d6lbasiert, also keine unordentlichen Pulver  <\/span><\/li>\n<li class=\"tw-data-text tw-text-large tw-ta\" dir=\"ltr\" data-placeholder=\"Vertaling\"><span class=\"Y2IQFc\" lang=\"nl\">Umweltfreundliche Karton- und plastikfreie Verpackungen  <\/span><\/li>\n<li class=\"tw-data-text tw-text-large tw-ta\" dir=\"ltr\" data-placeholder=\"Vertaling\"><span class=\"Y2IQFc\" lang=\"nl\">Professionell handgefertigt in den Niederlanden  <\/span><\/li>\n<li class=\"tw-data-text tw-text-large tw-ta\" dir=\"ltr\" data-placeholder=\"Vertaling\"><span class=\"Y2IQFc\" lang=\"nl\">Dermatologisch getestet  <\/span><\/li>\n<\/ul>\n<p><span class=\"Y2IQFc\" lang=\"nl\"><strong>Zutaten:<\/strong><\/span><\/p>\n<p id=\"tw-target-text\" class=\"tw-data-text tw-text-large tw-ta\" dir=\"ltr\" data-placeholder=\"Vertaling\"><span class=\"Y2IQFc\" lang=\"nl\">Simmondsia chinensis Samen\u00f6l* (Jojoba\u00f6l), Oryza Sativa St\u00e4rke (Reisst\u00e4rke), Triheptanoin, Glimmer, Titandioxid, Euphorbia cerifera cera (Candelilla), Glycerin*, Caesalpinia Sappan Rindenextrakt (Sappanholz) Glycin Sojasamenextrakt (Soja), Zinnoxid<\/span><\/p>\n<p><span class=\"Y2IQFc\" lang=\"nl\">*Aus kontrolliert biologischem Anbau  <\/span><\/p>\n<p><span class=\"Y2IQFc\" lang=\"nl\">Inhalt 5 Gramm. Das reicht f\u00fcr jede Menge Make-up-Spa\u00df!<\/span><\/p>\n<\/div>\n<\/div>\n<\/div>\n<\/div>\n<\/div>\n<\/div>\n<\/div>\n<\/div>\n<\/div>\n<\/div>\n<div>\n<div class=\"ULSxyf\">\n<div class=\"MjjYud\">\n<div class=\"g\" data-hveid=\"CE0QAA\">\n<div class=\"BYM4Nd\">\n<div class=\"eKjLze\">\n<div class=\"g\">\n<div lang=\"nl\" data-hveid=\"CE4QAA\" data-ved=\"2ahUKEwik4Z3B1KP7AhVGuKQKHST7DSwQFSgAegQIThAA\">\n<div class=\"tF2Cxc\">\n<div class=\"yuRUbf\"><a href=\"https:\/\/translate.google.com\/?hl=nl\" data-ved=\"2ahUKEwik4Z3B1KP7AhVGuKQKHST7DSwQFnoECEcQAQ\"> <\/a><\/div>\n<\/div>\n<\/div>\n<\/div>\n<\/div>\n<\/div>\n<\/div>\n<\/div>\n<\/div>\n<\/div>\n<\/div>\n<\/div>\n<\/div>\n<\/div>\n<\/div>\n<div id=\"rhs\" class=\"TQc1id hSOk2e rhstc4 xt-g-google-trends-root\" role=\"complementary\" data-pws=\"1300\" data-spe=\"true\" data-hveid=\"CAgQAA\">\n<div id=\"xt-trend-chart-root\" class=\"xt-ke-card\">\n<div class=\"xt-google-trend-canvas\">\n<div class=\"chartjs-size-monitor\">\n<div class=\"chartjs-size-monitor-expand\">\n<div class=\"\"><\/div>\n<\/div>\n<div class=\"chartjs-size-monitor-shrink\"><\/div>\n<\/div>\n<\/div>\n<div class=\"xt-widget-iframe\"><\/div>\n<\/div>\n<div id=\"xt-google-ltkwid\" class=\"xt-widget-table\">\n<div class=\"xt-widget-pagination\"><\/div>\n<\/div>\n<\/div>\n","protected":false},"excerpt":{"rendered":"<p id=\"tw-target-text\" class=\"tw-data-text tw-text-large tw-ta\" dir=\"ltr\" data-placeholder=\"Vertaling\"><span class=\"Y2IQFc\" lang=\"nl\">  Lollypop Pink ist ein 100% nat\u00fcrliches und ungiftiges Make-up f\u00fcr Kinder. Wir haben es f\u00fcr Ihre Kleinen entworfen. Das bedeutet, dass es einfach anzuwenden und absolut sicher zu bedienen ist. Dieser Balsam ist mit nat\u00fcrlichen Pigmenten gef\u00e4rbt, die einen sch\u00f6nen rosa Farbton abgeben. Verwenden Sie es als Lidschatten, Rouge oder einfach wo immer Sie wollen. Seien Sie kreativ, es gibt keine Regeln!<\/span><\/p>\n<ul>\n<li>Spa\u00df und einfach zu bedienen<\/li>\n<li>Nat\u00fcrlich und vegan<\/li>\n<li>100% sicher<\/li>\n<li>Handgefertigt in den Niederlanden<\/li>\n<\/ul>\n","protected":false},"featured_media":211375,"comment_status":"open","ping_status":"closed","template":"","meta":{"_acf_changed":false},"product_cat":[9646,9994,9987,8675,8687,8683],"product_tag":[9854],"berocket_brand":[9644],"class_list":["post-211597","product","type-product","status-publish","has-post-thumbnail","hentry","product_cat-naturliches-make-up","product_cat-fur-kinder","product_cat-geschenk","product_cat-spielzeuge","product_cat-pflege","product_cat-angebot","product_tag-kinder-make-up","product_shipping_class-pakket-de","berocket_brand-ivy-en-loulou-de"],"acf":[],"aioseo_notices":[],"_links":{"self":[{"href":"https:\/\/glownaturalliving.com\/de\/wp-json\/wp\/v2\/product\/211597","targetHints":{"allow":["GET"]}}],"collection":[{"href":"https:\/\/glownaturalliving.com\/de\/wp-json\/wp\/v2\/product"}],"about":[{"href":"https:\/\/glownaturalliving.com\/de\/wp-json\/wp\/v2\/types\/product"}],"replies":[{"embeddable":true,"href":"https:\/\/glownaturalliving.com\/de\/wp-json\/wp\/v2\/comments?post=211597"}],"wp:featuredmedia":[{"embeddable":true,"href":"https:\/\/glownaturalliving.com\/de\/wp-json\/wp\/v2\/media\/211375"}],"wp:attachment":[{"href":"https:\/\/glownaturalliving.com\/de\/wp-json\/wp\/v2\/media?parent=211597"}],"wp:term":[{"taxonomy":"product_cat","embeddable":true,"href":"https:\/\/glownaturalliving.com\/de\/wp-json\/wp\/v2\/product_cat?post=211597"},{"taxonomy":"product_tag","embeddable":true,"href":"https:\/\/glownaturalliving.com\/de\/wp-json\/wp\/v2\/product_tag?post=211597"},{"taxonomy":"berocket_brand","embeddable":true,"href":"https:\/\/glownaturalliving.com\/de\/wp-json\/wp\/v2\/berocket_brand?post=211597"}],"curies":[{"name":"wp","href":"https:\/\/api.w.org\/{rel}","templated":true}]}}