{"id":211927,"date":"2022-11-21T09:55:25","date_gmt":"2022-11-21T08:55:25","guid":{"rendered":"https:\/\/glownaturalliving.com\/winkel\/unkategorisiert\/vegan-multi-use-balmie-cherry\/"},"modified":"2024-07-25T15:03:15","modified_gmt":"2024-07-25T14:03:15","slug":"vegan-multi-use-balmie-cherry","status":"publish","type":"product","link":"https:\/\/glownaturalliving.com\/de\/winkel\/geschenk\/fuer-sie\/vegan-multi-use-balmie-cherry\/","title":{"rendered":"Veganer Mehrzweck-Balmie \u2013 Kirsche"},"content":{"rendered":"<h4>Veganer Mehrzweck-Balmie \u2013 Kirsche<\/h4>\n<p dir=\"ltr\" data-placeholder=\"Vertaling\"><span class=\"Y2IQFc\" lang=\"nl\">Das perfekte nachhaltige, ungiftige, vegane Make-up. Lip-to-Lid Balmies sind plastikfreie, multifunktionale Buntstifte f\u00fcr Augen, Lippen und Wangen. Vollgepackt mit \u00d6len, Butter und Antioxidantien wie Hanf- und Pflaumen\u00f6l, um die Haut zu n\u00e4hren und mit Feuchtigkeit zu versorgen. 100% vegan, tierversuchsfrei und palm\u00f6lfrei. Hergestellt aus 9 nat\u00fcrlichen Zutaten.<\/span><\/p>\n<p id=\"tw-target-text\" class=\"tw-data-text tw-text-large tw-ta\" dir=\"ltr\" data-placeholder=\"Vertaling\"><span class=\"Y2IQFc\" lang=\"nl\">DAS PRODUKT IST 3-in-1-Mehrzweckfarbe f\u00fcr Augen, Lippen und Wangen. Wirklich \u00fcberall.  <\/span><\/p>\n<p class=\"tw-data-text tw-text-large tw-ta\" dir=\"ltr\" data-placeholder=\"Vertaling\"><span class=\"Y2IQFc\" lang=\"nl\">PRODUKTBESCHREIBUNG Lip-to-Member Balmies sind umweltfreundliche, \u00fcberall zu tragende Buntstifte, die wie Balsam Feuchtigkeit spenden. Vollgepackt mit \u00d6len, Butter und Antioxidantien wie Holunder-, Hanf- und Pflaumen\u00f6l, um die Haut zu n\u00e4hren, zu heilen und mit Feuchtigkeit zu versorgen. Balmies sind 100% abfallfrei, also ohne Schlauch oder Kappe. Sie sind in Papier eingewickelt und befinden sich in einer recycelbaren Aufbewahrungsbox.  <\/span><\/p>\n<p class=\"tw-data-text tw-text-large tw-ta\" dir=\"ltr\" data-placeholder=\"Vertaling\"><span class=\"Y2IQFc\" lang=\"nl\">WIE BENUTZT MAN Direkt auf Augen, Lippen + Wangen auftragen und mit den Fingern einmassieren.  <\/span><\/p>\n<p class=\"tw-data-text tw-text-large tw-ta\" dir=\"ltr\" data-placeholder=\"Vertaling\"><span class=\"Y2IQFc\" lang=\"nl\">VERPACKUNG Rei\u00dfen Sie das recycelbare Papier bei Bedarf und lagern Sie Balmie in der roten, recycelbaren Box. Die Boxen handgefertigt aus recyceltem Abfall von einer Frauenkooperative in Bali. Ohne synthetischen Duftstoff Alkoholfrei Glutenfrei Vegan Peta zertifiziert.<\/span><\/p>\n<p class=\"tw-data-text tw-text-large tw-ta\" dir=\"ltr\" data-placeholder=\"Vertaling\"><span class=\"Y2IQFc\" lang=\"nl\">ZUTATEN Bio-Rizinus\u00f6l, Kokumbutter, Bio-Sonnenblumen\u00f6l, Sonnenblumenkernwachs, Hanfsamen\u00f6l, Pflaumenkern\u00f6l, Vitamin E-\u00d6l (aus Soja), Holunderextrakt, Neemsamen\u00f6l. Kann enthalten: Glimmer (CI 77019), Titandioxid (CI 77891), Zinnoxid (CI 77861), Eisenoxid (CI 77491, CI 77492, CI 77499), Manganviolett (CI 77742), synthetischer Fluorophytte, Siliciumdioxid<\/span><\/p>\n<p dir=\"ltr\" data-placeholder=\"Vertaling\"><strong>Frei:<\/strong><\/p>\n<p dir=\"ltr\" data-placeholder=\"Vertaling\">Kein Duftstoff Kein Alkohol Kein Gluten Kein Palm\u00f6l Keine synthetischen Konservierungsstoffe Keine Tierversuche Keine tierischen Inhaltsstoffe<\/p>\n<p dir=\"ltr\" data-placeholder=\"Vertaling\">\n","protected":false},"excerpt":{"rendered":"<p><span class=\"Y2IQFc\" lang=\"nl\">Lip-to-Lid Balmies sind plastikfreie, multifunktionale Buntstifte f\u00fcr Augen, Lippen und Wangen. Vollgepackt mit \u00d6len, Butter und Antioxidantien wie Hanf- und Pflaumen\u00f6l, um die Haut zu n\u00e4hren und mit Feuchtigkeit zu versorgen. 100% vegan, tierversuchsfrei und palm\u00f6lfrei. Hergestellt aus 9 nat\u00fcrlichen Zutaten.<\/span><\/p>\n","protected":false},"featured_media":210763,"comment_status":"open","ping_status":"closed","template":"","meta":{"_acf_changed":false},"product_cat":[9646,9998,9987,9384,8687,9290],"product_tag":[],"berocket_brand":[9656],"class_list":["post-211927","product","type-product","status-publish","has-post-thumbnail","hentry","product_cat-naturliches-make-up","product_cat-fuer-sie","product_cat-geschenk","product_cat-wohnen-de","product_cat-pflege","product_cat-pflege-produkte","product_shipping_class-pakket-de","berocket_brand-axiology-de"],"acf":[],"aioseo_notices":[],"_links":{"self":[{"href":"https:\/\/glownaturalliving.com\/de\/wp-json\/wp\/v2\/product\/211927","targetHints":{"allow":["GET"]}}],"collection":[{"href":"https:\/\/glownaturalliving.com\/de\/wp-json\/wp\/v2\/product"}],"about":[{"href":"https:\/\/glownaturalliving.com\/de\/wp-json\/wp\/v2\/types\/product"}],"replies":[{"embeddable":true,"href":"https:\/\/glownaturalliving.com\/de\/wp-json\/wp\/v2\/comments?post=211927"}],"wp:featuredmedia":[{"embeddable":true,"href":"https:\/\/glownaturalliving.com\/de\/wp-json\/wp\/v2\/media\/210763"}],"wp:attachment":[{"href":"https:\/\/glownaturalliving.com\/de\/wp-json\/wp\/v2\/media?parent=211927"}],"wp:term":[{"taxonomy":"product_cat","embeddable":true,"href":"https:\/\/glownaturalliving.com\/de\/wp-json\/wp\/v2\/product_cat?post=211927"},{"taxonomy":"product_tag","embeddable":true,"href":"https:\/\/glownaturalliving.com\/de\/wp-json\/wp\/v2\/product_tag?post=211927"},{"taxonomy":"berocket_brand","embeddable":true,"href":"https:\/\/glownaturalliving.com\/de\/wp-json\/wp\/v2\/berocket_brand?post=211927"}],"curies":[{"name":"wp","href":"https:\/\/api.w.org\/{rel}","templated":true}]}}