{"id":212354,"date":"2022-12-21T09:08:19","date_gmt":"2022-12-21T08:08:19","guid":{"rendered":"https:\/\/glownaturalliving.com\/winkel\/unkategorisiert\/getrocknete-rosenblaetter\/"},"modified":"2025-01-09T11:36:34","modified_gmt":"2025-01-09T10:36:34","slug":"getrocknete-rosenblaetter","status":"publish","type":"product","link":"https:\/\/glownaturalliving.com\/de\/winkel\/geschenk\/fuer-sie\/getrocknete-rosenblaetter\/","title":{"rendered":"Getrocknete Rosenbl\u00e4tter"},"content":{"rendered":"<p>Rosenbl\u00e4tter sind eine beliebte Zutat als Pflegemittel. Dies liegt nicht nur an dem weichen Geruch, sondern auch daran, dass die Bl\u00e4tter den pH-Wert Ihrer Haut auf Kurs halten, R\u00f6tungen und Reizungen reduzieren und Ihre Poren verkleinern. Ein unverzichtbares Produkt zu Hause!<\/p>\n<h2>Erstellen Sie Ihr eigenes Spa zu Hause<\/h2>\n<p>M\u00f6chten Sie von Zeit zu Zeit ein luxuri\u00f6ses Bad genie\u00dfen? Dann streuen Sie einige Rosenbl\u00e4tter ins Wasser und verwandeln Sie Ihr Badezimmer in ein luxuri\u00f6ses Spa. Sie haben kein Bad im Haus? Dann k\u00f6nnen Sie die Bl\u00e4tter verwenden, um Tee zu machen.<\/p>\n<h2>K\u00f6stlicher Duft<\/h2>\n<p>Der Duft von Rosen wirkt beruhigend. M\u00f6chten Sie, dass Ihre Garderobe, Ihr Bad oder Ihre Toilette wunderbar duftet? Dann legen Sie einige Bl\u00e4tter in einen kleinen Stoffbeutel. Dieser nat\u00fcrliche Lufterfrischer verrichtet dann seine Arbeit.<\/p>\n<p>M\u00f6chten Sie diesen k\u00f6stlichen Duft lieber den ganzen Tag genie\u00dfen? Verwenden Sie die Rosenbl\u00e4tter, um Ihre Haut zu pflegen. Mischen Sie die Bl\u00e4tter mit einem Peeling oder f\u00fcgen Sie sie zu einem Seifenblock hinzu. Auch sch\u00f6n zu verschenken!<\/p>\n<h2>\u00dcber Natural Heroes<\/h2>\n<p>Natural Heroes m\u00f6chte ein gesundes und nachhaltiges Leben einfach und unterhaltsam gestalten. Sie tun dies, indem sie nat\u00fcrliche Sch\u00f6nheits- und Kosmetikprodukte anbieten. So viel vegan wie m\u00f6glich und so transparent wie m\u00f6glich \u00fcber die Herkunft der Zutaten.<\/p>\n<p>&nbsp;<\/p>\n","protected":false},"excerpt":{"rendered":"<p>\u2713 Stellen Sie Ihr eigenes Rosenwasser, Badesalz, K\u00f6rperpeeling oder Tee<br \/>\n her\u2713 100% nat\u00fcrlich<br \/>\n\u2713 Gut f\u00fcr Gesicht, K\u00f6rper und Geist<\/p>\n","protected":false},"featured_media":212120,"comment_status":"open","ping_status":"closed","template":"","meta":{"_acf_changed":false},"product_cat":[9998,9987,8687,9290],"product_tag":[],"berocket_brand":[9683],"class_list":["post-212354","product","type-product","status-publish","has-post-thumbnail","hentry","product_cat-fuer-sie","product_cat-geschenk","product_cat-pflege","product_cat-pflege-produkte","product_shipping_class-pakket-de","berocket_brand-natural-heroes"],"acf":[],"aioseo_notices":[],"_links":{"self":[{"href":"https:\/\/glownaturalliving.com\/de\/wp-json\/wp\/v2\/product\/212354","targetHints":{"allow":["GET"]}}],"collection":[{"href":"https:\/\/glownaturalliving.com\/de\/wp-json\/wp\/v2\/product"}],"about":[{"href":"https:\/\/glownaturalliving.com\/de\/wp-json\/wp\/v2\/types\/product"}],"replies":[{"embeddable":true,"href":"https:\/\/glownaturalliving.com\/de\/wp-json\/wp\/v2\/comments?post=212354"}],"wp:featuredmedia":[{"embeddable":true,"href":"https:\/\/glownaturalliving.com\/de\/wp-json\/wp\/v2\/media\/212120"}],"wp:attachment":[{"href":"https:\/\/glownaturalliving.com\/de\/wp-json\/wp\/v2\/media?parent=212354"}],"wp:term":[{"taxonomy":"product_cat","embeddable":true,"href":"https:\/\/glownaturalliving.com\/de\/wp-json\/wp\/v2\/product_cat?post=212354"},{"taxonomy":"product_tag","embeddable":true,"href":"https:\/\/glownaturalliving.com\/de\/wp-json\/wp\/v2\/product_tag?post=212354"},{"taxonomy":"berocket_brand","embeddable":true,"href":"https:\/\/glownaturalliving.com\/de\/wp-json\/wp\/v2\/berocket_brand?post=212354"}],"curies":[{"name":"wp","href":"https:\/\/api.w.org\/{rel}","templated":true}]}}