{"id":212371,"date":"2022-12-08T20:30:35","date_gmt":"2022-12-08T19:30:35","guid":{"rendered":"https:\/\/glownaturalliving.com\/winkel\/unkategorisiert\/natuerlicher-bodenreiniger\/"},"modified":"2025-05-26T10:26:30","modified_gmt":"2025-05-26T09:26:30","slug":"natuerlicher-bodenreiniger","status":"publish","type":"product","link":"https:\/\/glownaturalliving.com\/de\/winkel\/wohnen-de\/reinigen\/natuerlicher-bodenreiniger\/","title":{"rendered":"Nat\u00fcrlicher Bodenreiniger"},"content":{"rendered":"<p>Reinigen Sie Ihren Boden mit einem sicheren und nat\u00fcrlichen Reinigungsmittel. Dieser Bodenreiniger von INCIA enth\u00e4lt ausschlie\u00dflich nat\u00fcrliche Inhaltsstoffe. So eine sch\u00f6ne Idee, wenn Ihr Kind viel auf dem Boden spielt. Borax wurde dem Bodenreiniger hinzugef\u00fcgt, dieses Mineral ist eines der st\u00e4rksten nat\u00fcrlichen Desinfektionsmittel. Dank der \u00d6le im Reiniger riecht es auch wunderbar.<\/p>\n<p>&nbsp;<\/p>\n<p><strong>Gebrauchen<\/strong><\/p>\n<p>Zum Wischen wird empfohlen, 1-2 Tassen Reiniger zu etwa 4 Litern Wasser hinzuzuf\u00fcgen. Der Reiniger kann auf allen Oberfl\u00e4chen wie Holz, Fliesen, Keramik und Laminat verwendet werden.<\/p>\n<p><em>Zutaten: Oliven\u00f6l, Kokos\u00f6l, Palmkern\u00f6l, Rizinus\u00f6l, Essig, Borax, Orangenschalen\u00f6l, Grapefruit\u00f6l und Glycerin<\/em><\/p>\n<p><em> <\/em><\/p>\n<p>Inhalt: 700 ml<\/p>\n<p><strong> <\/strong><\/p>\n<p><strong>\u00dcber INCIA<\/strong><\/p>\n<p>INCIA ist eine t\u00fcrkische Marke, die nachhaltige, tierversuchsfreie und nat\u00fcrliche Produkte herstellt. Der Gr\u00fcnder suchte nach nat\u00fcrlichen Produkten zur Behandlung von Ekzemen. Und das mit Erfolg. INCIA tr\u00e4gt nun zu einem nachhaltigen Lebensstil bei. Die Produktlinie besteht aus Pflegeprodukten, Babyprodukten, Seife und Reinigungsmitteln. Alle Produkte sind parf\u00fcmfrei, schadstofffrei und sanft zur Haut.<\/p>\n","protected":false},"excerpt":{"rendered":"<p>\u2713 Ohne Duftstoffe<br \/>\n\u2713 Nur nat\u00fcrliche und nachhaltige Inhaltsstoffe<\/p>\n","protected":false},"featured_media":212186,"comment_status":"open","ping_status":"closed","template":"","meta":{"_acf_changed":false},"product_cat":[9713,9384],"product_tag":[],"berocket_brand":[9679],"class_list":["post-212371","product","type-product","status-publish","has-post-thumbnail","hentry","product_cat-reinigen","product_cat-wohnen-de","product_shipping_class-pakket-de","berocket_brand-incia-de"],"acf":[],"aioseo_notices":[],"_links":{"self":[{"href":"https:\/\/glownaturalliving.com\/de\/wp-json\/wp\/v2\/product\/212371","targetHints":{"allow":["GET"]}}],"collection":[{"href":"https:\/\/glownaturalliving.com\/de\/wp-json\/wp\/v2\/product"}],"about":[{"href":"https:\/\/glownaturalliving.com\/de\/wp-json\/wp\/v2\/types\/product"}],"replies":[{"embeddable":true,"href":"https:\/\/glownaturalliving.com\/de\/wp-json\/wp\/v2\/comments?post=212371"}],"wp:featuredmedia":[{"embeddable":true,"href":"https:\/\/glownaturalliving.com\/de\/wp-json\/wp\/v2\/media\/212186"}],"wp:attachment":[{"href":"https:\/\/glownaturalliving.com\/de\/wp-json\/wp\/v2\/media?parent=212371"}],"wp:term":[{"taxonomy":"product_cat","embeddable":true,"href":"https:\/\/glownaturalliving.com\/de\/wp-json\/wp\/v2\/product_cat?post=212371"},{"taxonomy":"product_tag","embeddable":true,"href":"https:\/\/glownaturalliving.com\/de\/wp-json\/wp\/v2\/product_tag?post=212371"},{"taxonomy":"berocket_brand","embeddable":true,"href":"https:\/\/glownaturalliving.com\/de\/wp-json\/wp\/v2\/berocket_brand?post=212371"}],"curies":[{"name":"wp","href":"https:\/\/api.w.org\/{rel}","templated":true}]}}