{"id":212377,"date":"2022-12-08T20:28:51","date_gmt":"2022-12-08T19:28:51","guid":{"rendered":"https:\/\/glownaturalliving.com\/winkel\/unkategorisiert\/natuerliches-fluessigwaschmittel\/"},"modified":"2025-05-06T13:36:00","modified_gmt":"2025-05-06T12:36:00","slug":"natuerliches-fluessigwaschmittel","status":"publish","type":"product","link":"https:\/\/glownaturalliving.com\/de\/winkel\/wohnen-de\/reinigen\/natuerliches-fluessigwaschmittel\/","title":{"rendered":"Nat\u00fcrliches Fl\u00fcssigwaschmittel"},"content":{"rendered":"<p>Ihre Kleidung mit nat\u00fcrlichen Zutaten waschen? Das Fl\u00fcssigwaschmittel von INCIA wird aus pflanzlichen Inhaltsstoffen hergestellt, die auch gut riechen! Die Mischung aus Kokos- und Lavendel\u00f6l sorgt f\u00fcr diesen wunderbaren Duft. Dieses Waschmittel eignet sich nicht nur hervorragend f\u00fcr Ihre eigene Kleidung, sondern auch zum Waschen von Babykleidung und waschbaren Windeln.<\/p>\n<p>&nbsp;<\/p>\n<p><strong>Wie benutzt man das nat\u00fcrliche Waschmittel?<\/strong><\/p>\n<p>F\u00fcgen Sie eine Kappe Waschmittel in die W\u00e4sche hinzu. Das Hinzuf\u00fcgen von Weichsp\u00fcler ist nicht erforderlich. Haben Sie eine Waschmaschine, die sich selbst dosiert? Dann k\u00f6nnen Sie die Waschmittelschublade einfach auff\u00fcllen.<\/p>\n<p><em>Zutaten: Wasser, Kokos\u00f6l, Natriumcarbonat, Natriumcitrat, Lavendel\u00f6l und Glycerin<\/em><\/p>\n<p><em> <\/em><\/p>\n<p>Inhalt: 750 ml (gut f\u00fcr +\/- 25 W\u00e4schen)<\/p>\n<p><em> <\/em><\/p>\n<p><strong>\u00dcber INCIA<\/strong><\/p>\n<p>INCIA ist eine t\u00fcrkische Marke, die nachhaltige, tierversuchsfreie und nat\u00fcrliche Produkte herstellt. Der Gr\u00fcnder suchte nach nat\u00fcrlichen Produkten zur Behandlung von Ekzemen. Und das mit Erfolg. INCIA tr\u00e4gt nun zu einem nachhaltigen Lebensstil bei. Die Produktlinie besteht aus Pflegeprodukten, Babyprodukten, Seife und Reinigungsmitteln. Alle Produkte sind parf\u00fcmfrei, schadstofffrei und sanft zur Haut.<\/p>\n","protected":false},"excerpt":{"rendered":"<p>\u2713 Ohne Duftstoffe<br \/>\n\u2713 Nur nat\u00fcrliche und nachhaltige Inhaltsstoffe<\/p>\n","protected":false},"featured_media":212165,"comment_status":"open","ping_status":"closed","template":"","meta":{"_acf_changed":false},"product_cat":[9713,9384],"product_tag":[],"berocket_brand":[9679],"class_list":["post-212377","product","type-product","status-publish","has-post-thumbnail","hentry","product_cat-reinigen","product_cat-wohnen-de","product_shipping_class-pakket-de","berocket_brand-incia-de"],"acf":[],"aioseo_notices":[],"_links":{"self":[{"href":"https:\/\/glownaturalliving.com\/de\/wp-json\/wp\/v2\/product\/212377","targetHints":{"allow":["GET"]}}],"collection":[{"href":"https:\/\/glownaturalliving.com\/de\/wp-json\/wp\/v2\/product"}],"about":[{"href":"https:\/\/glownaturalliving.com\/de\/wp-json\/wp\/v2\/types\/product"}],"replies":[{"embeddable":true,"href":"https:\/\/glownaturalliving.com\/de\/wp-json\/wp\/v2\/comments?post=212377"}],"wp:featuredmedia":[{"embeddable":true,"href":"https:\/\/glownaturalliving.com\/de\/wp-json\/wp\/v2\/media\/212165"}],"wp:attachment":[{"href":"https:\/\/glownaturalliving.com\/de\/wp-json\/wp\/v2\/media?parent=212377"}],"wp:term":[{"taxonomy":"product_cat","embeddable":true,"href":"https:\/\/glownaturalliving.com\/de\/wp-json\/wp\/v2\/product_cat?post=212377"},{"taxonomy":"product_tag","embeddable":true,"href":"https:\/\/glownaturalliving.com\/de\/wp-json\/wp\/v2\/product_tag?post=212377"},{"taxonomy":"berocket_brand","embeddable":true,"href":"https:\/\/glownaturalliving.com\/de\/wp-json\/wp\/v2\/berocket_brand?post=212377"}],"curies":[{"name":"wp","href":"https:\/\/api.w.org\/{rel}","templated":true}]}}