{"id":212378,"date":"2022-12-08T20:26:31","date_gmt":"2022-12-08T19:26:31","guid":{"rendered":"https:\/\/glownaturalliving.com\/winkel\/unkategorisiert\/natuerliches-allzweck-reinigungsspray\/"},"modified":"2025-03-10T08:46:53","modified_gmt":"2025-03-10T07:46:53","slug":"natuerliches-allzweck-reinigungsspray","status":"publish","type":"product","link":"https:\/\/glownaturalliving.com\/de\/winkel\/wohnen-de\/reinigen\/natuerliches-allzweck-reinigungsspray\/","title":{"rendered":"Nat\u00fcrliches Allzweck-Reinigungsspray"},"content":{"rendered":"<p>Reinigen Sie Ihr Zuhause mit nat\u00fcrlichen Produkten? Sie k\u00f6nnen diesen Allles-Reiniger f\u00fcr alles verwenden. Alle Oberfl\u00e4chen, Waschbecken, der Toilettensitz oder die Oberseite werden damit sch\u00f6n gereinigt. Die Kombination der \u00d6le und des Harzes sorgt daf\u00fcr, dass Sie Ihr Zuhause gut reinigen k\u00f6nnen.<\/p>\n<p>&nbsp;<\/p>\n<p>Dank der handlichen Spr\u00fchflasche k\u00f6nnen Sie schnell einen Fleck vom Tisch b\u00fcrsten oder zwischendurch den Kindersitz Ihres Kindes reinigen. So haben Sie immer ein frisches Haus in k\u00fcrzester Zeit! F\u00fcr einen besonders guten Effekt empfehlen wir Ihnen, den Allzweckreiniger 30 Sekunden einwirken zu lassen, bevor Sie ihn mit einem Tuch entfernen.<\/p>\n<p><em>Zutaten: Wasser, Oliven\u00f6l, Palmkern\u00f6l, Rizinus\u00f6l, Orangenschalen\u00f6l, Grapefruit\u00f6l, Zitronens\u00e4ure, Limonen, Linalool und Pinienharz<\/em><\/p>\n<p><em> <\/em><\/p>\n<p>Inhalt: 500ml<\/p>\n<p>&nbsp;<\/p>\n<p><strong>\u00dcber INCIA<\/strong><\/p>\n<p>INCIA ist eine t\u00fcrkische Marke, die nachhaltige, tierversuchsfreie und nat\u00fcrliche Produkte herstellt. Der Gr\u00fcnder suchte nach nat\u00fcrlichen Produkten zur Behandlung von Ekzemen. Und das mit Erfolg. INCIA tr\u00e4gt nun zu einem nachhaltigen Lebensstil bei. Die Produktlinie besteht aus Pflegeprodukten, Babyprodukten, Seife und Reinigungsmitteln. Alle Produkte sind parf\u00fcmfrei, schadstofffrei und sanft zur Haut.<\/p>\n","protected":false},"excerpt":{"rendered":"<p>\u2713 Ohne<br \/>\n Duftstoffe\u2713 Nur nat\u00fcrliche und nachhaltige Inhaltsstoffe<br \/>\n\u2713 Hergestellt in der T\u00fcrkei<\/p>\n","protected":false},"featured_media":212177,"comment_status":"open","ping_status":"closed","template":"","meta":{"_acf_changed":false},"product_cat":[9713,9384],"product_tag":[],"berocket_brand":[9679],"class_list":["post-212378","product","type-product","status-publish","has-post-thumbnail","hentry","product_cat-reinigen","product_cat-wohnen-de","product_shipping_class-pakket-de","berocket_brand-incia-de"],"acf":[],"aioseo_notices":[],"_links":{"self":[{"href":"https:\/\/glownaturalliving.com\/de\/wp-json\/wp\/v2\/product\/212378","targetHints":{"allow":["GET"]}}],"collection":[{"href":"https:\/\/glownaturalliving.com\/de\/wp-json\/wp\/v2\/product"}],"about":[{"href":"https:\/\/glownaturalliving.com\/de\/wp-json\/wp\/v2\/types\/product"}],"replies":[{"embeddable":true,"href":"https:\/\/glownaturalliving.com\/de\/wp-json\/wp\/v2\/comments?post=212378"}],"wp:featuredmedia":[{"embeddable":true,"href":"https:\/\/glownaturalliving.com\/de\/wp-json\/wp\/v2\/media\/212177"}],"wp:attachment":[{"href":"https:\/\/glownaturalliving.com\/de\/wp-json\/wp\/v2\/media?parent=212378"}],"wp:term":[{"taxonomy":"product_cat","embeddable":true,"href":"https:\/\/glownaturalliving.com\/de\/wp-json\/wp\/v2\/product_cat?post=212378"},{"taxonomy":"product_tag","embeddable":true,"href":"https:\/\/glownaturalliving.com\/de\/wp-json\/wp\/v2\/product_tag?post=212378"},{"taxonomy":"berocket_brand","embeddable":true,"href":"https:\/\/glownaturalliving.com\/de\/wp-json\/wp\/v2\/berocket_brand?post=212378"}],"curies":[{"name":"wp","href":"https:\/\/api.w.org\/{rel}","templated":true}]}}