{"id":212739,"date":"2023-02-03T12:01:04","date_gmt":"2023-02-03T11:01:04","guid":{"rendered":"https:\/\/glownaturalliving.com\/winkel\/unkategorisiert\/pullover-kleid-sand\/"},"modified":"2024-07-15T15:02:27","modified_gmt":"2024-07-15T14:02:27","slug":"pullover-kleid-sand","status":"publish","type":"product","link":"https:\/\/glownaturalliving.com\/de\/winkel\/damenbekleidung\/damen-kleider-rocke\/pullover-kleid-sand\/","title":{"rendered":"Pullover Kleid \u2013 Sand"},"content":{"rendered":"<p>Dieses sch\u00f6ne Pulloverkleid ist aus einem sch\u00f6nen recycelten Stoff gefertigt und die Innenseite ist sch\u00f6n weich. Das Kleid hat eine sch\u00f6ne bequeme Passform, da die niedrigen Schultern mit Taschen ausgestattet sind, um Ihre H\u00e4nde wegzulegen. Ein k\u00f6stliches Pulloverkleid, das Sie das ganze Jahr \u00fcber tragen k\u00f6nnen. Im Herbst\/Winter mit Strumpfhose oder Leggings und im Fr\u00fchjahr\/Sommer mit nackten Beinen und Sneakers.<\/p>\n<p>Dieses Kleid ist auch wunderbar zu tragen, wenn Sie schwanger sind.<\/p>\n<ul>\n<li>Material: 62%RCO\/33%5% EA<\/li>\n<li>Hergestellt in den Niederlanden<\/li>\n<\/ul>\n<p>Dieses sch\u00f6ne Pulloverkleid f\u00fcr Damen ist in den Farben Schwarz, Hellgrau, Creme, Moosgr\u00fcn und Sand erh\u00e4ltlich.<\/p>\n<p>Myrte ist 1,73m gro\u00df und tr\u00e4gt die Gr\u00f6\u00dfe S\/M<\/p>\n<p><img decoding=\"async\" src=\"https:\/\/certifications.controlunion.com\/storage\/configurations\/certificationspetersoncontrolunioncomaccnakijkennl\/generated\/6a023d084179d71eb97799402b3f685c-certification-30-200-200.png\" alt=\"GRS - Global Recycle Standard - Zertifizierungen\"><\/p>\n","protected":false},"excerpt":{"rendered":"<p>Dieses sch\u00f6ne Pulloverkleid ist aus einem sch\u00f6nen recycelten Stoff gefertigt und die Innenseite ist sch\u00f6n weich. Das Kleid hat eine sch\u00f6ne bequeme Passform, da die niedrigen Schultern mit Taschen ausgestattet sind, um Ihre H\u00e4nde wegzulegen.<\/p>\n","protected":false},"featured_media":212688,"comment_status":"open","ping_status":"closed","template":"","meta":{"_acf_changed":false},"product_cat":[8398,8545,8683],"product_tag":[],"berocket_brand":[9422],"class_list":["post-212739","product","type-product","status-publish","has-post-thumbnail","hentry","product_cat-damenbekleidung","product_cat-damen-kleider-rocke","product_cat-angebot","product_shipping_class-pakket-de","berocket_brand-glow-the-label-de-2"],"acf":[],"aioseo_notices":[],"_links":{"self":[{"href":"https:\/\/glownaturalliving.com\/de\/wp-json\/wp\/v2\/product\/212739","targetHints":{"allow":["GET"]}}],"collection":[{"href":"https:\/\/glownaturalliving.com\/de\/wp-json\/wp\/v2\/product"}],"about":[{"href":"https:\/\/glownaturalliving.com\/de\/wp-json\/wp\/v2\/types\/product"}],"replies":[{"embeddable":true,"href":"https:\/\/glownaturalliving.com\/de\/wp-json\/wp\/v2\/comments?post=212739"}],"wp:featuredmedia":[{"embeddable":true,"href":"https:\/\/glownaturalliving.com\/de\/wp-json\/wp\/v2\/media\/212688"}],"wp:attachment":[{"href":"https:\/\/glownaturalliving.com\/de\/wp-json\/wp\/v2\/media?parent=212739"}],"wp:term":[{"taxonomy":"product_cat","embeddable":true,"href":"https:\/\/glownaturalliving.com\/de\/wp-json\/wp\/v2\/product_cat?post=212739"},{"taxonomy":"product_tag","embeddable":true,"href":"https:\/\/glownaturalliving.com\/de\/wp-json\/wp\/v2\/product_tag?post=212739"},{"taxonomy":"berocket_brand","embeddable":true,"href":"https:\/\/glownaturalliving.com\/de\/wp-json\/wp\/v2\/berocket_brand?post=212739"}],"curies":[{"name":"wp","href":"https:\/\/api.w.org\/{rel}","templated":true}]}}