{"id":212864,"date":"2023-02-04T19:12:21","date_gmt":"2023-02-04T18:12:21","guid":{"rendered":"https:\/\/glownaturalliving.com\/winkel\/unkategorisiert\/wickelbluse-beige\/"},"modified":"2024-07-15T14:54:10","modified_gmt":"2024-07-15T13:54:10","slug":"wickelbluse-beige","status":"publish","type":"product","link":"https:\/\/glownaturalliving.com\/de\/winkel\/damenbekleidung\/damen-tops-hemden\/wickelbluse-beige\/","title":{"rendered":"Wickelbluse \u2013 Beige"},"content":{"rendered":"<h4>Wickelbluse \u2013 Cognac<\/h4>\n<p>Diese sch\u00f6ne Wickelbluse ist aus einem wunderbar weichen Musselinstoff gefertigt. Diese strapazierf\u00e4hige Damenbluse hat einen Schleifeng\u00fcrtel, den Sie auf verschiedene Arten stricken k\u00f6nnen und hat Trompeten\u00e4rmel. Eine sch\u00f6ne vielseitige Bluse, die du im Winter mit einer sch\u00f6nen Strickjacke oder einem Pullover tragen kannst und die im Sommer durch den feinen Stoff wunderbar luftig ist.<\/p>\n<p>Die Wickelbluse ist nicht nur sch\u00f6n und vielseitig, sondern auch sehr strapazierf\u00e4hig. Die Musselinbluse besteht aus 100% Bio-Baumwolle (GOTS) und wird von einem Familienunternehmen in den Niederlanden handgefertigt.<\/p>\n<p>Material: 100% Bio-Baumwolle (GOTS)<\/p>\n<p>Myrte ist 1.73m gro\u00df und tr\u00e4gt die Gr\u00f6\u00dfe S\/M<\/p>\n<p>Die Bluse ist in den Farben Beige, Olive, Rouge, Cognac und Old Rouge erh\u00e4ltlich.<\/p>\n<p><strong>Bitte beachten Sie<\/strong>: Die Bluse ist ger\u00e4umig. Bestellen Sie im Zweifelsfall eine Nummer kleiner.<\/p>\n<p><img decoding=\"async\" src=\"https:\/\/www.verheestextiles.com\/img\/certificates\/gots.jpg\"><\/p>\n","protected":false},"excerpt":{"rendered":"<p>Diese sch\u00f6ne Wickelbluse ist aus einem wunderbar weichen Musselinstoff gefertigt. Diese strapazierf\u00e4hige Bluse hat einen Schleifeng\u00fcrtel, den Sie auf verschiedene Arten binden k\u00f6nnen, und sch\u00f6ne ausgestellte \u00c4rmel mit Gummizug.<\/p>\n","protected":false},"featured_media":212845,"comment_status":"open","ping_status":"closed","template":"","meta":{"_acf_changed":false},"product_cat":[8398,8548,8683],"product_tag":[],"berocket_brand":[9422],"class_list":["post-212864","product","type-product","status-publish","has-post-thumbnail","hentry","product_cat-damenbekleidung","product_cat-damen-tops-hemden","product_cat-angebot","product_shipping_class-pakket-de","berocket_brand-glow-the-label-de-2"],"acf":[],"aioseo_notices":[],"_links":{"self":[{"href":"https:\/\/glownaturalliving.com\/de\/wp-json\/wp\/v2\/product\/212864","targetHints":{"allow":["GET"]}}],"collection":[{"href":"https:\/\/glownaturalliving.com\/de\/wp-json\/wp\/v2\/product"}],"about":[{"href":"https:\/\/glownaturalliving.com\/de\/wp-json\/wp\/v2\/types\/product"}],"replies":[{"embeddable":true,"href":"https:\/\/glownaturalliving.com\/de\/wp-json\/wp\/v2\/comments?post=212864"}],"wp:featuredmedia":[{"embeddable":true,"href":"https:\/\/glownaturalliving.com\/de\/wp-json\/wp\/v2\/media\/212845"}],"wp:attachment":[{"href":"https:\/\/glownaturalliving.com\/de\/wp-json\/wp\/v2\/media?parent=212864"}],"wp:term":[{"taxonomy":"product_cat","embeddable":true,"href":"https:\/\/glownaturalliving.com\/de\/wp-json\/wp\/v2\/product_cat?post=212864"},{"taxonomy":"product_tag","embeddable":true,"href":"https:\/\/glownaturalliving.com\/de\/wp-json\/wp\/v2\/product_tag?post=212864"},{"taxonomy":"berocket_brand","embeddable":true,"href":"https:\/\/glownaturalliving.com\/de\/wp-json\/wp\/v2\/berocket_brand?post=212864"}],"curies":[{"name":"wp","href":"https:\/\/api.w.org\/{rel}","templated":true}]}}