{"id":212965,"date":"2023-02-08T11:46:52","date_gmt":"2023-02-08T10:46:52","guid":{"rendered":"https:\/\/glownaturalliving.com\/winkel\/unkategorisiert\/bio-sheabutter-naehre-familie-160-ml\/"},"modified":"2025-04-08T12:49:57","modified_gmt":"2025-04-08T11:49:57","slug":"bio-sheabutter-naehre-familie-160-ml","status":"publish","type":"product","link":"https:\/\/glownaturalliving.com\/de\/winkel\/geschenk\/mutterschaftsgeschenk\/bio-sheabutter-naehre-familie-160-ml\/","title":{"rendered":"Bio-Sheabutter | Ern\u00e4hren Sie Ihre Familie | 160 ml"},"content":{"rendered":"<p><strong>Sind Sie auf der Suche nach<\/strong> <strong>reinster Hautpflege, direkt von der Quelle?<\/strong><\/p>\n<p>M\u00f6chten Sie etwas schmieren, das sich wirklich gut anf\u00fchlt? F\u00fcr sich selbst? Oder f\u00fcr Ihre ganze Familie. Dann haben wir etwas, das Ihre Haut sehr gl\u00fccklich macht. Dieser gro\u00dfe Topf der Liebe ist da, um mit mehreren zu teilen.<\/p>\n<p>Unsere 100% reine, biologische und nat\u00fcrliche Sheabutter von bester Qualit\u00e4t bringt Ihnen Schutz, Ern\u00e4hrung und Erweichung. Dar\u00fcber hinaus bringt die Schmierung Verbindung und bringt Sie zum Strahlen! Was will man mehr?<\/p>\n<p>Dieses 160 ml Familienglas ist perfekt f\u00fcr zu Hause, damit jeder es reich nutzen kann. Liebe in einem Glas zum Teilen.<\/p>\n<h3>Sheabutter<\/h3>\n<p>Sheabutter wird aus der Sheanuss gewonnen. Die Nuss wird von Frauen aufgegriffen und dann wird die cremefarbene Substanz nach traditionellem Ritual daraus extrahiert. Es ist unverarbeitete Butter, so dass alle guten Eigenschaften f\u00fcr Sie erhalten bleiben. Nada wird hinzugef\u00fcgt, um es gut zu halten. Reiner geht es nicht.<\/p>\n<p>Holistic Doula kauft direkt von der Quelle von einer Frauengemeinschaft in Burkina Faso, Afrika.<\/p>\n<p>Mit einem 160 ml Glas Sheabutter erhalten Sie eine kostenlose (leere) Dose von 15 ml, so dass Sie Ihren leckeren Shea \u00fcberallhin mitnehmen k\u00f6nnen. Perfekt als Lippenbalsam zu verwenden.<\/p>\n","protected":false},"excerpt":{"rendered":"<p>M\u00f6chten Sie etwas schmieren, das sich wirklich gut anf\u00fchlt? F\u00fcr sich selbst? Oder f\u00fcr Ihre ganze Familie. Dann haben wir etwas, das Ihre Haut sehr gl\u00fccklich macht. Dieser gro\u00dfe Topf der Liebe ist da, um mit mehreren zu teilen.<\/p>\n","protected":false},"featured_media":212934,"comment_status":"open","ping_status":"closed","template":"","meta":{"_acf_changed":false},"product_cat":[9998,9987,9988,8687,9290],"product_tag":[],"berocket_brand":[9721],"class_list":["post-212965","product","type-product","status-publish","has-post-thumbnail","hentry","product_cat-fuer-sie","product_cat-geschenk","product_cat-mutterschaftsgeschenk","product_cat-pflege","product_cat-pflege-produkte","product_shipping_class-pakket-de","berocket_brand-holistic-doula"],"acf":[],"aioseo_notices":[],"_links":{"self":[{"href":"https:\/\/glownaturalliving.com\/de\/wp-json\/wp\/v2\/product\/212965","targetHints":{"allow":["GET"]}}],"collection":[{"href":"https:\/\/glownaturalliving.com\/de\/wp-json\/wp\/v2\/product"}],"about":[{"href":"https:\/\/glownaturalliving.com\/de\/wp-json\/wp\/v2\/types\/product"}],"replies":[{"embeddable":true,"href":"https:\/\/glownaturalliving.com\/de\/wp-json\/wp\/v2\/comments?post=212965"}],"wp:featuredmedia":[{"embeddable":true,"href":"https:\/\/glownaturalliving.com\/de\/wp-json\/wp\/v2\/media\/212934"}],"wp:attachment":[{"href":"https:\/\/glownaturalliving.com\/de\/wp-json\/wp\/v2\/media?parent=212965"}],"wp:term":[{"taxonomy":"product_cat","embeddable":true,"href":"https:\/\/glownaturalliving.com\/de\/wp-json\/wp\/v2\/product_cat?post=212965"},{"taxonomy":"product_tag","embeddable":true,"href":"https:\/\/glownaturalliving.com\/de\/wp-json\/wp\/v2\/product_tag?post=212965"},{"taxonomy":"berocket_brand","embeddable":true,"href":"https:\/\/glownaturalliving.com\/de\/wp-json\/wp\/v2\/berocket_brand?post=212965"}],"curies":[{"name":"wp","href":"https:\/\/api.w.org\/{rel}","templated":true}]}}