{"id":212972,"date":"2023-02-08T12:17:50","date_gmt":"2023-02-08T11:17:50","guid":{"rendered":"https:\/\/glownaturalliving.com\/?post_type=product&#038;p=212972"},"modified":"2025-05-12T15:23:04","modified_gmt":"2025-05-12T14:23:04","slug":"bio-sheabutter-mini","status":"publish","type":"product","link":"https:\/\/glownaturalliving.com\/de\/winkel\/geschenk\/fuer-sie\/bio-sheabutter-mini\/","title":{"rendered":"Bio-Sheabutter | Mini"},"content":{"rendered":"<p><strong>Sind Sie auf der Suche nach<\/strong><strong>reinster Hautpflege, direkt von der Quelle?<\/strong> M\u00f6chten Sie etwas schmieren, das sich wirklich gut anf\u00fchlt? F\u00fcr sich selbst? Oder f\u00fcr Ihre ganze Familie. Dann haben wir etwas, das Ihre Haut sehr gl\u00fccklich macht.<\/p>\n<p>Unsere 100% reine, biologische und nat\u00fcrliche Sheabutter von bester Qualit\u00e4t bringt Ihnen Schutz, Ern\u00e4hrung und Erweichung. Dar\u00fcber hinaus bringt die Schmierung Verbindung und bringt Sie zum Strahlen! Was will man mehr?<\/p>\n<p>Diese Mini-Dose hat die perfekte Gr\u00f6\u00dfe, um sie immer dabei zu haben und auszuprobieren, damit Sie nie ohne Ihr geliebtes Liniment sein werden. Au\u00dferdem ist diese Dose wirklich super sch\u00f6n zu verschenken.<\/p>\n<h3>Sheabutter<\/h3>\n<p>Sheabutter wird aus der Sheanuss gewonnen. Die Nuss wird von Frauen aufgegriffen und dann wird die cremefarbene Substanz nach traditionellem Ritual daraus extrahiert. Es ist unverarbeitete Butter, so dass alle guten Eigenschaften f\u00fcr Sie erhalten bleiben. Nada wird hinzugef\u00fcgt, um es gut zu halten. Reiner geht es nicht.<\/p>\n<p>Holistic Doula kauft direkt von der Quelle von einer Frauengemeinschaft in Burkina Faso, Afrika.<\/p>\n<p><strong>M\u00f6chten Sie erleben, was unsere Sheabutter f\u00fcr Sie tun kann?<\/strong><\/p>\n","protected":false},"excerpt":{"rendered":"<p>M\u00f6chten Sie, dass Ihre Haut, Haare und K\u00f6rper nur <b>die reinsten Produkte haben, f\u00fcr diese zus\u00e4tzliche Dosis Selbstliebe?<\/b> Mit dieser reinen, biologischen und nat\u00fcrlichen Sheabutter pflegen, erweichen und sch\u00fctzen Sie Ihre Haut \u2013 alles mit einem Glas purem Gl\u00fcck.<\/p>\n","protected":false},"featured_media":212952,"comment_status":"open","ping_status":"closed","template":"","meta":{"_acf_changed":false},"product_cat":[9998,9987,8687,9290],"product_tag":[],"berocket_brand":[9721],"class_list":["post-212972","product","type-product","status-publish","has-post-thumbnail","hentry","product_cat-fuer-sie","product_cat-geschenk","product_cat-pflege","product_cat-pflege-produkte","product_shipping_class-pakket-de","berocket_brand-holistic-doula"],"acf":[],"aioseo_notices":[],"_links":{"self":[{"href":"https:\/\/glownaturalliving.com\/de\/wp-json\/wp\/v2\/product\/212972","targetHints":{"allow":["GET"]}}],"collection":[{"href":"https:\/\/glownaturalliving.com\/de\/wp-json\/wp\/v2\/product"}],"about":[{"href":"https:\/\/glownaturalliving.com\/de\/wp-json\/wp\/v2\/types\/product"}],"replies":[{"embeddable":true,"href":"https:\/\/glownaturalliving.com\/de\/wp-json\/wp\/v2\/comments?post=212972"}],"wp:featuredmedia":[{"embeddable":true,"href":"https:\/\/glownaturalliving.com\/de\/wp-json\/wp\/v2\/media\/212952"}],"wp:attachment":[{"href":"https:\/\/glownaturalliving.com\/de\/wp-json\/wp\/v2\/media?parent=212972"}],"wp:term":[{"taxonomy":"product_cat","embeddable":true,"href":"https:\/\/glownaturalliving.com\/de\/wp-json\/wp\/v2\/product_cat?post=212972"},{"taxonomy":"product_tag","embeddable":true,"href":"https:\/\/glownaturalliving.com\/de\/wp-json\/wp\/v2\/product_tag?post=212972"},{"taxonomy":"berocket_brand","embeddable":true,"href":"https:\/\/glownaturalliving.com\/de\/wp-json\/wp\/v2\/berocket_brand?post=212972"}],"curies":[{"name":"wp","href":"https:\/\/api.w.org\/{rel}","templated":true}]}}