{"id":213161,"date":"2023-02-11T15:48:17","date_gmt":"2023-02-11T14:48:17","guid":{"rendered":"https:\/\/glownaturalliving.com\/?post_type=product&#038;p=213161"},"modified":"2024-07-15T14:47:05","modified_gmt":"2024-07-15T13:47:05","slug":"lounge-shirt-hafer","status":"publish","type":"product","link":"https:\/\/glownaturalliving.com\/de\/winkel\/damenbekleidung\/damen-tops-hemden\/lounge-shirt-hafer\/","title":{"rendered":"Lounge Shirt \u2013 Hafer"},"content":{"rendered":"<h4 id=\"tw-target-text\" class=\"tw-data-text tw-text-large tw-ta\" dir=\"ltr\" data-placeholder=\"Vertaling\"><span class=\"Y2IQFc\" lang=\"nl\">Lounge Shirt \u2013 Hafer<br \/>\n<\/span><\/h4>\n<p class=\"tw-data-text tw-text-large tw-ta\" dir=\"ltr\" data-placeholder=\"Vertaling\"><span class=\"Y2IQFc\" lang=\"nl\">Boxy, l\u00e4ssig, super weich und eine wunderbar entspannte Passform. Dieser sch\u00f6ner Pullover besteht aus einem weichen, geb\u00fcrsteten Baumwollmischgewebe. Das Shirt hat 3\/4 \u00c4rmel, eine kastenf\u00f6rmige Passform und einen Bootsausschnitt. Das Shirt ist so konzipiert, dass es bequem in verschiedenen Gr\u00f6\u00dfen passt und ein Gef\u00fchl von Leichtigkeit und Entspannung vermittelt. Tragen Sie diesen wunderbar weichen Pullover, zusammen mit der Loungehose, f\u00fcr einen sch\u00f6nen entspannten Tag zu Hause, aber auch super Spa\u00df an Jeans oder \u00fcber einem Kleid.<\/span><\/p>\n<p dir=\"ltr\" data-placeholder=\"Vertaling\">Material: 70% Baumwolle, 20% Acryl, 3% Viskose, 3% Polyester, 2% Polyamid, 2% Elasthan<\/p>\n<p dir=\"ltr\" data-placeholder=\"Vertaling\">Gr\u00f6\u00dfen: Petit: f\u00fcr Frauen ca. 150-165 cm<\/p>\n<p dir=\"ltr\" data-placeholder=\"Vertaling\">  Gro\u00df: f\u00fcr Frauen ca. 170-190 cm<\/p>\n<p>&nbsp;<\/p>\n","protected":false},"excerpt":{"rendered":"<p><span class=\"Y2IQFc\" lang=\"nl\">Boxy, l\u00e4ssig, super weich und eine wunderbar entspannte Passform. Dieser sch\u00f6ner Pullover besteht aus einem weichen, geb\u00fcrsteten Baumwollmischgewebe.<\/span><\/p>\n","protected":false},"featured_media":213169,"comment_status":"open","ping_status":"closed","template":"","meta":{"_acf_changed":false},"product_cat":[8398,8548,8712,8683],"product_tag":[],"berocket_brand":[9571],"class_list":["post-213161","product","type-product","status-publish","has-post-thumbnail","hentry","product_cat-damenbekleidung","product_cat-damen-tops-hemden","product_cat-damen-pullover-strickjacken","product_cat-angebot","product_shipping_class-pakket-de","berocket_brand-co-label-de-2"],"acf":[],"aioseo_notices":[],"_links":{"self":[{"href":"https:\/\/glownaturalliving.com\/de\/wp-json\/wp\/v2\/product\/213161","targetHints":{"allow":["GET"]}}],"collection":[{"href":"https:\/\/glownaturalliving.com\/de\/wp-json\/wp\/v2\/product"}],"about":[{"href":"https:\/\/glownaturalliving.com\/de\/wp-json\/wp\/v2\/types\/product"}],"replies":[{"embeddable":true,"href":"https:\/\/glownaturalliving.com\/de\/wp-json\/wp\/v2\/comments?post=213161"}],"wp:featuredmedia":[{"embeddable":true,"href":"https:\/\/glownaturalliving.com\/de\/wp-json\/wp\/v2\/media\/213169"}],"wp:attachment":[{"href":"https:\/\/glownaturalliving.com\/de\/wp-json\/wp\/v2\/media?parent=213161"}],"wp:term":[{"taxonomy":"product_cat","embeddable":true,"href":"https:\/\/glownaturalliving.com\/de\/wp-json\/wp\/v2\/product_cat?post=213161"},{"taxonomy":"product_tag","embeddable":true,"href":"https:\/\/glownaturalliving.com\/de\/wp-json\/wp\/v2\/product_tag?post=213161"},{"taxonomy":"berocket_brand","embeddable":true,"href":"https:\/\/glownaturalliving.com\/de\/wp-json\/wp\/v2\/berocket_brand?post=213161"}],"curies":[{"name":"wp","href":"https:\/\/api.w.org\/{rel}","templated":true}]}}