{"id":213250,"date":"2022-11-30T11:37:41","date_gmt":"2022-11-30T10:37:41","guid":{"rendered":"https:\/\/glownaturalliving.com\/winkel\/unkategorisiert\/pflanzlicher-deck-und-basislack-elly-12-ml\/"},"modified":"2024-04-25T10:09:59","modified_gmt":"2024-04-25T09:09:59","slug":"pflanzlicher-deck-und-basislack-elly-12-ml","status":"publish","type":"product","link":"https:\/\/glownaturalliving.com\/de\/winkel\/geschenk\/fuer-sie\/pflanzlicher-deck-und-basislack-elly-12-ml\/","title":{"rendered":"Pflanzlicher Deck- und Basislack Elly 12 ml"},"content":{"rendered":"<h4>Pflanzlicher Deck- und Basislack Elly 12 ml<\/h4>\n<p id=\"tw-target-text\" class=\"tw-data-text tw-text-large tw-ta\" dir=\"ltr\" data-placeholder=\"Vertaling\"><span class=\"Y2IQFc\" lang=\"nl\">Dieser pflanzliche Deck- &amp; Basislack trocknet schnell und ist die ideale Basis f\u00fcr jeden Nagellack. Die Basis sorgt f\u00fcr ein einfaches Auftragen des Nagellacks und verbessert die Haltbarkeit. Die Farbe h\u00e4lt viel l\u00e4nger und Abplatzungen werden vermieden. Der Basislack sch\u00fctzt die N\u00e4gel zudem vor Verf\u00e4rbungen. Diese gl\u00e4nzende Deckschicht sch\u00fctzt die Farbe des Nagellacks und sorgt gleichzeitig f\u00fcr eine lange Haltbarkeit. Die Farbe bleibt intensiv und lebendig. Ein brillanter Glanz sorgt f\u00fcr ein sch\u00f6nes und glattes Finish.  <\/span><\/p>\n<p id=\"tw-target-text\" class=\"tw-data-text tw-text-large tw-ta\" dir=\"ltr\" data-placeholder=\"Vertaling\"><span class=\"Y2IQFc\" lang=\"nl\">Alle OZN-Lacke werden aus einer pflanzlichen Formel hergestellt und sind 100% vegan. Dies unterstreicht die Philosophie hinter OZN: Respekt f\u00fcr alle Menschen, Tiere und Dinge. Die OZN-Produkte sind v\u00f6llig tierversuchsfrei und ohne jegliche Form von tierischen Produkten. Alle Produkte entsprechen den Halal-Richtlinien.  <\/span><\/p>\n<p class=\"tw-data-text tw-text-large tw-ta\" dir=\"ltr\" data-placeholder=\"Vertaling\"><span class=\"Y2IQFc\" lang=\"nl\">BIOBASIERTER DECKEL: Der Deckel besteht aus biologisch abbaubarem Lignin aus Holzfasern, nicht aus Kunststoff, wie viele andere Deckel. Um zu kompostieren, entfernen Sie einfach den OZN-Aufkleber!  <\/span><\/p>\n<p class=\"tw-data-text tw-text-large tw-ta\" dir=\"ltr\" data-placeholder=\"Vertaling\"><span class=\"Y2IQFc\" lang=\"nl\">Die Qualit\u00e4tsanforderungen an OZN-Lacke sind sehr hoch. Deshalb wurde eine pflanzliche Basis mit optimaler Haltbarkeit, Deckkraft und kurzer Trocknungszeit entwickelt. Neben dem langanhaltenden, farbenfrohen Glanz sorgen die OZN-Lacke mit den Vitaminen A, C, E und Pro B5 f\u00fcr eine perfekte Pflege, um die N\u00e4gel zu st\u00e4rken und zu n\u00e4hren.  <\/span><\/p>\n<p class=\"tw-data-text tw-text-large tw-ta\" dir=\"ltr\" data-placeholder=\"Vertaling\"><span class=\"Y2IQFc\" lang=\"nl\">Hergestellt in Deutschland.<\/span><\/p>\n<p class=\"tw-data-text tw-text-large tw-ta\" dir=\"ltr\" data-placeholder=\"Vertaling\"><span class=\"Y2IQFc\" lang=\"nl\">Zutaten: ETHYLACETAT, BUTYLACETAT, NITROCELLULOSE, ACETYLTRIBUTYLCITRAT, ISOPROPYLALKOHOL, ADIPINS\u00c4URE\/ NEOPENTYLGLYKOL\/TRIMELLITHISCHES ANHYDRID-COPOLYMER, CI 60725<\/span><\/p>\n<p id=\"tw-target-text\" class=\"tw-data-text tw-text-large tw-ta\" dir=\"ltr\" data-placeholder=\"Vertaling\" aria-label=\"Vertaalde tekst\" data-ved=\"2ahUKEwjDgMD6-MOFAxWw7rsIHeorCrcQ3ewLegQIERAU\"><strong><span class=\"Y2IQFc\" lang=\"nl\">\u00dcber OZN<\/span><\/strong><\/p>\n<p class=\"tw-data-text tw-text-large tw-ta\" dir=\"ltr\" data-placeholder=\"Vertaling\" aria-label=\"Vertaalde tekst\" data-ved=\"2ahUKEwjDgMD6-MOFAxWw7rsIHeorCrcQ3ewLegQIERAU\"><span class=\"Y2IQFc\" lang=\"nl\">OZN ist eine Marke, die Wert auf Authentizit\u00e4t und Transparenz legt. Deshalb informieren sie ausf\u00fchrlich \u00fcber die verwendeten Inhaltsstoffe.  <\/span><\/p>\n<p class=\"tw-data-text tw-text-large tw-ta\" dir=\"ltr\" data-placeholder=\"Vertaling\" aria-label=\"Vertaalde tekst\" data-ved=\"2ahUKEwjDgMD6-MOFAxWw7rsIHeorCrcQ3ewLegQIERAU\"><span class=\"Y2IQFc\" lang=\"nl\">Gem\u00fcse!  <\/span><\/p>\n<p class=\"tw-data-text tw-text-large tw-ta\" dir=\"ltr\" data-placeholder=\"Vertaling\" aria-label=\"Vertaalde tekst\" data-ved=\"2ahUKEwjDgMD6-MOFAxWw7rsIHeorCrcQ3ewLegQIERAU\"><span class=\"Y2IQFc\" lang=\"nl\">90% der von OZN verwendeten Zutaten stammen aus nachhaltig angebauten, pflanzlichen Rohstoffen wie Holz, Kartoffeln, Rote Bete, Dinkel, Zuckerrohr, Maniok oder Mais.  <\/span><\/p>\n<p class=\"tw-data-text tw-text-large tw-ta\" dir=\"ltr\" data-placeholder=\"Vertaling\" aria-label=\"Vertaalde tekst\" data-ved=\"2ahUKEwjDgMD6-MOFAxWw7rsIHeorCrcQ3ewLegQIERAU\"><span class=\"Y2IQFc\" lang=\"nl\">Nehmen Sie Ihre Vitamine!  <\/span><\/p>\n<p class=\"tw-data-text tw-text-large tw-ta\" dir=\"ltr\" data-placeholder=\"Vertaling\" aria-label=\"Vertaalde tekst\" data-ved=\"2ahUKEwjDgMD6-MOFAxWw7rsIHeorCrcQ3ewLegQIERAU\"><span class=\"Y2IQFc\" lang=\"nl\">F\u00fcr die perfekte Pflege haben sie ihrem Nagellack die Vitamine A, C, E und Pro B5 hinzugef\u00fcgt. Diese Vitamine n\u00e4hren und st\u00e4rken den Nagel und erhalten seine nat\u00fcrliche Flexibilit\u00e4t und Festigkeit. Das Ergebnis kann sich sehen lassen: keine br\u00fcchigen N\u00e4gel mehr, keine Splitter oder Knicke mehr.<\/span><\/p>\n<p id=\"tw-target-text\" class=\"tw-data-text tw-text-large tw-ta\" dir=\"ltr\" data-placeholder=\"Vertaling\" aria-label=\"Vertaalde tekst\" data-ved=\"2ahUKEwjDgMD6-MOFAxWw7rsIHeorCrcQ3ewLegQIERAU\">Der Nagellack von OZN ist 100% vegan und tierversuchsfrei.<\/p>\n","protected":false},"excerpt":{"rendered":"<p><span class=\"Y2IQFc\" lang=\"nl\">Alle OZN-Lacke werden aus einer pflanzlichen Formel hergestellt und sind 100% vegan. Dies unterstreicht die Philosophie hinter OZN: Respekt f\u00fcr alle Menschen, Tiere und Dinge. Die OZN-Produkte sind v\u00f6llig tierversuchsfrei und ohne jegliche Form von tierischen Produkten. Alle Produkte entsprechen den Halal-Richtlinien.<\/span><\/p>\n","protected":false},"featured_media":212046,"comment_status":"open","ping_status":"closed","template":"","meta":{"_acf_changed":false},"product_cat":[9998,9987,9715,8687],"product_tag":[],"berocket_brand":[9725],"class_list":["post-213250","product","type-product","status-publish","has-post-thumbnail","hentry","product_cat-fuer-sie","product_cat-geschenk","product_cat-nagelpolitur","product_cat-pflege","product_shipping_class-pakket-de","berocket_brand-ozn-de-2"],"acf":[],"aioseo_notices":[],"_links":{"self":[{"href":"https:\/\/glownaturalliving.com\/de\/wp-json\/wp\/v2\/product\/213250","targetHints":{"allow":["GET"]}}],"collection":[{"href":"https:\/\/glownaturalliving.com\/de\/wp-json\/wp\/v2\/product"}],"about":[{"href":"https:\/\/glownaturalliving.com\/de\/wp-json\/wp\/v2\/types\/product"}],"replies":[{"embeddable":true,"href":"https:\/\/glownaturalliving.com\/de\/wp-json\/wp\/v2\/comments?post=213250"}],"wp:featuredmedia":[{"embeddable":true,"href":"https:\/\/glownaturalliving.com\/de\/wp-json\/wp\/v2\/media\/212046"}],"wp:attachment":[{"href":"https:\/\/glownaturalliving.com\/de\/wp-json\/wp\/v2\/media?parent=213250"}],"wp:term":[{"taxonomy":"product_cat","embeddable":true,"href":"https:\/\/glownaturalliving.com\/de\/wp-json\/wp\/v2\/product_cat?post=213250"},{"taxonomy":"product_tag","embeddable":true,"href":"https:\/\/glownaturalliving.com\/de\/wp-json\/wp\/v2\/product_tag?post=213250"},{"taxonomy":"berocket_brand","embeddable":true,"href":"https:\/\/glownaturalliving.com\/de\/wp-json\/wp\/v2\/berocket_brand?post=213250"}],"curies":[{"name":"wp","href":"https:\/\/api.w.org\/{rel}","templated":true}]}}