{"id":213269,"date":"2022-11-30T20:26:31","date_gmt":"2022-11-30T19:26:31","guid":{"rendered":"https:\/\/glownaturalliving.com\/winkel\/unkategorisiert\/pflanzlicher-nagellack-celes\/"},"modified":"2023-02-12T13:52:21","modified_gmt":"2023-02-12T12:52:21","slug":"pflanzlicher-nagellack-celes","status":"publish","type":"product","link":"https:\/\/glownaturalliving.com\/de\/winkel\/geschenk\/fuer-sie\/pflanzlicher-nagellack-celes\/","title":{"rendered":"Pflanzlicher Nagellack CELES"},"content":{"rendered":"<h4>Pflanzlicher Nagellack CELES<\/h4>\n<p id=\"tw-target-text\" class=\"tw-data-text tw-text-large tw-ta\" dir=\"ltr\" data-placeholder=\"Vertaling\"><span class=\"Y2IQFc\" lang=\"nl\">Celes eine sch\u00f6ne taupe Farbe mit einem Hauch von Lila. Die perfekte Sommerfarbe. F\u00fcr H\u00e4nde und F\u00fc\u00dfe. Sieht sch\u00f6n aus, besonders bei leicht gebr\u00e4unter Haut.<\/span><span class=\"Y2IQFc\" lang=\"nl\">*<\/span><\/p>\n<p class=\"tw-data-text tw-text-large tw-ta\" dir=\"ltr\" data-placeholder=\"Vertaling\"><span class=\"Y2IQFc\" lang=\"nl\">OZN steht f\u00fcr veganen Nagellack auf pflanzlicher Basis mit intensiver Deckkraft und einer riesigen Farbauswahl. 90% der verwendeten Zutaten stammen aus nachhaltig produzierten Bio-Rohstoffen wie Holz, Kartoffeln, Rote Beete, Dinkel, Zuckerrohr, Maniok oder Mais.  <\/span><\/p>\n<p class=\"tw-data-text tw-text-large tw-ta\" dir=\"ltr\" data-placeholder=\"Vertaling\"><span class=\"Y2IQFc\" lang=\"nl\">F\u00fcr eine perfekte Pflege haben wir die Vitamine A, C, E und Pro B5 hinzugef\u00fcgt. Alle OZN-Produkte sind 100% vegan.  <\/span><\/p>\n<p class=\"tw-data-text tw-text-large tw-ta\" dir=\"ltr\" data-placeholder=\"Vertaling\"><span class=\"Y2IQFc\" lang=\"nl\">CHARAKTERISIEREN:  <\/span><\/p>\n<ul>\n<li class=\"tw-data-text tw-text-large tw-ta\" dir=\"ltr\" data-placeholder=\"Vertaling\"><span class=\"Y2IQFc\" lang=\"nl\">Schnelle Trocknung  <\/span><\/li>\n<li class=\"tw-data-text tw-text-large tw-ta\" dir=\"ltr\" data-placeholder=\"Vertaling\"><span class=\"Y2IQFc\" lang=\"nl\">Perfekte Abdeckung  <\/span><\/li>\n<li class=\"tw-data-text tw-text-large tw-ta\" dir=\"ltr\" data-placeholder=\"Vertaling\"><span class=\"Y2IQFc\" lang=\"nl\">\u00dcberragender Glanz  <\/span><\/li>\n<li class=\"tw-data-text tw-text-large tw-ta\" dir=\"ltr\" data-placeholder=\"Vertaling\"><span class=\"Y2IQFc\" lang=\"nl\">Ausgezeichnete Haltbarkeit  <\/span><\/li>\n<\/ul>\n<p class=\"tw-data-text tw-text-large tw-ta\" dir=\"ltr\" data-placeholder=\"Vertaling\"><span class=\"Y2IQFc\" lang=\"nl\">HERGESTELLT MIT LIEBE IN DEUTSCHLAND &amp; CRUELTY FREE!  <\/span><\/p>\n<p class=\"tw-data-text tw-text-large tw-ta\" dir=\"ltr\" data-placeholder=\"Vertaling\"><span class=\"Y2IQFc\" lang=\"nl\">*Die Originalfarbe der Farbe kann geringf\u00fcgig von der Darstellung im Internet abweichen. Auch die Farbe auf den N\u00e4geln sieht oft etwas anders aus als in der Flasche.<\/span><\/p>\n<p dir=\"ltr\" data-placeholder=\"Vertaling\">12 ml<\/p>\n<p id=\"tw-target-text\" class=\"tw-data-text tw-text-large tw-ta\" dir=\"ltr\" data-placeholder=\"Vertaling\"><span class=\"Y2IQFc\" lang=\"nl\">In der Box finden Sie neben allen OZN-Lackflaschen eine schmale und eine breite B\u00fcrste. Auf diese Weise k\u00f6nnen Sie ganz einfach Ihren Lieblingspinsel ausw\u00e4hlen und bei Bedarf zwischen den beiden B\u00fcrsten wechseln.<\/span><\/p>\n<p class=\"tw-data-text tw-text-large tw-ta\" dir=\"ltr\" data-placeholder=\"Vertaling\"><span class=\"Y2IQFc\" lang=\"nl\">Zutaten: ETHYLACETAT, BUTYLACETAT, NITROCELLULOSE, ACETYLTRIBUTYLCITRAT, ISOPROPYLALKOHOL, ADIPINS\u00c4URE\/ NEOPENTYLGLYKOL\/TRIMELLITHISCHES ANHYDRID-COPOLYMER, CI 60725<\/span><\/p>\n","protected":false},"excerpt":{"rendered":"<p><span class=\"Y2IQFc\" lang=\"nl\">Alle OZN-Lacke werden aus einer pflanzlichen Formel hergestellt und sind 100% vegan. Dies unterstreicht die Philosophie hinter OZN: Respekt f\u00fcr alle Menschen, Tiere und Dinge. Die OZN-Produkte sind v\u00f6llig tierversuchsfrei und ohne jegliche Form von tierischen Produkten. Alle Produkte entsprechen den Halal-Richtlinien.<\/span><\/p>\n","protected":false},"featured_media":212022,"comment_status":"open","ping_status":"closed","template":"","meta":{"_acf_changed":false},"product_cat":[9998,9987,9715,9384,8687],"product_tag":[],"berocket_brand":[9725],"class_list":["post-213269","product","type-product","status-publish","has-post-thumbnail","hentry","product_cat-fuer-sie","product_cat-geschenk","product_cat-nagelpolitur","product_cat-wohnen-de","product_cat-pflege","product_shipping_class-pakket-de","berocket_brand-ozn-de-2"],"acf":[],"aioseo_notices":[],"_links":{"self":[{"href":"https:\/\/glownaturalliving.com\/de\/wp-json\/wp\/v2\/product\/213269","targetHints":{"allow":["GET"]}}],"collection":[{"href":"https:\/\/glownaturalliving.com\/de\/wp-json\/wp\/v2\/product"}],"about":[{"href":"https:\/\/glownaturalliving.com\/de\/wp-json\/wp\/v2\/types\/product"}],"replies":[{"embeddable":true,"href":"https:\/\/glownaturalliving.com\/de\/wp-json\/wp\/v2\/comments?post=213269"}],"wp:featuredmedia":[{"embeddable":true,"href":"https:\/\/glownaturalliving.com\/de\/wp-json\/wp\/v2\/media\/212022"}],"wp:attachment":[{"href":"https:\/\/glownaturalliving.com\/de\/wp-json\/wp\/v2\/media?parent=213269"}],"wp:term":[{"taxonomy":"product_cat","embeddable":true,"href":"https:\/\/glownaturalliving.com\/de\/wp-json\/wp\/v2\/product_cat?post=213269"},{"taxonomy":"product_tag","embeddable":true,"href":"https:\/\/glownaturalliving.com\/de\/wp-json\/wp\/v2\/product_tag?post=213269"},{"taxonomy":"berocket_brand","embeddable":true,"href":"https:\/\/glownaturalliving.com\/de\/wp-json\/wp\/v2\/berocket_brand?post=213269"}],"curies":[{"name":"wp","href":"https:\/\/api.w.org\/{rel}","templated":true}]}}