{"id":213273,"date":"2022-11-30T20:37:00","date_gmt":"2022-11-30T19:37:00","guid":{"rendered":"https:\/\/glownaturalliving.com\/winkel\/unkategorisiert\/pflanzlicher-nagellack-hilary\/"},"modified":"2024-04-25T09:50:07","modified_gmt":"2024-04-25T08:50:07","slug":"pflanzlicher-nagellack-hilary","status":"publish","type":"product","link":"https:\/\/glownaturalliving.com\/de\/winkel\/geschenk\/fuer-sie\/pflanzlicher-nagellack-hilary\/","title":{"rendered":"Pflanzlicher Nagellack HILARY"},"content":{"rendered":"<h4>Pflanzlicher Nagellack HILARY<\/h4>\n<p id=\"tw-target-text\" class=\"tw-data-text tw-text-large tw-ta\" dir=\"ltr\" data-placeholder=\"Vertaling\"><span class=\"Y2IQFc\" lang=\"nl\">Hilary ist eine cremige, helle taupe Farbe. Ein sch\u00f6ner, intensiver Ton. Sehr feminin, sehr elegant.<\/span><span class=\"Y2IQFc\" lang=\"nl\">*<\/span><\/p>\n<p class=\"tw-data-text tw-text-large tw-ta\" dir=\"ltr\" data-placeholder=\"Vertaling\"><span class=\"Y2IQFc\" lang=\"nl\">OZN steht f\u00fcr veganen Nagellack auf pflanzlicher Basis mit intensiver Deckkraft und einer riesigen Farbauswahl. 90% der verwendeten Zutaten stammen aus nachhaltig produzierten Bio-Rohstoffen wie Holz, Kartoffeln, Rote Beete, Dinkel, Zuckerrohr, Maniok oder Mais.  <\/span><\/p>\n<p class=\"tw-data-text tw-text-large tw-ta\" dir=\"ltr\" data-placeholder=\"Vertaling\"><span class=\"Y2IQFc\" lang=\"nl\">F\u00fcr eine perfekte Pflege haben wir die Vitamine A, C, E und Pro B5 hinzugef\u00fcgt. Alle OZN-Produkte sind 100% vegan.  <\/span><\/p>\n<p class=\"tw-data-text tw-text-large tw-ta\" dir=\"ltr\" data-placeholder=\"Vertaling\"><span class=\"Y2IQFc\" lang=\"nl\">CHARAKTERISIEREN:  <\/span><\/p>\n<ul>\n<li class=\"tw-data-text tw-text-large tw-ta\" dir=\"ltr\" data-placeholder=\"Vertaling\"><span class=\"Y2IQFc\" lang=\"nl\">Schnelle Trocknung  <\/span><\/li>\n<li class=\"tw-data-text tw-text-large tw-ta\" dir=\"ltr\" data-placeholder=\"Vertaling\"><span class=\"Y2IQFc\" lang=\"nl\">Perfekte Abdeckung  <\/span><\/li>\n<li class=\"tw-data-text tw-text-large tw-ta\" dir=\"ltr\" data-placeholder=\"Vertaling\"><span class=\"Y2IQFc\" lang=\"nl\">\u00dcberragender Glanz  <\/span><\/li>\n<li class=\"tw-data-text tw-text-large tw-ta\" dir=\"ltr\" data-placeholder=\"Vertaling\"><span class=\"Y2IQFc\" lang=\"nl\">Ausgezeichnete Haltbarkeit  <\/span><\/li>\n<\/ul>\n<p class=\"tw-data-text tw-text-large tw-ta\" dir=\"ltr\" data-placeholder=\"Vertaling\"><span class=\"Y2IQFc\" lang=\"nl\">HERGESTELLT MIT LIEBE IN DEUTSCHLAND &amp; CRUELTY FREE!  <\/span><\/p>\n<p class=\"tw-data-text tw-text-large tw-ta\" dir=\"ltr\" data-placeholder=\"Vertaling\"><span class=\"Y2IQFc\" lang=\"nl\">*Die Originalfarbe der Farbe kann geringf\u00fcgig von der Darstellung im Internet abweichen. Auch die Farbe auf den N\u00e4geln sieht oft etwas anders aus als in der Flasche.<\/span><\/p>\n<p dir=\"ltr\" data-placeholder=\"Vertaling\">12 ml<\/p>\n<p id=\"tw-target-text\" class=\"tw-data-text tw-text-large tw-ta\" dir=\"ltr\" data-placeholder=\"Vertaling\"><span class=\"Y2IQFc\" lang=\"nl\">In der Box finden Sie neben allen OZN-Lackflaschen eine schmale und eine breite B\u00fcrste. Auf diese Weise k\u00f6nnen Sie ganz einfach Ihren Lieblingspinsel ausw\u00e4hlen und bei Bedarf zwischen den beiden B\u00fcrsten wechseln.<\/span><\/p>\n<p class=\"tw-data-text tw-text-large tw-ta\" dir=\"ltr\" data-placeholder=\"Vertaling\"><span class=\"Y2IQFc\" lang=\"nl\">Zutaten: ETHYLACETAT, BUTYLACETAT, NITROCELLULOSE, ACETYLTRIBUTYLCITRAT, ISOPROPYLALKOHOL, ADIPINS\u00c4URE\/ NEOPENTYLGLYKOL\/TRIMELLITHISCHES ANHYDRID-COPOLYMER, CI 60725<\/span><\/p>\n<p dir=\"ltr\" data-placeholder=\"Vertaling\">\n<p id=\"tw-target-text\" class=\"tw-data-text tw-text-large tw-ta\" dir=\"ltr\" data-placeholder=\"Vertaling\" aria-label=\"Vertaalde tekst\" data-ved=\"2ahUKEwjDgMD6-MOFAxWw7rsIHeorCrcQ3ewLegQIERAU\"><strong><span class=\"Y2IQFc\" lang=\"nl\">\u00dcber OZN<\/span><\/strong><\/p>\n<p class=\"tw-data-text tw-text-large tw-ta\" dir=\"ltr\" data-placeholder=\"Vertaling\" aria-label=\"Vertaalde tekst\" data-ved=\"2ahUKEwjDgMD6-MOFAxWw7rsIHeorCrcQ3ewLegQIERAU\"><span class=\"Y2IQFc\" lang=\"nl\">OZN ist eine Marke, die Wert auf Authentizit\u00e4t und Transparenz legt. Deshalb informieren sie ausf\u00fchrlich \u00fcber die verwendeten Inhaltsstoffe.  <\/span><\/p>\n<p class=\"tw-data-text tw-text-large tw-ta\" dir=\"ltr\" data-placeholder=\"Vertaling\" aria-label=\"Vertaalde tekst\" data-ved=\"2ahUKEwjDgMD6-MOFAxWw7rsIHeorCrcQ3ewLegQIERAU\"><span class=\"Y2IQFc\" lang=\"nl\">Gem\u00fcse!  <\/span><\/p>\n<p class=\"tw-data-text tw-text-large tw-ta\" dir=\"ltr\" data-placeholder=\"Vertaling\" aria-label=\"Vertaalde tekst\" data-ved=\"2ahUKEwjDgMD6-MOFAxWw7rsIHeorCrcQ3ewLegQIERAU\"><span class=\"Y2IQFc\" lang=\"nl\">90% der von OZN verwendeten Zutaten stammen aus nachhaltig angebauten, pflanzlichen Rohstoffen wie Holz, Kartoffeln, Rote Bete, Dinkel, Zuckerrohr, Maniok oder Mais.  <\/span><\/p>\n<p class=\"tw-data-text tw-text-large tw-ta\" dir=\"ltr\" data-placeholder=\"Vertaling\" aria-label=\"Vertaalde tekst\" data-ved=\"2ahUKEwjDgMD6-MOFAxWw7rsIHeorCrcQ3ewLegQIERAU\"><span class=\"Y2IQFc\" lang=\"nl\">Nehmen Sie Ihre Vitamine!  <\/span><\/p>\n<p class=\"tw-data-text tw-text-large tw-ta\" dir=\"ltr\" data-placeholder=\"Vertaling\" aria-label=\"Vertaalde tekst\" data-ved=\"2ahUKEwjDgMD6-MOFAxWw7rsIHeorCrcQ3ewLegQIERAU\"><span class=\"Y2IQFc\" lang=\"nl\">F\u00fcr die perfekte Pflege haben sie ihrem Nagellack die Vitamine A, C, E und Pro B5 hinzugef\u00fcgt. Diese Vitamine n\u00e4hren und st\u00e4rken den Nagel und erhalten seine nat\u00fcrliche Flexibilit\u00e4t und Festigkeit. Das Ergebnis kann sich sehen lassen: keine br\u00fcchigen N\u00e4gel mehr, keine Splitter oder Knicke mehr.<\/span><\/p>\n<p id=\"tw-target-text\" class=\"tw-data-text tw-text-large tw-ta\" dir=\"ltr\" data-placeholder=\"Vertaling\" aria-label=\"Vertaalde tekst\" data-ved=\"2ahUKEwjDgMD6-MOFAxWw7rsIHeorCrcQ3ewLegQIERAU\">Der Nagellack von OZN ist 100% vegan und tierversuchsfrei.<\/p>\n","protected":false},"excerpt":{"rendered":"<p><span class=\"Y2IQFc\" lang=\"nl\">Alle OZN-Lacke werden aus einer pflanzlichen Formel hergestellt und sind 100% vegan. Dies unterstreicht die Philosophie hinter OZN: Respekt f\u00fcr alle Menschen, Tiere und Dinge. Die OZN-Produkte sind v\u00f6llig tierversuchsfrei und ohne jegliche Form von tierischen Produkten. Alle Produkte entsprechen den Halal-Richtlinien.<\/span><\/p>\n","protected":false},"featured_media":212034,"comment_status":"open","ping_status":"closed","template":"","meta":{"_acf_changed":false},"product_cat":[9998,9987,9715,9384,8687],"product_tag":[],"berocket_brand":[9725],"class_list":["post-213273","product","type-product","status-publish","has-post-thumbnail","hentry","product_cat-fuer-sie","product_cat-geschenk","product_cat-nagelpolitur","product_cat-wohnen-de","product_cat-pflege","product_shipping_class-pakket-de","berocket_brand-ozn-de-2"],"acf":[],"aioseo_notices":[],"_links":{"self":[{"href":"https:\/\/glownaturalliving.com\/de\/wp-json\/wp\/v2\/product\/213273","targetHints":{"allow":["GET"]}}],"collection":[{"href":"https:\/\/glownaturalliving.com\/de\/wp-json\/wp\/v2\/product"}],"about":[{"href":"https:\/\/glownaturalliving.com\/de\/wp-json\/wp\/v2\/types\/product"}],"replies":[{"embeddable":true,"href":"https:\/\/glownaturalliving.com\/de\/wp-json\/wp\/v2\/comments?post=213273"}],"wp:featuredmedia":[{"embeddable":true,"href":"https:\/\/glownaturalliving.com\/de\/wp-json\/wp\/v2\/media\/212034"}],"wp:attachment":[{"href":"https:\/\/glownaturalliving.com\/de\/wp-json\/wp\/v2\/media?parent=213273"}],"wp:term":[{"taxonomy":"product_cat","embeddable":true,"href":"https:\/\/glownaturalliving.com\/de\/wp-json\/wp\/v2\/product_cat?post=213273"},{"taxonomy":"product_tag","embeddable":true,"href":"https:\/\/glownaturalliving.com\/de\/wp-json\/wp\/v2\/product_tag?post=213273"},{"taxonomy":"berocket_brand","embeddable":true,"href":"https:\/\/glownaturalliving.com\/de\/wp-json\/wp\/v2\/berocket_brand?post=213273"}],"curies":[{"name":"wp","href":"https:\/\/api.w.org\/{rel}","templated":true}]}}