{"id":213310,"date":"2023-02-12T19:46:33","date_gmt":"2023-02-12T18:46:33","guid":{"rendered":"https:\/\/glownaturalliving.com\/winkel\/unkategorisiert\/starter-pack-black-edition\/"},"modified":"2023-02-12T20:06:29","modified_gmt":"2023-02-12T19:06:29","slug":"starter-pack-black-edition","status":"publish","type":"product","link":"https:\/\/glownaturalliving.com\/de\/winkel\/pflege\/pflege-produkte\/starter-pack-black-edition\/","title":{"rendered":"Starter Pack \u2013 Black Edition"},"content":{"rendered":"<h4>Starter Pack \u2013 Black Edition<\/h4>\n<p>Die nat\u00fcrliche und wirksame Anti-Odorant-Creme, die schnell einzieht und keine Flecken auf Ihrer Kleidung hinterl\u00e4sst. Nuud ist super konzentriert, so dass Sie wirklich nur eine Erbse auf einmal brauchen. Im Durchschnitt haben Sie drei Tage lang frische Achselh\u00f6hlen. Der Nuud C\u00e8me verstopft Ihre Poren nicht, sondern l\u00e4sst sie frei atmen.<\/p>\n<p>Dies ist das Nuud Starter Pack. Perfekt f\u00fcr den Anfang. Es gibt eine Tube Nuud mit 15ml Creme. Genug f\u00fcr durchschnittlich 7 Wochen nat\u00fcrlich frische Achselh\u00f6hlen.<\/p>\n<p>Der Karton besteht aus biologisch abbaubarem Karton. Die Rohre bestehen aus 100% recycelbarem Biokunststoff aus Zuckerrohr.<\/p>\n<ul>\n<li>Kein Aluminium, keine k\u00fcnstlichen Duftstoffe, keine flauschigen Chemikalien, kein Alkohol, aber 100% nat\u00fcrlich<\/li>\n<li>Kein Mikroplastik, keine Nanopartikel<\/li>\n<li>Tierversuchsfrei &amp; vegan<\/li>\n<li>100% recycelbare Biokunststoff-Zuckerrohrtube, biologisch abbaubare Kartonverpackung<\/li>\n<li>Nachhaltige Produktion und Distribution<\/li>\n<li>Verhindert Geruch durch Neutralisierung von Bakterien mit Mikrosilber<\/li>\n<li>1 Mal anwenden, wirksam 3 bis 7 Tage<\/li>\n<li>Sport, Aktivit\u00e4t oder Duschen haben keinen Einfluss auf die Wirksamkeit von nuud<\/li>\n<li>Mehr als 2.500.000 gl\u00fcckliche Achselh\u00f6hlen auf der Welt<\/li>\n<\/ul>\n<h4>\u00dcber Nuud<\/h4>\n<div class=\"counter-content__title\">\n<p><em>Stoppen Sie Deodorant, beginnen Sie mit Nuud.<\/em><\/p>\n<\/div>\n<div class=\"counter-content__body\">\n<p>Hallo, wir sind nuud. Ein veganes Anti-Odorant, das 3 bis 7 Tage lang magisch wirksam ist.<\/p>\n<p>Frische Achselh\u00f6hlen, daf\u00fcr stehen wir; Frisch wie eine Eisb\u00e4ren-Gartenparty. Das bedeutet frisch ohne Aluminium, Parabene, petrochemischen M\u00fcll oder andere unangenehme Zutaten. Auch kein Salz oder billiges Parf\u00fcm. Und wir machen keine Treibmittel oder Aerosole, weshalb die Nuud-Creme in einer Biokunststofftube aus Zuckerrohr ist.<\/p>\n<p>Frische Achselh\u00f6hlen weltweit!!<\/p>\n<p>&nbsp;<\/p>\n<\/div>\n<p class=\"p1\">\n","protected":false},"excerpt":{"rendered":"<p>Dies ist das Nuud Starter Pack. Genug f\u00fcr durchschnittlich 7 Wochen nat\u00fcrlich frische Achselh\u00f6hlen. Der Karton besteht aus biologisch abbaubarem Karton. Die Rohre bestehen aus 100% recycelbarem Biokunststoff aus Zuckerrohr.<\/p>\n","protected":false},"featured_media":213302,"comment_status":"open","ping_status":"closed","template":"","meta":{"_acf_changed":false},"product_cat":[8687,9290],"product_tag":[],"berocket_brand":[9752],"class_list":["post-213310","product","type-product","status-publish","has-post-thumbnail","hentry","product_cat-pflege","product_cat-pflege-produkte","berocket_brand-nuud-de-2"],"acf":[],"aioseo_notices":[],"_links":{"self":[{"href":"https:\/\/glownaturalliving.com\/de\/wp-json\/wp\/v2\/product\/213310","targetHints":{"allow":["GET"]}}],"collection":[{"href":"https:\/\/glownaturalliving.com\/de\/wp-json\/wp\/v2\/product"}],"about":[{"href":"https:\/\/glownaturalliving.com\/de\/wp-json\/wp\/v2\/types\/product"}],"replies":[{"embeddable":true,"href":"https:\/\/glownaturalliving.com\/de\/wp-json\/wp\/v2\/comments?post=213310"}],"wp:featuredmedia":[{"embeddable":true,"href":"https:\/\/glownaturalliving.com\/de\/wp-json\/wp\/v2\/media\/213302"}],"wp:attachment":[{"href":"https:\/\/glownaturalliving.com\/de\/wp-json\/wp\/v2\/media?parent=213310"}],"wp:term":[{"taxonomy":"product_cat","embeddable":true,"href":"https:\/\/glownaturalliving.com\/de\/wp-json\/wp\/v2\/product_cat?post=213310"},{"taxonomy":"product_tag","embeddable":true,"href":"https:\/\/glownaturalliving.com\/de\/wp-json\/wp\/v2\/product_tag?post=213310"},{"taxonomy":"berocket_brand","embeddable":true,"href":"https:\/\/glownaturalliving.com\/de\/wp-json\/wp\/v2\/berocket_brand?post=213310"}],"curies":[{"name":"wp","href":"https:\/\/api.w.org\/{rel}","templated":true}]}}