{"id":213924,"date":"2023-02-14T13:45:24","date_gmt":"2023-02-14T12:45:24","guid":{"rendered":"https:\/\/glownaturalliving.com\/?post_type=product&#038;p=213924"},"modified":"2024-07-15T14:36:51","modified_gmt":"2024-07-15T13:36:51","slug":"knopf-haarband-sand","status":"publish","type":"product","link":"https:\/\/glownaturalliving.com\/de\/winkel\/geschenk\/mutterschaftsgeschenk\/knopf-haarband-sand\/","title":{"rendered":"Knopfhaarband \u2013 5 Farben"},"content":{"rendered":"<p>Wunderbar weiche Haarb\u00e4nder mit Schleife. Es macht super Spa\u00df, jedes Outfit Ihres Kleinen aufzuhellen. So s\u00fc\u00df! Aber es macht auch Spa\u00df, das eigene Outfit zu stylen \ud83d\ude09<\/p>\n<p>Das Knopfhaarband kann auf verschiedene Arten getragen werden. Als Haarband mit einem Knoten vorw\u00e4rts oder r\u00fcckw\u00e4rts oder als Scrunchie. Multifunktionell!<\/p>\n<p>Die Haarb\u00e4nder werden in den Niederlanden aus recyceltem Stoff handgefertigt. Durch die sch\u00f6nen Naturfarben lassen sich die Knopfhaarb\u00e4nder perfekt mit allem kombinieren.<\/p>\n<p>Gr\u00f6\u00dfe S: 0-4 Jahre<\/p>\n<p>Gr\u00f6\u00dfe M: 4-8 Jahre<\/p>\n<p>Gr\u00f6\u00dfe L: Damen<\/p>\n<p>Erh\u00e4ltlich in den Farben Black, Moss Green, Light Grey, Creme und Sand.<\/p>\n<p>Material: 62%RCO\/33%5% EA<\/p>\n<p><img decoding=\"async\" src=\"https:\/\/certifications.controlunion.com\/storage\/configurations\/certificationspetersoncontrolunioncomaccnakijkennl\/generated\/6a023d084179d71eb97799402b3f685c-certification-30-200-200.png\" alt=\"GRS - Global Recycle Standard - Zertifizierungen\"><\/p>\n<p>&nbsp;<\/p>\n","protected":false},"excerpt":{"rendered":"<p>Wunderbar weiche Haarb\u00e4nder mit Schleife. Es macht super Spa\u00df, jedes Outfit Ihres Kleinen aufzuhellen. So s\u00fc\u00df! Aber es macht auch Spa\u00df, sein eigenes Outfit zu stylen;) Die Haarb\u00e4nder werden in den Niederlanden aus recyceltem Stoff handgefertigt.<\/p>\n","protected":false},"featured_media":213783,"comment_status":"open","ping_status":"closed","template":"","meta":{"_acf_changed":false},"product_cat":[9706,9987,9988,8398,8514,8833,8862,8683],"product_tag":[],"berocket_brand":[9422],"class_list":["post-213924","product","type-product","status-publish","has-post-thumbnail","hentry","product_cat-accessoires-de","product_cat-geschenk","product_cat-mutterschaftsgeschenk","product_cat-damenbekleidung","product_cat-kinderkleidung","product_cat-mini-baby-zubehor","product_cat-mini-baby-haarbander","product_cat-angebot","product_shipping_class-pakket-de","berocket_brand-glow-the-label-de-2"],"acf":[],"aioseo_notices":[],"_links":{"self":[{"href":"https:\/\/glownaturalliving.com\/de\/wp-json\/wp\/v2\/product\/213924","targetHints":{"allow":["GET"]}}],"collection":[{"href":"https:\/\/glownaturalliving.com\/de\/wp-json\/wp\/v2\/product"}],"about":[{"href":"https:\/\/glownaturalliving.com\/de\/wp-json\/wp\/v2\/types\/product"}],"replies":[{"embeddable":true,"href":"https:\/\/glownaturalliving.com\/de\/wp-json\/wp\/v2\/comments?post=213924"}],"wp:featuredmedia":[{"embeddable":true,"href":"https:\/\/glownaturalliving.com\/de\/wp-json\/wp\/v2\/media\/213783"}],"wp:attachment":[{"href":"https:\/\/glownaturalliving.com\/de\/wp-json\/wp\/v2\/media?parent=213924"}],"wp:term":[{"taxonomy":"product_cat","embeddable":true,"href":"https:\/\/glownaturalliving.com\/de\/wp-json\/wp\/v2\/product_cat?post=213924"},{"taxonomy":"product_tag","embeddable":true,"href":"https:\/\/glownaturalliving.com\/de\/wp-json\/wp\/v2\/product_tag?post=213924"},{"taxonomy":"berocket_brand","embeddable":true,"href":"https:\/\/glownaturalliving.com\/de\/wp-json\/wp\/v2\/berocket_brand?post=213924"}],"curies":[{"name":"wp","href":"https:\/\/api.w.org\/{rel}","templated":true}]}}