{"id":214467,"date":"2023-03-13T20:20:10","date_gmt":"2023-03-13T19:20:10","guid":{"rendered":"https:\/\/glownaturalliving.com\/?post_type=product&#038;p=214467"},"modified":"2023-07-15T12:13:31","modified_gmt":"2023-07-15T11:13:31","slug":"bio-badreinger","status":"publish","type":"product","link":"https:\/\/glownaturalliving.com\/de\/winkel\/wohnen-de\/reinigen\/bio-badreinger\/","title":{"rendered":"Bio-Bad-Reinger"},"content":{"rendered":"<p>Der Elite Home Badezimmerreiniger entfernt Seifenreste im Badezimmer, Kalkflecken, Schmutzablagerungen, ohne die Oberfl\u00e4chen zu besch\u00e4digen, auf denen kein Schrubben erforderlich ist. Bei der Verwendung emittiert das Produkt keinen sch\u00e4dlichen Dampf, so dass es die Atemwege nicht beeinflusst.<\/p>\n<p>Das Produkt kann auch f\u00fcr die Toilettenreinigung verwendet werden. Es verschmutzt nicht das Grauwassersystem, das h\u00e4usliches Abwasser ist, ist in der Natur biologisch abbaubar und setzt bei der Verwendung keine giftigen Gase frei.<\/p>\n<p><strong>Zutaten<\/strong><\/p>\n<p>5-15% Amphoterer Wirkstoff, 5-15% Milchs\u00e4ure, Bio-Aloe Vera Saft.<\/p>\n<p>Enth\u00e4lt kein Parf\u00fcm, Phosphat, Parabene, Triclosan, harte S\u00e4ure, Petrochemie, SLS \/ SLES, EDTA, MEA, DEA, Tee, tierisches Glycerin, Talgate, Palm\u00f6l.<\/p>\n<p><strong>Manuell<\/strong><\/p>\n<p>Mit Wasser verd\u00fcnnen oder auftragen und bei hartn\u00e4ckigem Schmutz oder Kalk sofort einreiben. Dann gut aussp\u00fclen.<\/p>\n<p>&nbsp;<\/p>\n","protected":false},"excerpt":{"rendered":"<p>\u2713 Entfernt Seifenreste im Bad, Kalkflecken und Schmutzablagerungen<br \/>\n\u2713 Nur nat\u00fcrliche und nachhaltige Zutaten<br \/>\n\u2713 Vegan und tierversuchsfrei<\/p>\n","protected":false},"featured_media":214743,"comment_status":"open","ping_status":"closed","template":"","meta":{"_acf_changed":false},"product_cat":[9713,9384],"product_tag":[],"berocket_brand":[9811],"class_list":["post-214467","product","type-product","status-publish","has-post-thumbnail","hentry","product_cat-reinigen","product_cat-wohnen-de","product_shipping_class-pakket-de","berocket_brand-the-elite-home-de"],"acf":[],"aioseo_notices":[],"_links":{"self":[{"href":"https:\/\/glownaturalliving.com\/de\/wp-json\/wp\/v2\/product\/214467","targetHints":{"allow":["GET"]}}],"collection":[{"href":"https:\/\/glownaturalliving.com\/de\/wp-json\/wp\/v2\/product"}],"about":[{"href":"https:\/\/glownaturalliving.com\/de\/wp-json\/wp\/v2\/types\/product"}],"replies":[{"embeddable":true,"href":"https:\/\/glownaturalliving.com\/de\/wp-json\/wp\/v2\/comments?post=214467"}],"wp:featuredmedia":[{"embeddable":true,"href":"https:\/\/glownaturalliving.com\/de\/wp-json\/wp\/v2\/media\/214743"}],"wp:attachment":[{"href":"https:\/\/glownaturalliving.com\/de\/wp-json\/wp\/v2\/media?parent=214467"}],"wp:term":[{"taxonomy":"product_cat","embeddable":true,"href":"https:\/\/glownaturalliving.com\/de\/wp-json\/wp\/v2\/product_cat?post=214467"},{"taxonomy":"product_tag","embeddable":true,"href":"https:\/\/glownaturalliving.com\/de\/wp-json\/wp\/v2\/product_tag?post=214467"},{"taxonomy":"berocket_brand","embeddable":true,"href":"https:\/\/glownaturalliving.com\/de\/wp-json\/wp\/v2\/berocket_brand?post=214467"}],"curies":[{"name":"wp","href":"https:\/\/api.w.org\/{rel}","templated":true}]}}