{"id":214525,"date":"2023-03-16T11:57:12","date_gmt":"2023-03-16T10:57:12","guid":{"rendered":"https:\/\/glownaturalliving.com\/winkel\/unkategorisiert\/natur-baby-shampoo\/"},"modified":"2025-07-05T09:38:55","modified_gmt":"2025-07-05T08:38:55","slug":"natur-baby-shampoo","status":"publish","type":"product","link":"https:\/\/glownaturalliving.com\/de\/winkel\/geschenk\/mutterschaftsgeschenk\/natur-baby-shampoo\/","title":{"rendered":"Nat\u00fcrliches Babyshampoo"},"content":{"rendered":"<p><b>Nat\u00fcrliches, sch\u00e4umendes Babyshampoo f\u00fcr empfindliche Haut<\/b><\/p>\n<p>Suchen Sie nach einem milden, nat\u00fcrlichen Babyshampoo, das hilft, Berge von Ihrem Baby zu entfernen? Dann ist das INCIA natural Baby Shampoo genau das Richtige f\u00fcr Sie! Dieses sch\u00e4umende Shampoo:<\/p>\n<ul>\n<li>Enth\u00e4lt kein Parf\u00fcm, Parabene, Silikone und chemische Schaumbildner (SLS\/SLES)<\/li>\n<li>Sticht nicht in die Augen<\/li>\n<li>Hilft bei Berg (seborrhoisches Ekzem) Ihres Babys<\/li>\n<li>Geeignet f\u00fcr den pH-Wert empfindlicher Babyhaut<\/li>\n<li>Reinigt und sch\u00fctzt trockene und empfindliche Haut<\/li>\n<li>Dermatologisch getestet und hypoallergen<\/li>\n<\/ul>\n<p>Das INCIA 100% Natural, Foaming Baby Shampoo wird aus nat\u00fcrlichen Produkten hergestellt. Das Shampoo sorgt f\u00fcr eine sanfte Reinigung der empfindlichen Kopfhaut.<\/p>\n<p>Das Babyshampoo ist vielseitig. Verwenden Sie es daher zum Waschen des K\u00f6rpers Ihres Kindes. Die Inhaltsstoffe pflegen trockene und empfindliche Haut und sch\u00fctzen vor \u00e4u\u00dferen Einfl\u00fcssen.<\/p>\n<p><b>Entfernen Sie Berge von Ihrem Baby<\/b><b><br \/>\n<\/b>Berg gilt als die Babyvariante des seborrhoischen Ekzems. Berg ist ein h\u00e4ufiges Ph\u00e4nomen bei Babys. Ihr Kind bekommt es vor allem in den ersten Monaten nach der Geburt.<\/p>\n<p>Berg ist fettige, gelbbraune Schuppung, die an der Kopfhaut &#8222;haftet&#8220;. Berg stinkt manchmal und kann sehr hartn\u00e4ckig sein. Diese Form des Ekzems ist oft schwer zu entfernen.<\/p>\n<p>Das INCIA 100% Natural, Foaming Baby Shampoo hilft bei der Bergentfernung. Das sch\u00e4umende Shampoo reinigt sanft die empfindliche Kopfhaut eines Babys.<\/p>\n<p>Die nat\u00fcrlichen Inhaltsstoffe haben einen positiven Einfluss auf den Berg. INCIA 100% nat\u00fcrliches, sch\u00e4umendes Babyshampoo verhindert sogar die Bildung neuer Ekzeme. Die Verwendung dieses Babyshampoos tr\u00e4gt daher zu einem wunderbar frischen Kopf bei!<\/p>\n<p><b>Nat\u00fcrliches Babyshampoo ohne Silikon<\/b><b><br \/>\n<\/b>Babys Haut ist sehr empfindlich. INCIA 100% Natural, Foaming Baby Shampoo enth\u00e4lt daher keine synthetischen Konservierungsstoffe, Duftstoffe, Silikone und petrochemischen Verbindungen.<\/p>\n<p>Diese Inhaltsstoffe werden bewusst nicht verwendet, da sie sch\u00e4dlich sind. Sie trocknen auch die Haut aus. INCIA verwendet daher ausschlie\u00dflich nat\u00fcrliche Inhaltsstoffe. Diese n\u00e4hren die Haut, bieten Schutz und sind hypoallergen.<\/p>\n<p><b>Tierversuchsfreie Produkte<\/b><b><br \/>\n<\/b>INCIA sch\u00fctzt die Natur und alle Lebewesen. Alle INCIA-Produkte sind daher tierversuchsfrei.<\/p>\n<p><b>Inhalt pro Flasche Babyshampoo<\/b><b><br \/>\n<\/b>200 ml<\/p>\n<p><strong>Zutaten<\/strong><\/p>\n<p>Wasser, Decylglycosid, Glycerin, Laurylglycosid, Galaktobaisch, Gaultheria Procumbens Blattextrakt, Triethylcitrat, Zimtextrakt, Glycerylcaprylat, Lavandula Angustifolia Kr\u00e4uter\u00f6l, Capryloylglycin, PCA-Ethylcocoylargiriat, Diheptylsuccinat(e) Capryloylglycerin\/Sebacic Acid Copolymer, Natriumcitrat, Zitronens\u00e4ure.<\/p>\n<p><strong>Manuell<\/strong><\/p>\n<p>Tragen Sie das Shampoo auf das Haar und den K\u00f6rper Ihres Babys auf. Sanft einmassieren. Mit viel Wasser absp\u00fclen.<\/p>\n","protected":false},"excerpt":{"rendered":"<p><b>Nat\u00fcrliches, sch\u00e4umendes Babyshampoo f\u00fcr empfindliche Haut<\/b><\/p>\n<p>Suchen Sie nach einem milden, nat\u00fcrlichen Babyshampoo, das hilft, Berge von Ihrem Baby zu entfernen? Dann ist das INCIA natural Baby Shampoo genau das Richtige f\u00fcr Sie!<\/p>\n","protected":false},"featured_media":214520,"comment_status":"open","ping_status":"closed","template":"","meta":{"_acf_changed":false},"product_cat":[9987,9988,8687,9290],"product_tag":[],"berocket_brand":[9679],"class_list":["post-214525","product","type-product","status-publish","has-post-thumbnail","hentry","product_cat-geschenk","product_cat-mutterschaftsgeschenk","product_cat-pflege","product_cat-pflege-produkte","product_shipping_class-pakket-de","berocket_brand-incia-de"],"acf":[],"aioseo_notices":[],"_links":{"self":[{"href":"https:\/\/glownaturalliving.com\/de\/wp-json\/wp\/v2\/product\/214525","targetHints":{"allow":["GET"]}}],"collection":[{"href":"https:\/\/glownaturalliving.com\/de\/wp-json\/wp\/v2\/product"}],"about":[{"href":"https:\/\/glownaturalliving.com\/de\/wp-json\/wp\/v2\/types\/product"}],"replies":[{"embeddable":true,"href":"https:\/\/glownaturalliving.com\/de\/wp-json\/wp\/v2\/comments?post=214525"}],"wp:featuredmedia":[{"embeddable":true,"href":"https:\/\/glownaturalliving.com\/de\/wp-json\/wp\/v2\/media\/214520"}],"wp:attachment":[{"href":"https:\/\/glownaturalliving.com\/de\/wp-json\/wp\/v2\/media?parent=214525"}],"wp:term":[{"taxonomy":"product_cat","embeddable":true,"href":"https:\/\/glownaturalliving.com\/de\/wp-json\/wp\/v2\/product_cat?post=214525"},{"taxonomy":"product_tag","embeddable":true,"href":"https:\/\/glownaturalliving.com\/de\/wp-json\/wp\/v2\/product_tag?post=214525"},{"taxonomy":"berocket_brand","embeddable":true,"href":"https:\/\/glownaturalliving.com\/de\/wp-json\/wp\/v2\/berocket_brand?post=214525"}],"curies":[{"name":"wp","href":"https:\/\/api.w.org\/{rel}","templated":true}]}}