{"id":214552,"date":"2023-03-16T12:47:25","date_gmt":"2023-03-16T11:47:25","guid":{"rendered":"https:\/\/glownaturalliving.com\/winkel\/unkategorisiert\/natuerliches-babyoel\/"},"modified":"2025-07-05T09:38:51","modified_gmt":"2025-07-05T08:38:51","slug":"natuerliches-babyoel","status":"publish","type":"product","link":"https:\/\/glownaturalliving.com\/de\/winkel\/geschenk\/mutterschaftsgeschenk\/natuerliches-babyoel\/","title":{"rendered":"Nat\u00fcrliches Baby\u00f6l"},"content":{"rendered":"<div class=\" product-block product-block--@app product-block--6ff195b1-7b80-41d0-9f5a-047247ad4b56 \">\n<div class=\"product-app\">\n<div id=\"station-tabs_6ff195b1-7b80-41d0-9f5a-047247ad4b56\" class=\"station-tabs rte is-initialized is-ready\" data-pro-tabs=\"true\" data-start-tab-element=\"h4\" data-default-tab=\"true\" data-default-tab-title=\"Productinformatie\" data-stop-tabs-element=\"false\" data-show-stop-element=\"true\" data-show-local-above=\"true\" data-show-global-above=\"true\" data-show-tabset=\"true\" data-show-local-below=\"true\" data-show-global-below=\"true\" data-layout=\"breakpoint\" data-layout-breakpoint=\"750\" data-deep-links=\"true\" data-allow-multiple-open=\"false\" data-open-first-tab=\"false\" data-clean-content-level=\"basic_tags\" data-station-tabs=\"i0\" data-uuid=\"uxpy0fw\">\n<div class=\"station-tabs-tabset mod-indicators mod-indicators-chevrons mod-indicators-after\">\n<div id=\"station-tabs-tabpanel_ht-i0-t35\" class=\"station-tabs-tabpanel station-tabs-default-tabpanel is-active\" role=\"tabpanel\" aria-labelledby=\"station-tabs-tab_ht-i0-t35\" aria-hidden=\"false\">\n<div class=\"station-tabs-tabcontent\">\n<p><b>Nat\u00fcrliches Baby\u00f6l f\u00fcr empfindliche Haut<\/b><\/p>\n<p>Das INCIA Baby\u00f6l ist ein nat\u00fcrliches \u00d6l. Diese besteht aus Nachtkerze, Ringelblume und Aprikosenkern. Einige Vorteile des INCIA Baby\u00f6ls sind:<\/p>\n<ul>\n<li>feuchtigkeitsspendend und pflegend<\/li>\n<li>hypoallergen und dermatologisch getestet<\/li>\n<li>sehr gut geeignet f\u00fcr empfindliche Haut<\/li>\n<li>lindert Ekzeme, Juckreiz und Brennen<\/li>\n<li>kann auch als Bade\u00f6l, Haar\u00f6l und Massage\u00f6l verwendet werden<\/li>\n<\/ul>\n<p><b>Empfindliche Haut sch\u00fctzen<\/b><\/p>\n<p>INCIA Baby\u00f6l ist frei von Chemikalien und wird aus 100% nat\u00fcrlichen Inhaltsstoffen hergestellt. Und das ist wichtig! Die Haut eines Kindes ist viel empfindlicher als die eines Erwachsenen. Sie unterst\u00fctzen empfindliche Haut, indem Sie ihr die richtige Pflege geben.<\/p>\n<p>INCIA Baby\u00f6l bietet diese Pflege. Das \u00d6l eignet sich sogar sehr gut zur Linderung von Ekzemen, wie z.B. Berg auf der Kopfhaut des Babys.<\/p>\n<p>INCIA ist auch vollst\u00e4ndig hypoallergen. Dies bedeutet, dass das \u00d6l keine Substanzen enth\u00e4lt, die eine allergische Reaktion ausl\u00f6sen k\u00f6nnen. Sehr angenehm f\u00fcr empfindliche Babyhaut!<\/p>\n<p><b>Warum ein nat\u00fcrliches \u00d6l verwenden?<\/b><\/p>\n<p>Ganz einfach: Nat\u00fcrliches \u00d6l enth\u00e4lt keine gef\u00e4hrlichen Stoffe. Viele Baby\u00f6le behaupten, sanft zur Haut und pflegend zu sein. Die Zutatenliste enth\u00e4lt jedoch viele Chemikalien und synthetische Substanzen. Diese sorgen beispielsweise f\u00fcr eine schnellere Aufnahme in die Haut oder einen bestimmten Geruch. INCIA verwendet diese Substanzen nicht.<\/p>\n<p><b>Vitamin E \u00d6l<\/b><\/p>\n<p>Das INCIA Baby\u00f6l enth\u00e4lt kein BHT, BHA oder \u00e4hnliche synthetische Antioxidantien. Diese k\u00f6nnen normalerweise in anderen Arten von Baby\u00f6l gefunden werden. Jeder Tropfen des INCIA Baby\u00f6ls besteht aus nat\u00fcrlichen Substanzen. Daf\u00fcr gibt es einen Grund.<\/p>\n<p>Synthetische Antioxidantien haben m\u00f6gliche Nebenwirkungen. Die Stoffe k\u00f6nnen sich negativ auf das Wohlbefinden Ihres Babys auswirken.<\/p>\n<p>Gl\u00fccklicherweise bietet die Natur viele L\u00f6sungen. INCIA verwendet daher nat\u00fcrliche Alternativen zu diesen Substanzen. Anstelle von synthetischen Antioxidantien verwendet INCIA nat\u00fcrliches Vitamin E (Tocopherol) als wichtigen Inhaltsstoff. Dies verl\u00e4ngert unter anderem die Haltbarkeit der Produkte.<\/p>\n<p><i>INCIA Baby\u00f6l gibt der empfindlichen Haut Ihres Kindes die bestm\u00f6gliche Pflege!<\/i><\/p>\n<p><b>Inhalt pro Flasche<br \/>\n<\/b> 110 ml<\/p>\n<\/div>\n<\/div>\n<h4 class=\"station-tabs-tabtitle\"><strong><span id=\"station-tabs-tab_ht-i0-t39\" class=\"station-tabs-tab\" tabindex=\"-1\" role=\"tab\" aria-controls=\"station-tabs-tabpanel_ht-i0-t39\" data-slug=\"ingredienten\" aria-selected=\"false\"><span class=\"station-tabs-tabtext\">Zutaten<\/span><\/span><\/strong><\/h4>\n<div id=\"station-tabs-tabpanel_ht-i0-t39\" class=\"station-tabs-tabpanel\" role=\"tabpanel\" aria-labelledby=\"station-tabs-tab_ht-i0-t39\" aria-hidden=\"true\">\n<div class=\"station-tabs-tabcontent\">\n<p>Oliven\u00f6l, Jojoba\u00f6l, Ringelblumenmehl\u00f6l, S\u00fc\u00dfmandel\u00f6l, Aprikosenkern\u00f6l, Sesam\u00f6l, Weizenkeim\u00f6l, Mariendistelsamen\u00f6l, Vitamin E, Parf\u00fcm*, Linalool*, Limonen*, Geraniol*.<br \/>\n<b><br \/>\n<\/b>*nat\u00fcrlichen Ursprungs<b><br \/>\n<\/b><\/p>\n<\/div>\n<\/div>\n<h4 class=\"station-tabs-tabtitle\"><strong><span id=\"station-tabs-tab_ht-i0-t44\" class=\"station-tabs-tab\" tabindex=\"-1\" role=\"tab\" aria-controls=\"station-tabs-tabpanel_ht-i0-t44\" data-slug=\"gebruiksaanwijzing\" aria-selected=\"false\"><span class=\"station-tabs-tabtext\">Manuell<\/span><\/span><\/strong><\/h4>\n<div id=\"station-tabs-tabpanel_ht-i0-t44\" class=\"station-tabs-tabpanel\" role=\"tabpanel\" aria-labelledby=\"station-tabs-tab_ht-i0-t44\" aria-hidden=\"true\">\n<div class=\"station-tabs-tabcontent\">\n<p>Massieren Sie Ihr Baby ein, indem Sie zuerst das \u00d6l zwischen Ihren Handfl\u00e4chen erw\u00e4rmen. Tropfen Sie auch etwas Baby\u00f6l in das Badewasser f\u00fcr extra weiche Haut. Das Baby\u00f6l kann auch als Haar\u00f6l verwendet werden, um krauses Haar in Schach zu halten. Ideal f\u00fcr Babys, Kinder und Erwachsene!<\/p>\n<\/div>\n<\/div>\n<\/div>\n<div class=\"station-tabs-global-below\"><\/div>\n<\/div>\n<\/div>\n<\/div>\n<div class=\" product-block product-block--share product-block--share \">\n<div class=\"product-share\"><\/div>\n<\/div>\n","protected":false},"excerpt":{"rendered":"<p><b>Nat\u00fcrliches Baby\u00f6l f\u00fcr empfindliche Haut<\/b><\/p>\n<p>Das INCIA Baby\u00f6l ist ein nat\u00fcrliches \u00d6l. Diese besteht aus Nachtkerze, Ringelblume und Aprikosenkern. Einige Vorteile des INCIA Baby\u00f6ls sind:<\/p>\n<ul>\n<li>feuchtigkeitsspendend und pflegend<\/li>\n<li>hypoallergen und dermatologisch getestet<\/li>\n<li>sehr gut geeignet f\u00fcr empfindliche Haut<\/li>\n<li>lindert Ekzeme, Juckreiz und Brennen<\/li>\n<li>kann auch als Bade\u00f6l, Haar\u00f6l und Massage\u00f6l verwendet werden<\/li>\n<\/ul>\n","protected":false},"featured_media":214544,"comment_status":"open","ping_status":"closed","template":"","meta":{"_acf_changed":false},"product_cat":[9987,9988,8687,9290],"product_tag":[],"berocket_brand":[9679],"class_list":["post-214552","product","type-product","status-publish","has-post-thumbnail","hentry","product_cat-geschenk","product_cat-mutterschaftsgeschenk","product_cat-pflege","product_cat-pflege-produkte","product_shipping_class-pakket-de","berocket_brand-incia-de","fb_product_set-for-kids"],"acf":[],"aioseo_notices":[],"_links":{"self":[{"href":"https:\/\/glownaturalliving.com\/de\/wp-json\/wp\/v2\/product\/214552","targetHints":{"allow":["GET"]}}],"collection":[{"href":"https:\/\/glownaturalliving.com\/de\/wp-json\/wp\/v2\/product"}],"about":[{"href":"https:\/\/glownaturalliving.com\/de\/wp-json\/wp\/v2\/types\/product"}],"replies":[{"embeddable":true,"href":"https:\/\/glownaturalliving.com\/de\/wp-json\/wp\/v2\/comments?post=214552"}],"wp:featuredmedia":[{"embeddable":true,"href":"https:\/\/glownaturalliving.com\/de\/wp-json\/wp\/v2\/media\/214544"}],"wp:attachment":[{"href":"https:\/\/glownaturalliving.com\/de\/wp-json\/wp\/v2\/media?parent=214552"}],"wp:term":[{"taxonomy":"product_cat","embeddable":true,"href":"https:\/\/glownaturalliving.com\/de\/wp-json\/wp\/v2\/product_cat?post=214552"},{"taxonomy":"product_tag","embeddable":true,"href":"https:\/\/glownaturalliving.com\/de\/wp-json\/wp\/v2\/product_tag?post=214552"},{"taxonomy":"berocket_brand","embeddable":true,"href":"https:\/\/glownaturalliving.com\/de\/wp-json\/wp\/v2\/berocket_brand?post=214552"}],"curies":[{"name":"wp","href":"https:\/\/api.w.org\/{rel}","templated":true}]}}