{"id":215144,"date":"2023-04-18T12:21:03","date_gmt":"2023-04-18T11:21:03","guid":{"rendered":"https:\/\/glownaturalliving.com\/winkel\/unkategorisiert\/natur-konjak-bad-schwamm-walnuss-soft-peeling\/"},"modified":"2024-12-09T14:20:32","modified_gmt":"2024-12-09T13:20:32","slug":"natur-konjak-bad-schwamm-walnuss-soft-peeling","status":"publish","type":"product","link":"https:\/\/glownaturalliving.com\/de\/winkel\/geschenk\/fuer-sie\/natur-konjak-bad-schwamm-walnuss-soft-peeling\/","title":{"rendered":"Nat\u00fcrlicher Konjak-Badeschwamm Walnuss \u2013 Sanftes Peeling"},"content":{"rendered":"<p>Dies ist ein ganz besonderer Schwamm und enth\u00e4lt Partikel aus der Schale von Waln\u00fcssen. Diese sorgen f\u00fcr einen besonders angenehmen Peeling-Effekt.<\/p>\n<p>Der spezielle Badeschwamm hat Grate, so dass er zus\u00e4tzliche abgestorbene Hautzellen entfernt.<\/p>\n<p>Konjak-Schw\u00e4mme sind gro\u00dfartige nat\u00fcrliche Gesichts- und Hautreiniger mit unterschiedlichen Vorteilen f\u00fcr alle Hauttypen. Hergestellt aus der Wurzel der Konnyaku-Pflanze, die eine nat\u00fcrliche feuchtigkeitsspendende Wirkung hat und seit Jahrhunderten im Fernen Osten verwendet wird. Durch seine alkalischen Eigenschaften wirkt es \u00fcberraschend gut gegen Unreinheiten und \u00fcbersch\u00fcssigen Talg in der Haut. Eine \u00f6kologisch verantwortungsvolle Entscheidung.<\/p>\n<p>\u2013 Tierversuchsfrei<br \/>\n \u2013 100% nat\u00fcrlich<br \/>\n \u2013 Vegan<br \/>\n \u2013 Umweltfreundlich verpackt<br \/>\n \u2013 Plastikfreier Versand<\/p>\n<p>Der Naturschwamm muss gesch\u00fctzt werden und enth\u00e4lt daher eine spezielle POF-Folie, die zu 100% recycelbar ist. Dann verpackt in eine Schachtel Recyclingpapier.<\/p>\n<p>Abmessungen trocken +\/- 20 mm hoch x 60 x 100 mm Abmessungen nach dem Einweichen in Wasser +\/- 35 mm hoch x 70 x 125 mm<\/p>\n<p><strong>Zutaten<\/strong><\/p>\n<p>98% nat\u00fcrliche Pflanzenfaser (Wurzel der Konnyaku-Pflanze), 2% nat\u00fcrliche Walnussschale<\/p>\n<p><strong>\u00dcber Elicious<\/strong><\/p>\n<p>Elicious steht f\u00fcr nachhaltige, umweltfreundliche Produkte, die bezahlbar sind. Unsere Produkte werden aus gesunden Zutaten hergestellt, die immer klar gekennzeichnet sind. Sie sind frei von Parabenen, Sulfaten, giftigen Chemikalien und unn\u00f6tigen Zusatzstoffen \u2013 schlicht und einfach&#8230;. nur Elicious<\/p>\n","protected":false},"excerpt":{"rendered":"<p>Dies ist ein ganz besonderer Schwamm und enth\u00e4lt Partikel aus der Schale von Waln\u00fcssen. Diese sorgen f\u00fcr einen besonders angenehmen Peeling-Effekt.<\/p>\n","protected":false},"featured_media":215133,"comment_status":"open","ping_status":"closed","template":"","meta":{"_acf_changed":false},"product_cat":[9998,9987,4604,8687,9290],"product_tag":[],"berocket_brand":[9839],"class_list":["post-215144","product","type-product","status-publish","has-post-thumbnail","hentry","product_cat-fuer-sie","product_cat-geschenk","product_cat-neu","product_cat-pflege","product_cat-pflege-produkte","product_shipping_class-pakket-de","berocket_brand-elicious"],"acf":[],"aioseo_notices":[],"_links":{"self":[{"href":"https:\/\/glownaturalliving.com\/de\/wp-json\/wp\/v2\/product\/215144","targetHints":{"allow":["GET"]}}],"collection":[{"href":"https:\/\/glownaturalliving.com\/de\/wp-json\/wp\/v2\/product"}],"about":[{"href":"https:\/\/glownaturalliving.com\/de\/wp-json\/wp\/v2\/types\/product"}],"replies":[{"embeddable":true,"href":"https:\/\/glownaturalliving.com\/de\/wp-json\/wp\/v2\/comments?post=215144"}],"wp:featuredmedia":[{"embeddable":true,"href":"https:\/\/glownaturalliving.com\/de\/wp-json\/wp\/v2\/media\/215133"}],"wp:attachment":[{"href":"https:\/\/glownaturalliving.com\/de\/wp-json\/wp\/v2\/media?parent=215144"}],"wp:term":[{"taxonomy":"product_cat","embeddable":true,"href":"https:\/\/glownaturalliving.com\/de\/wp-json\/wp\/v2\/product_cat?post=215144"},{"taxonomy":"product_tag","embeddable":true,"href":"https:\/\/glownaturalliving.com\/de\/wp-json\/wp\/v2\/product_tag?post=215144"},{"taxonomy":"berocket_brand","embeddable":true,"href":"https:\/\/glownaturalliving.com\/de\/wp-json\/wp\/v2\/berocket_brand?post=215144"}],"curies":[{"name":"wp","href":"https:\/\/api.w.org\/{rel}","templated":true}]}}